{"id":62886,"date":"2026-04-03T01:37:24","date_gmt":"2026-04-02T22:37:24","guid":{"rendered":"http:\/\/new.ceasuri.md\/shop\/uncategorized\/fossil-neutra-fs5963\/"},"modified":"2026-04-07T05:14:45","modified_gmt":"2026-04-07T02:14:45","slug":"fossil-neutra-fs5963","status":"publish","type":"product","link":"https:\/\/ceasuri.md\/ru\/shop\/branduri\/fossil\/fossil-neutra-fs5963\/","title":{"rendered":"Ceas FOSSIL NEUTRA FS5963"},"content":{"rendered":"<p>Ceasul cronograf Neutra \u00eentruchipeaz\u0103 echilibrul arhitectural \u0219i \u00eencrederea modern\u0103, creat pentru cei care apreciaz\u0103 estetica \u00een fiecare detaliu.<\/p>\n<p>Acest model are un cadran verde mat distinctiv, conferindu-i un aspect rafinat \u0219i diferen\u021biindu-l dramatic de designurile clasice.<\/p>\n<p>Carcasa accentueaz\u0103 caracterul masculin al modelului, \u00een timp ce func\u021bia cronograf adaug\u0103 sofisticare tehnic\u0103 \u0219i func\u021bionalitate pentru un stil de via\u021b\u0103 activ.<\/p>\n<p>O aten\u021bie deosebit\u0103 a fost acordat\u0103 calit\u0103\u021bii materialelor: cureaua maro deschis este realizat\u0103 din piele LiteHide de \u00eenalt\u0103 calitate, produs\u0103 conform unor standarde stricte de sustenabilitate (LWG).<\/p>\n<p>Acest ceas va fi un complement perfect at\u00e2t pentru un costum business, c\u00e2t \u0219i pentru o \u021binut\u0103 casual, subliniind statutul \u00eenalt al proprietarului s\u0103u.<\/p>","protected":false},"excerpt":{"rendered":"<p>Ceasul cronograf Neutra \u00eentruchipeaz\u0103 echilibrul arhitectural \u0219i \u00eencrederea modern\u0103, creat pentru cei care apreciaz\u0103 estetica \u00een fiecare detaliu. Acest model are un cadran verde mat distinctiv, conferindu-i un aspect rafinat \u0219i diferen\u021biindu-l dramatic de designurile clasice. Carcasa accentueaz\u0103 caracterul masculin al modelului, \u00een timp ce func\u021bia cronograf adaug\u0103 sofisticare tehnic\u0103 \u0219i func\u021bionalitate pentru un stil [&hellip;]<\/p>\n","protected":false},"featured_media":62887,"comment_status":"closed","ping_status":"open","template":"","meta":{"_acf_changed":false},"product_brand":[],"product_cat":[20,396],"product_tag":[],"class_list":{"0":"post-62886","1":"product","2":"type-product","3":"status-publish","4":"has-post-thumbnail","6":"product_cat-ceasuri-barbati","7":"product_cat-fossil","8":"pa_brand-fossil","9":"pa_braslet-piele","10":"pa_corpus-44-mm","11":"pa_forma-rotund","12":"pa_funcii-cronograf","13":"pa_funcii-data","14":"pa_garatia-24-luni","15":"pa_korpus-argintiu","16":"pa_material-otel-inoxidabil","17":"pa_mehanizm-quartz","18":"pa_remeshok-maro","19":"pa_steklo-cristal-mineral","20":"pa_strana-sua","21":"pa_voda-5-atm","23":"first","24":"instock","25":"purchasable","26":"product-type-simple"},"acf":[],"_links":{"self":[{"href":"https:\/\/ceasuri.md\/ru\/wp-json\/wp\/v2\/product\/62886","targetHints":{"allow":["GET"]}}],"collection":[{"href":"https:\/\/ceasuri.md\/ru\/wp-json\/wp\/v2\/product"}],"about":[{"href":"https:\/\/ceasuri.md\/ru\/wp-json\/wp\/v2\/types\/product"}],"replies":[{"embeddable":true,"href":"https:\/\/ceasuri.md\/ru\/wp-json\/wp\/v2\/comments?post=62886"}],"wp:featuredmedia":[{"embeddable":true,"href":"https:\/\/ceasuri.md\/ru\/wp-json\/wp\/v2\/media\/62887"}],"wp:attachment":[{"href":"https:\/\/ceasuri.md\/ru\/wp-json\/wp\/v2\/media?parent=62886"}],"wp:term":[{"taxonomy":"product_brand","embeddable":true,"href":"https:\/\/ceasuri.md\/ru\/wp-json\/wp\/v2\/product_brand?post=62886"},{"taxonomy":"product_cat","embeddable":true,"href":"https:\/\/ceasuri.md\/ru\/wp-json\/wp\/v2\/product_cat?post=62886"},{"taxonomy":"product_tag","embeddable":true,"href":"https:\/\/ceasuri.md\/ru\/wp-json\/wp\/v2\/product_tag?post=62886"}],"curies":[{"name":"wp","href":"https:\/\/api.w.org\/{rel}","templated":true}]}}