{"id":62881,"date":"2026-04-03T01:37:24","date_gmt":"2026-04-02T22:37:24","guid":{"rendered":"http:\/\/new.ceasuri.md\/shop\/uncategorized\/fossil-everett-fs5965\/"},"modified":"2026-04-07T05:14:44","modified_gmt":"2026-04-07T02:14:44","slug":"fossil-everett-fs5965","status":"publish","type":"product","link":"https:\/\/ceasuri.md\/ru\/shop\/branduri\/fossil\/fossil-everett-fs5965\/","title":{"rendered":"Ceas FOSSIL EVERETT FS5965"},"content":{"rendered":"<p>Everett este \u00eentruchiparea luxului modern \u0219i a stilului \u00eendr\u0103zne\u021b, creat pentru cei care apreciaz\u0103 accesoriile prestigioase \u00eentr-un design monocrom.<\/p>\n<p>Caracteristica unic\u0103 a acestui model este culoarea sa aurie elegant\u0103, care une\u0219te carcasa \u0219i br\u0103\u021bara din o\u021bel inoxidabil \u00eentr-o singur\u0103 compozi\u021bie armonioas\u0103.<\/p>\n<p>Cadranul auriu creeaz\u0103 un accent vizual special, captiv\u00e2nd purt\u0103torul cu fiecare mi\u0219care a \u00eencheieturii m\u00e2inii, eviden\u021biind caracterul premium al piesei.<\/p>\n<p>Carcasa se potrive\u0219te perfect, asigur\u00e2nd confort \u0219i \u00eencredere.<\/p>\n<p>Acesta nu este doar un ceas original cu un afi\u0219aj practic pentru dat\u0103, ci un accesoriu cu adev\u0103rat elegant, care poate deveni un element cheie al look-ului b\u0103rbatului modern.<\/p>","protected":false},"excerpt":{"rendered":"<p>Everett este \u00eentruchiparea luxului modern \u0219i a stilului \u00eendr\u0103zne\u021b, creat pentru cei care apreciaz\u0103 accesoriile prestigioase \u00eentr-un design monocrom. Caracteristica unic\u0103 a acestui model este culoarea sa aurie elegant\u0103, care une\u0219te carcasa \u0219i br\u0103\u021bara din o\u021bel inoxidabil \u00eentr-o singur\u0103 compozi\u021bie armonioas\u0103. Cadranul auriu creeaz\u0103 un accent vizual special, captiv\u00e2nd purt\u0103torul cu fiecare mi\u0219care a \u00eencheieturii [&hellip;]<\/p>\n","protected":false},"featured_media":62882,"comment_status":"closed","ping_status":"open","template":"","meta":{"_acf_changed":false},"product_brand":[],"product_cat":[20,396],"product_tag":[],"class_list":{"0":"post-62881","1":"product","2":"type-product","3":"status-publish","4":"has-post-thumbnail","6":"product_cat-ceasuri-barbati","7":"product_cat-fossil","8":"pa_brand-fossil","9":"pa_braslet-otel-inoxidabil","10":"pa_corpus-42-mm","11":"pa_forma-rotund","12":"pa_funcii-data","13":"pa_garatia-24-luni","14":"pa_korpus-auriu","15":"pa_material-otel-inoxidabil","16":"pa_mehanizm-quartz","17":"pa_remeshok-auriu","18":"pa_steklo-cristal-mineral","19":"pa_strana-sua","20":"pa_voda-5-atm","22":"first","23":"instock","24":"purchasable","25":"product-type-simple"},"acf":[],"_links":{"self":[{"href":"https:\/\/ceasuri.md\/ru\/wp-json\/wp\/v2\/product\/62881","targetHints":{"allow":["GET"]}}],"collection":[{"href":"https:\/\/ceasuri.md\/ru\/wp-json\/wp\/v2\/product"}],"about":[{"href":"https:\/\/ceasuri.md\/ru\/wp-json\/wp\/v2\/types\/product"}],"replies":[{"embeddable":true,"href":"https:\/\/ceasuri.md\/ru\/wp-json\/wp\/v2\/comments?post=62881"}],"wp:featuredmedia":[{"embeddable":true,"href":"https:\/\/ceasuri.md\/ru\/wp-json\/wp\/v2\/media\/62882"}],"wp:attachment":[{"href":"https:\/\/ceasuri.md\/ru\/wp-json\/wp\/v2\/media?parent=62881"}],"wp:term":[{"taxonomy":"product_brand","embeddable":true,"href":"https:\/\/ceasuri.md\/ru\/wp-json\/wp\/v2\/product_brand?post=62881"},{"taxonomy":"product_cat","embeddable":true,"href":"https:\/\/ceasuri.md\/ru\/wp-json\/wp\/v2\/product_cat?post=62881"},{"taxonomy":"product_tag","embeddable":true,"href":"https:\/\/ceasuri.md\/ru\/wp-json\/wp\/v2\/product_tag?post=62881"}],"curies":[{"name":"wp","href":"https:\/\/api.w.org\/{rel}","templated":true}]}}