{"id":62876,"date":"2026-04-03T01:37:24","date_gmt":"2026-04-02T22:37:24","guid":{"rendered":"http:\/\/new.ceasuri.md\/shop\/uncategorized\/fossil-machine-fs5972\/"},"modified":"2026-04-07T05:14:44","modified_gmt":"2026-04-07T02:14:44","slug":"fossil-machine-fs5972","status":"publish","type":"product","link":"https:\/\/ceasuri.md\/ru\/shop\/branduri\/fossil\/fossil-machine-fs5972\/","title":{"rendered":"Ceas FOSSIL MACHINE FS5972"},"content":{"rendered":"<p>Ceasul Fossil Machine este o combina\u021bie puternic\u0103 de estetic\u0103 industrial\u0103 \u0219i elegan\u021b\u0103 modern\u0103, creat\u0103 special pentru b\u0103rba\u021bii \u00eencrez\u0103tori care apreciaz\u0103 accesoriile cu un caracter puternic.<\/p>\n<p>Tr\u0103s\u0103tura distinctiv\u0103 a acestui model este carcasa impresionant\u0103 de 49 mm, care, \u00eempreun\u0103 cu un cadran negru, creeaz\u0103 un aspect unic, robust, dar sofisticat.<\/p>\n<p>Structura cadranului capteaz\u0103 lumina frumos, eviden\u021biind profunzimea designului \u0219i transform\u00e2nd acest ceas unic \u00eentr-un adev\u0103rat punct de atrac\u021bie vizual\u0103.<\/p>\n<p>Acest model este echipat cu un mecanism fiabil \u0219i un afi\u0219aj practic pentru dat\u0103, ceea ce face din acest accesoriu elegant un companion indispensabil de zi cu zi.<\/p>","protected":false},"excerpt":{"rendered":"<p>Ceasul Fossil Machine este o combina\u021bie puternic\u0103 de estetic\u0103 industrial\u0103 \u0219i elegan\u021b\u0103 modern\u0103, creat\u0103 special pentru b\u0103rba\u021bii \u00eencrez\u0103tori care apreciaz\u0103 accesoriile cu un caracter puternic. Tr\u0103s\u0103tura distinctiv\u0103 a acestui model este carcasa impresionant\u0103 de 49 mm, care, \u00eempreun\u0103 cu un cadran negru, creeaz\u0103 un aspect unic, robust, dar sofisticat. Structura cadranului capteaz\u0103 lumina frumos, eviden\u021biind [&hellip;]<\/p>\n","protected":false},"featured_media":62877,"comment_status":"closed","ping_status":"open","template":"","meta":{"_acf_changed":false},"product_brand":[],"product_cat":[20,396],"product_tag":[],"class_list":{"0":"post-62876","1":"product","2":"type-product","3":"status-publish","4":"has-post-thumbnail","6":"product_cat-ceasuri-barbati","7":"product_cat-fossil","8":"pa_brand-fossil","9":"pa_braslet-piele","10":"pa_corpus-49-mm","11":"pa_forma-rotund","12":"pa_funcii-data","13":"pa_garatia-24-luni","14":"pa_korpus-negru","15":"pa_material-otel-inoxidabil","16":"pa_mehanizm-quartz","17":"pa_remeshok-maro","18":"pa_steklo-cristal-mineral","19":"pa_strana-sua","20":"pa_voda-10-atm","22":"first","23":"instock","24":"purchasable","25":"product-type-simple"},"acf":[],"_links":{"self":[{"href":"https:\/\/ceasuri.md\/ru\/wp-json\/wp\/v2\/product\/62876","targetHints":{"allow":["GET"]}}],"collection":[{"href":"https:\/\/ceasuri.md\/ru\/wp-json\/wp\/v2\/product"}],"about":[{"href":"https:\/\/ceasuri.md\/ru\/wp-json\/wp\/v2\/types\/product"}],"replies":[{"embeddable":true,"href":"https:\/\/ceasuri.md\/ru\/wp-json\/wp\/v2\/comments?post=62876"}],"wp:featuredmedia":[{"embeddable":true,"href":"https:\/\/ceasuri.md\/ru\/wp-json\/wp\/v2\/media\/62877"}],"wp:attachment":[{"href":"https:\/\/ceasuri.md\/ru\/wp-json\/wp\/v2\/media?parent=62876"}],"wp:term":[{"taxonomy":"product_brand","embeddable":true,"href":"https:\/\/ceasuri.md\/ru\/wp-json\/wp\/v2\/product_brand?post=62876"},{"taxonomy":"product_cat","embeddable":true,"href":"https:\/\/ceasuri.md\/ru\/wp-json\/wp\/v2\/product_cat?post=62876"},{"taxonomy":"product_tag","embeddable":true,"href":"https:\/\/ceasuri.md\/ru\/wp-json\/wp\/v2\/product_tag?post=62876"}],"curies":[{"name":"wp","href":"https:\/\/api.w.org\/{rel}","templated":true}]}}