{"id":62871,"date":"2026-04-03T01:37:24","date_gmt":"2026-04-02T22:37:24","guid":{"rendered":"http:\/\/new.ceasuri.md\/shop\/uncategorized\/fossil-carraway-fs6011\/"},"modified":"2026-04-20T01:58:22","modified_gmt":"2026-04-19T22:58:22","slug":"fossil-carraway-fs6011","status":"publish","type":"product","link":"https:\/\/ceasuri.md\/ru\/shop\/branduri\/fossil\/fossil-carraway-fs6011\/","title":{"rendered":"\u0427\u0430\u0441\u044b FOSSIL CARRAWAY FS6011"},"content":{"rendered":"<p>O capodoper\u0103, meticulos realizat\u0103 p\u00e2n\u0103 la cel mai mic detaliu, considerat\u0103 pe bun\u0103 dreptate un clasic. Acest model este conceput pentru cei care pre\u021buiesc armonia dintre estetic\u0103 \u0219i confortul excep\u021bional.<\/p>\n<p>Caracteristica unic\u0103 a acestui ceas este carcasa curbat\u0103 anatomic, care \u00eembr\u0103\u021bi\u0219eaz\u0103 gra\u021bios \u00eencheietura m\u00e2inii, oferind un confort de neegalat \u0219i o potrivire perfect\u0103.<\/p>\n<p>Cadranul adaug\u0103 profunzime vizual\u0103 \u0219i aristocra\u021bie accesoriului, transform\u00e2ndu-l \u00eentr-o pies\u0103 cu adev\u0103rat elegant\u0103.<\/p>\n<p>O aten\u021bie deosebit\u0103 a fost acordat\u0103 calit\u0103\u021bii materialelor: cureaua din piele este realizat\u0103 conform standardelor \u00eenalte de mediu ale Leather Working Group (LWG).<\/p>\n<p>Acest ceas va fi complementul perfect pentru imaginea unui b\u0103rbat \u00eencrez\u0103tor care pre\u021buie\u0219te elegan\u021ba atemporal\u0103.<\/p>","protected":false},"excerpt":{"rendered":"<p>O capodoper\u0103, meticulos realizat\u0103 p\u00e2n\u0103 la cel mai mic detaliu, considerat\u0103 pe bun\u0103 dreptate un clasic. Acest model este conceput pentru cei care pre\u021buiesc armonia dintre estetic\u0103 \u0219i confortul excep\u021bional. Caracteristica unic\u0103 a acestui ceas este carcasa curbat\u0103 anatomic, care \u00eembr\u0103\u021bi\u0219eaz\u0103 gra\u021bios \u00eencheietura m\u00e2inii, oferind un confort de neegalat \u0219i o potrivire perfect\u0103. Cadranul adaug\u0103 [&hellip;]<\/p>\n","protected":false},"featured_media":62872,"comment_status":"closed","ping_status":"open","template":"","meta":{"_acf_changed":false},"product_brand":[],"product_cat":[20,396],"product_tag":[],"class_list":{"0":"post-62871","1":"product","2":"type-product","3":"status-publish","4":"has-post-thumbnail","6":"product_cat-ceasuri-barbati","7":"product_cat-fossil","8":"pa_brand-fossil","9":"pa_braslet-piele","10":"pa_corpus-30x35mm","11":"pa_forma-dreptunghiular","12":"pa_garatia-24-luni","13":"pa_korpus-auriu","14":"pa_kvarc-quartz","15":"pa_material-otel-inoxidabil","16":"pa_mehanizm-quartz","17":"pa_remeshok-maro","18":"pa_steklo-cristal-mineral","19":"pa_strana-sua","20":"pa_voda-5-atm","22":"first","23":"instock","24":"purchasable","25":"product-type-simple"},"acf":[],"_links":{"self":[{"href":"https:\/\/ceasuri.md\/ru\/wp-json\/wp\/v2\/product\/62871","targetHints":{"allow":["GET"]}}],"collection":[{"href":"https:\/\/ceasuri.md\/ru\/wp-json\/wp\/v2\/product"}],"about":[{"href":"https:\/\/ceasuri.md\/ru\/wp-json\/wp\/v2\/types\/product"}],"replies":[{"embeddable":true,"href":"https:\/\/ceasuri.md\/ru\/wp-json\/wp\/v2\/comments?post=62871"}],"wp:featuredmedia":[{"embeddable":true,"href":"https:\/\/ceasuri.md\/ru\/wp-json\/wp\/v2\/media\/62872"}],"wp:attachment":[{"href":"https:\/\/ceasuri.md\/ru\/wp-json\/wp\/v2\/media?parent=62871"}],"wp:term":[{"taxonomy":"product_brand","embeddable":true,"href":"https:\/\/ceasuri.md\/ru\/wp-json\/wp\/v2\/product_brand?post=62871"},{"taxonomy":"product_cat","embeddable":true,"href":"https:\/\/ceasuri.md\/ru\/wp-json\/wp\/v2\/product_cat?post=62871"},{"taxonomy":"product_tag","embeddable":true,"href":"https:\/\/ceasuri.md\/ru\/wp-json\/wp\/v2\/product_tag?post=62871"}],"curies":[{"name":"wp","href":"https:\/\/api.w.org\/{rel}","templated":true}]}}