{"id":62866,"date":"2026-04-03T01:37:24","date_gmt":"2026-04-02T22:37:24","guid":{"rendered":"http:\/\/new.ceasuri.md\/shop\/uncategorized\/fossil-sport-tourer-fs6048\/"},"modified":"2026-04-20T01:58:23","modified_gmt":"2026-04-19T22:58:23","slug":"fossil-sport-tourer-fs6048","status":"publish","type":"product","link":"https:\/\/ceasuri.md\/ru\/shop\/branduri\/fossil\/fossil-sport-tourer-fs6048\/","title":{"rendered":"Ceas FOSSIL SPORT TOURER FS6048"},"content":{"rendered":"<p>Ceasul b\u0103rb\u0103tesc Sport Tourer \u00eentruchipeaz\u0103 energia palpitant\u0103 a sporturilor cu motor \u0219i func\u021bionalitatea impecabil\u0103, creat pentru cei care tr\u0103iesc la viteze mari.<\/p>\n<p>Conceput pentru a combina performan\u021ba profesional\u0103 \u00een curse cu stilul contemporan, acest ceas prezint\u0103 o lunet\u0103 robust\u0103 cu o scal\u0103 tahimetric\u0103, transform\u00e2nd accesoriul \u00eentr-un instrument fiabil pentru m\u0103surarea vitezei.<\/p>\n<p>\u00cen inima modelului se afl\u0103 un mecanism cronograf japonez de \u00eenalt\u0103 precizie, cu un modul central suplimentar, garant\u00e2nd o precizie \u0219i o fiabilitate excep\u021bionale \u00een orice condi\u021bii.<\/p>\n<p>O aten\u021bie deosebit\u0103 la detalii a fost acordat\u0103 urm\u0103toarelor aspecte: indexurile orare cu un strat luminescent str\u0103lucitor asigur\u0103 o lizibilitate excelent\u0103 chiar \u0219i \u00een \u00eentuneric complet, subliniind caracterul dinamic al modelului.<\/p>\n<p>Acest ceas va deveni companionul t\u0103u fidel.<\/p>","protected":false},"excerpt":{"rendered":"<p>Ceasul b\u0103rb\u0103tesc Sport Tourer \u00eentruchipeaz\u0103 energia palpitant\u0103 a sporturilor cu motor \u0219i func\u021bionalitatea impecabil\u0103, creat pentru cei care tr\u0103iesc la viteze mari. Conceput pentru a combina performan\u021ba profesional\u0103 \u00een curse cu stilul contemporan, acest ceas prezint\u0103 o lunet\u0103 robust\u0103 cu o scal\u0103 tahimetric\u0103, transform\u00e2nd accesoriul \u00eentr-un instrument fiabil pentru m\u0103surarea vitezei. \u00cen inima modelului se [&hellip;]<\/p>\n","protected":false},"featured_media":62867,"comment_status":"closed","ping_status":"open","template":"","meta":{"_acf_changed":false},"product_brand":[],"product_cat":[20,396],"product_tag":[],"class_list":{"0":"post-62866","1":"product","2":"type-product","3":"status-publish","4":"has-post-thumbnail","6":"product_cat-ceasuri-barbati","7":"product_cat-fossil","8":"pa_brand-fossil","9":"pa_braslet-otel-inoxidabil","10":"pa_corpus-42-mm","11":"pa_forma-rotund","12":"pa_funcii-cronograf","13":"pa_funcii-data","14":"pa_funcii-tahimetru","15":"pa_garatia-24-luni","16":"pa_korpus-argintiu","17":"pa_kvarc-quartz","18":"pa_material-otel-inoxidabil","19":"pa_mehanizm-quartz","20":"pa_remeshok-argintiu","21":"pa_steklo-cristal-mineral","22":"pa_strana-sua","23":"pa_voda-5-atm","25":"first","26":"instock","27":"purchasable","28":"product-type-simple"},"acf":[],"_links":{"self":[{"href":"https:\/\/ceasuri.md\/ru\/wp-json\/wp\/v2\/product\/62866","targetHints":{"allow":["GET"]}}],"collection":[{"href":"https:\/\/ceasuri.md\/ru\/wp-json\/wp\/v2\/product"}],"about":[{"href":"https:\/\/ceasuri.md\/ru\/wp-json\/wp\/v2\/types\/product"}],"replies":[{"embeddable":true,"href":"https:\/\/ceasuri.md\/ru\/wp-json\/wp\/v2\/comments?post=62866"}],"wp:featuredmedia":[{"embeddable":true,"href":"https:\/\/ceasuri.md\/ru\/wp-json\/wp\/v2\/media\/62867"}],"wp:attachment":[{"href":"https:\/\/ceasuri.md\/ru\/wp-json\/wp\/v2\/media?parent=62866"}],"wp:term":[{"taxonomy":"product_brand","embeddable":true,"href":"https:\/\/ceasuri.md\/ru\/wp-json\/wp\/v2\/product_brand?post=62866"},{"taxonomy":"product_cat","embeddable":true,"href":"https:\/\/ceasuri.md\/ru\/wp-json\/wp\/v2\/product_cat?post=62866"},{"taxonomy":"product_tag","embeddable":true,"href":"https:\/\/ceasuri.md\/ru\/wp-json\/wp\/v2\/product_tag?post=62866"}],"curies":[{"name":"wp","href":"https:\/\/api.w.org\/{rel}","templated":true}]}}