{"id":62861,"date":"2026-04-03T01:37:24","date_gmt":"2026-04-02T22:37:24","guid":{"rendered":"http:\/\/new.ceasuri.md\/shop\/uncategorized\/fossil-everett-fs6071\/"},"modified":"2026-04-15T21:27:59","modified_gmt":"2026-04-15T18:27:59","slug":"fossil-everett-fs6071","status":"publish","type":"product","link":"https:\/\/ceasuri.md\/ru\/shop\/branduri\/fossil\/fossil-everett-fs6071\/","title":{"rendered":"Ceas FOSSIL EVERETT FS6071"},"content":{"rendered":"<p>O combina\u021bie armonioas\u0103 \u00eentre estetica clasic\u0103 \u0219i standardele moderne de calitate, creat\u0103 pentru b\u0103rba\u021bii \u00eencrez\u0103tori.<\/p>\n<p>Cadranul alb-crem rafinat confer\u0103 acestui accesoriu un caracter vintage rafinat.<\/p>\n<p>Carcasa se potrive\u0219te perfect oric\u0103rei \u00eencheieturi, subliniind statutul \u0219i individualitatea proprietarului s\u0103u.<\/p>\n<p>O aten\u021bie deosebit\u0103 a fost acordat\u0103 calit\u0103\u021bii materialelor: cureaua maro este fabricat\u0103 din piele natural\u0103, produs\u0103 \u00een conformitate cu standardele de mediu ale Leather Working Group (LWG).<\/p>\n<p>Acest ceas dispune de un mecanism precis cu un afi\u0219aj practic al datei, ceea ce \u00eel face un instrument fiabil de gestionare a timpului.<\/p>","protected":false},"excerpt":{"rendered":"<p>O combina\u021bie armonioas\u0103 \u00eentre estetica clasic\u0103 \u0219i standardele moderne de calitate, creat\u0103 pentru b\u0103rba\u021bii \u00eencrez\u0103tori. Cadranul alb-crem rafinat confer\u0103 acestui accesoriu un caracter vintage rafinat. Carcasa se potrive\u0219te perfect oric\u0103rei \u00eencheieturi, subliniind statutul \u0219i individualitatea proprietarului s\u0103u. O aten\u021bie deosebit\u0103 a fost acordat\u0103 calit\u0103\u021bii materialelor: cureaua maro este fabricat\u0103 din piele natural\u0103, produs\u0103 \u00een conformitate [&hellip;]<\/p>\n","protected":false},"featured_media":62862,"comment_status":"closed","ping_status":"open","template":"","meta":{"_acf_changed":false},"product_brand":[],"product_cat":[20,396],"product_tag":[],"class_list":{"0":"post-62861","1":"product","2":"type-product","3":"status-publish","4":"has-post-thumbnail","6":"product_cat-ceasuri-barbati","7":"product_cat-fossil","8":"pa_brand-fossil","9":"pa_braslet-piele","10":"pa_corpus-42-mm","11":"pa_forma-rotund","12":"pa_funcii-data","13":"pa_garatia-24-luni","14":"pa_korpus-argintiu","15":"pa_kvarc-quartz","16":"pa_material-otel-inoxidabil","17":"pa_mehanizm-quartz","18":"pa_remeshok-maro","19":"pa_steklo-cristal-mineral","20":"pa_strana-sua","21":"pa_voda-5-atm","23":"first","24":"instock","25":"purchasable","26":"product-type-simple"},"acf":[],"_links":{"self":[{"href":"https:\/\/ceasuri.md\/ru\/wp-json\/wp\/v2\/product\/62861","targetHints":{"allow":["GET"]}}],"collection":[{"href":"https:\/\/ceasuri.md\/ru\/wp-json\/wp\/v2\/product"}],"about":[{"href":"https:\/\/ceasuri.md\/ru\/wp-json\/wp\/v2\/types\/product"}],"replies":[{"embeddable":true,"href":"https:\/\/ceasuri.md\/ru\/wp-json\/wp\/v2\/comments?post=62861"}],"wp:featuredmedia":[{"embeddable":true,"href":"https:\/\/ceasuri.md\/ru\/wp-json\/wp\/v2\/media\/62862"}],"wp:attachment":[{"href":"https:\/\/ceasuri.md\/ru\/wp-json\/wp\/v2\/media?parent=62861"}],"wp:term":[{"taxonomy":"product_brand","embeddable":true,"href":"https:\/\/ceasuri.md\/ru\/wp-json\/wp\/v2\/product_brand?post=62861"},{"taxonomy":"product_cat","embeddable":true,"href":"https:\/\/ceasuri.md\/ru\/wp-json\/wp\/v2\/product_cat?post=62861"},{"taxonomy":"product_tag","embeddable":true,"href":"https:\/\/ceasuri.md\/ru\/wp-json\/wp\/v2\/product_tag?post=62861"}],"curies":[{"name":"wp","href":"https:\/\/api.w.org\/{rel}","templated":true}]}}