{"id":62855,"date":"2026-04-03T01:37:24","date_gmt":"2026-04-02T22:37:24","guid":{"rendered":"http:\/\/new.ceasuri.md\/shop\/uncategorized\/fossil-everett-fs6080set\/"},"modified":"2026-04-07T05:14:40","modified_gmt":"2026-04-07T02:14:40","slug":"fossil-everett-fs6080set","status":"publish","type":"product","link":"https:\/\/ceasuri.md\/ru\/shop\/branduri\/fossil\/fossil-everett-fs6080set\/","title":{"rendered":"Ceas FOSSIL EVERETT FS6080SET"},"content":{"rendered":"<p>Acest set cadou de ceasuri b\u0103rb\u0103te\u0219ti este o solu\u021bie gata f\u0103cut\u0103 pentru a crea un look unic \u0219i masculin \u00een acest sezon. Caracteristica sa unic\u0103 este \u00eembinarea armonioas\u0103 dintre estetica sportiv\u0103 \u0219i energia natural\u0103 a pietrelor naturale.<\/p>\n<p>Ceasul captiveaz\u0103 cu cadranul s\u0103u verde bogat \u0219i indicii distinctivi, care nu numai c\u0103 asigur\u0103 o lizibilitate excelent\u0103, dar creeaz\u0103 \u0219i un accent vizual special pe \u00eencheietura m\u00e2inii.<\/p>\n<p>Setul este completat de o br\u0103\u021bar\u0103 elegant\u0103 \u00eempodobit\u0103 cu m\u0103rgele naturale de ochi de tigru. Aceast\u0103 piatr\u0103, cu textura sa unic\u0103, adaug\u0103 individualitate \u0219i profunzime setului, complet\u00e2nd perfect nuan\u021ba cald\u0103 de maro a curelei de piele.<\/p>\n<p>Acesta nu este doar un ceas original, ci un accesoriu complet \u0219i elegant pentru b\u0103rbatul modern care apreciaz\u0103 detaliile atent g\u00e2ndite.<\/p>\n<p>Dac\u0103 sunte\u021bi \u00een c\u0103utarea cadoului perfect care s\u0103 impresioneze prin estetic\u0103 \u0219i m\u0103iestria sa, acest set cadou este alegerea dumneavoastr\u0103 inconfundabil\u0103.<\/p>","protected":false},"excerpt":{"rendered":"<p>Acest set cadou de ceasuri b\u0103rb\u0103te\u0219ti este o solu\u021bie gata f\u0103cut\u0103 pentru a crea un look unic \u0219i masculin \u00een acest sezon. Caracteristica sa unic\u0103 este \u00eembinarea armonioas\u0103 dintre estetica sportiv\u0103 \u0219i energia natural\u0103 a pietrelor naturale. Ceasul captiveaz\u0103 cu cadranul s\u0103u verde bogat \u0219i indicii distinctivi, care nu numai c\u0103 asigur\u0103 o lizibilitate excelent\u0103, [&hellip;]<\/p>\n","protected":false},"featured_media":62856,"comment_status":"closed","ping_status":"open","template":"","meta":{"_acf_changed":false},"product_brand":[],"product_cat":[20,396],"product_tag":[],"class_list":{"0":"post-62855","1":"product","2":"type-product","3":"status-publish","4":"has-post-thumbnail","6":"product_cat-ceasuri-barbati","7":"product_cat-fossil","8":"pa_brand-fossil","9":"pa_braslet-ochi-de-tigru","10":"pa_braslet-piele","11":"pa_corpus-42-mm","12":"pa_forma-rotund","13":"pa_funcii-data","14":"pa_funcii-set-cadou","15":"pa_garatia-24-luni","16":"pa_korpus-argintiu","17":"pa_material-otel-inoxidabil","18":"pa_mehanizm-quartz","19":"pa_remeshok-maro","20":"pa_steklo-cristal-mineral","21":"pa_strana-sua","22":"pa_voda-5-atm","24":"first","25":"instock","26":"purchasable","27":"product-type-simple"},"acf":[],"_links":{"self":[{"href":"https:\/\/ceasuri.md\/ru\/wp-json\/wp\/v2\/product\/62855","targetHints":{"allow":["GET"]}}],"collection":[{"href":"https:\/\/ceasuri.md\/ru\/wp-json\/wp\/v2\/product"}],"about":[{"href":"https:\/\/ceasuri.md\/ru\/wp-json\/wp\/v2\/types\/product"}],"replies":[{"embeddable":true,"href":"https:\/\/ceasuri.md\/ru\/wp-json\/wp\/v2\/comments?post=62855"}],"wp:featuredmedia":[{"embeddable":true,"href":"https:\/\/ceasuri.md\/ru\/wp-json\/wp\/v2\/media\/62856"}],"wp:attachment":[{"href":"https:\/\/ceasuri.md\/ru\/wp-json\/wp\/v2\/media?parent=62855"}],"wp:term":[{"taxonomy":"product_brand","embeddable":true,"href":"https:\/\/ceasuri.md\/ru\/wp-json\/wp\/v2\/product_brand?post=62855"},{"taxonomy":"product_cat","embeddable":true,"href":"https:\/\/ceasuri.md\/ru\/wp-json\/wp\/v2\/product_cat?post=62855"},{"taxonomy":"product_tag","embeddable":true,"href":"https:\/\/ceasuri.md\/ru\/wp-json\/wp\/v2\/product_tag?post=62855"}],"curies":[{"name":"wp","href":"https:\/\/api.w.org\/{rel}","templated":true}]}}