{"id":62850,"date":"2026-04-03T01:37:24","date_gmt":"2026-04-02T22:37:24","guid":{"rendered":"http:\/\/new.ceasuri.md\/shop\/uncategorized\/fossil-everett-fs6089\/"},"modified":"2026-04-17T15:44:01","modified_gmt":"2026-04-17T12:44:01","slug":"fossil-everett-fs6089","status":"publish","type":"product","link":"https:\/\/ceasuri.md\/ru\/shop\/branduri\/fossil\/fossil-everett-fs6089\/","title":{"rendered":"Ceas FOSSIL EVERETT FS6089"},"content":{"rendered":"<p>Ceasurile b\u0103rb\u0103te\u0219ti Everett \u00eentruchipeaz\u0103 for\u021ba discret\u0103 \u0219i stilul impecabil, create pentru cei care apreciaz\u0103 estetica \u00een fiecare detaliu.<\/p>\n<p>Cadranul negru confer\u0103 accesoriului un aspect dinamic \u0219i modern.<\/p>\n<p>Carcasa ofer\u0103 o potrivire universal\u0103, subliniind statutul \u0219i \u00eencrederea proprietarului s\u0103u \u00een orice situa\u021bie.<\/p>\n<p>Cureaua neagr\u0103 din piele natural\u0103, realizat\u0103 conform unor standarde ecologice stricte, merit\u0103 o aten\u021bie special\u0103.<\/p>\n<p>Acest ceas nu va fi doar un ceas fiabil cu o func\u021bie practic\u0103 de dat\u0103, ci \u0219i un accesoriu cu adev\u0103rat elegant.<\/p>","protected":false},"excerpt":{"rendered":"<p>Ceasurile b\u0103rb\u0103te\u0219ti Everett \u00eentruchipeaz\u0103 for\u021ba discret\u0103 \u0219i stilul impecabil, create pentru cei care apreciaz\u0103 estetica \u00een fiecare detaliu. Cadranul negru confer\u0103 accesoriului un aspect dinamic \u0219i modern. Carcasa ofer\u0103 o potrivire universal\u0103, subliniind statutul \u0219i \u00eencrederea proprietarului s\u0103u \u00een orice situa\u021bie. Cureaua neagr\u0103 din piele natural\u0103, realizat\u0103 conform unor standarde ecologice stricte, merit\u0103 o aten\u021bie [&hellip;]<\/p>\n","protected":false},"featured_media":62851,"comment_status":"closed","ping_status":"open","template":"","meta":{"_acf_changed":false},"product_brand":[],"product_cat":[20,396],"product_tag":[],"class_list":{"0":"post-62850","1":"product","2":"type-product","3":"status-publish","4":"has-post-thumbnail","6":"product_cat-ceasuri-barbati","7":"product_cat-fossil","8":"pa_brand-fossil","9":"pa_braslet-piele","10":"pa_corpus-42-mm","11":"pa_forma-rotund","12":"pa_funcii-data","13":"pa_garatia-24-luni","14":"pa_korpus-auriu","15":"pa_kvarc-quartz","16":"pa_material-otel-inoxidabil","17":"pa_mehanizm-quartz","18":"pa_remeshok-negru","19":"pa_steklo-cristal-mineral","20":"pa_strana-sua","21":"pa_voda-5-atm","23":"first","24":"instock","25":"purchasable","26":"product-type-simple"},"acf":[],"_links":{"self":[{"href":"https:\/\/ceasuri.md\/ru\/wp-json\/wp\/v2\/product\/62850","targetHints":{"allow":["GET"]}}],"collection":[{"href":"https:\/\/ceasuri.md\/ru\/wp-json\/wp\/v2\/product"}],"about":[{"href":"https:\/\/ceasuri.md\/ru\/wp-json\/wp\/v2\/types\/product"}],"replies":[{"embeddable":true,"href":"https:\/\/ceasuri.md\/ru\/wp-json\/wp\/v2\/comments?post=62850"}],"wp:featuredmedia":[{"embeddable":true,"href":"https:\/\/ceasuri.md\/ru\/wp-json\/wp\/v2\/media\/62851"}],"wp:attachment":[{"href":"https:\/\/ceasuri.md\/ru\/wp-json\/wp\/v2\/media?parent=62850"}],"wp:term":[{"taxonomy":"product_brand","embeddable":true,"href":"https:\/\/ceasuri.md\/ru\/wp-json\/wp\/v2\/product_brand?post=62850"},{"taxonomy":"product_cat","embeddable":true,"href":"https:\/\/ceasuri.md\/ru\/wp-json\/wp\/v2\/product_cat?post=62850"},{"taxonomy":"product_tag","embeddable":true,"href":"https:\/\/ceasuri.md\/ru\/wp-json\/wp\/v2\/product_tag?post=62850"}],"curies":[{"name":"wp","href":"https:\/\/api.w.org\/{rel}","templated":true}]}}