{"id":62845,"date":"2026-04-03T01:37:24","date_gmt":"2026-04-02T22:37:24","guid":{"rendered":"http:\/\/new.ceasuri.md\/shop\/uncategorized\/fossil-everett-fs6090\/"},"modified":"2026-04-07T05:14:38","modified_gmt":"2026-04-07T02:14:38","slug":"fossil-everett-fs6090","status":"publish","type":"product","link":"https:\/\/ceasuri.md\/ru\/shop\/branduri\/fossil\/fossil-everett-fs6090\/","title":{"rendered":"Ceas FOSSIL EVERETT FS6090"},"content":{"rendered":"<p>Aceast\u0103 \u00eentruchipare unic\u0103 a stilului american, unde ce e mai bun din trecut se \u00eembin\u0103 armonios cu dinamismul prezentului, este conceput\u0103 pentru b\u0103rba\u021bii care caut\u0103 clasice atemporale cu o not\u0103 modern\u0103.<\/p>\n<p>Atrac\u021bia principal\u0103 \u0219i punctul culminant vizual al acestui ceas este combina\u021bia \u00eendr\u0103znea\u021b\u0103 \u0219i luxoas\u0103 a unei carcase din o\u021bel inoxidabil auriu cu un cadran verde intens, conferind accesoriului un caracter distinctiv \u0219i prestigios.<\/p>\n<p>Carcasa rotund\u0103 ofer\u0103 o potrivire universal\u0103 pe orice \u00eencheietur\u0103 a m\u00e2inii.<\/p>\n<p>Ceasul este echipat cu un mecanism cu cuar\u021b de \u00eenalt\u0103 precizie \u0219i un afi\u0219aj practic pentru dat\u0103, asigur\u00e2nd o func\u021bionalitate impecabil\u0103 \u00een ritmul zilnic al vie\u021bii.<\/p>","protected":false},"excerpt":{"rendered":"<p>Aceast\u0103 \u00eentruchipare unic\u0103 a stilului american, unde ce e mai bun din trecut se \u00eembin\u0103 armonios cu dinamismul prezentului, este conceput\u0103 pentru b\u0103rba\u021bii care caut\u0103 clasice atemporale cu o not\u0103 modern\u0103. Atrac\u021bia principal\u0103 \u0219i punctul culminant vizual al acestui ceas este combina\u021bia \u00eendr\u0103znea\u021b\u0103 \u0219i luxoas\u0103 a unei carcase din o\u021bel inoxidabil auriu cu un cadran [&hellip;]<\/p>\n","protected":false},"featured_media":62846,"comment_status":"closed","ping_status":"open","template":"","meta":{"_acf_changed":false},"product_brand":[],"product_cat":[20,396],"product_tag":[],"class_list":{"0":"post-62845","1":"product","2":"type-product","3":"status-publish","4":"has-post-thumbnail","6":"product_cat-ceasuri-barbati","7":"product_cat-fossil","8":"pa_brand-fossil","9":"pa_braslet-otel-inoxidabil","10":"pa_corpus-42-mm","11":"pa_forma-rotund","12":"pa_funcii-data","13":"pa_garatia-24-luni","14":"pa_korpus-auriu","15":"pa_material-otel-inoxidabil","16":"pa_mehanizm-quartz","17":"pa_remeshok-auriu","18":"pa_steklo-cristal-mineral","19":"pa_strana-sua","20":"pa_voda-5-atm","22":"first","23":"instock","24":"purchasable","25":"product-type-simple"},"acf":[],"_links":{"self":[{"href":"https:\/\/ceasuri.md\/ru\/wp-json\/wp\/v2\/product\/62845","targetHints":{"allow":["GET"]}}],"collection":[{"href":"https:\/\/ceasuri.md\/ru\/wp-json\/wp\/v2\/product"}],"about":[{"href":"https:\/\/ceasuri.md\/ru\/wp-json\/wp\/v2\/types\/product"}],"replies":[{"embeddable":true,"href":"https:\/\/ceasuri.md\/ru\/wp-json\/wp\/v2\/comments?post=62845"}],"wp:featuredmedia":[{"embeddable":true,"href":"https:\/\/ceasuri.md\/ru\/wp-json\/wp\/v2\/media\/62846"}],"wp:attachment":[{"href":"https:\/\/ceasuri.md\/ru\/wp-json\/wp\/v2\/media?parent=62845"}],"wp:term":[{"taxonomy":"product_brand","embeddable":true,"href":"https:\/\/ceasuri.md\/ru\/wp-json\/wp\/v2\/product_brand?post=62845"},{"taxonomy":"product_cat","embeddable":true,"href":"https:\/\/ceasuri.md\/ru\/wp-json\/wp\/v2\/product_cat?post=62845"},{"taxonomy":"product_tag","embeddable":true,"href":"https:\/\/ceasuri.md\/ru\/wp-json\/wp\/v2\/product_tag?post=62845"}],"curies":[{"name":"wp","href":"https:\/\/api.w.org\/{rel}","templated":true}]}}