{"id":62840,"date":"2026-04-03T01:37:24","date_gmt":"2026-04-02T22:37:24","guid":{"rendered":"http:\/\/new.ceasuri.md\/shop\/uncategorized\/fossil-carraway-fs6091\/"},"modified":"2026-04-20T01:58:25","modified_gmt":"2026-04-19T22:58:25","slug":"fossil-carraway-fs6091","status":"publish","type":"product","link":"https:\/\/ceasuri.md\/ru\/shop\/branduri\/fossil\/fossil-carraway-fs6091\/","title":{"rendered":"\u0427\u0430\u0441\u044b FOSSIL CARRAWAY FS6091"},"content":{"rendered":"<p>Carraway este \u00eentruchiparea minimalismului rafinat \u0219i a stilului clasic, inspirat de estetica trecutului.<\/p>\n<p>Carcasa elegant\u0103 este ideal\u0103 pentru cei care apreciaz\u0103 formele compacte \u0219i rafinate, oferind o ergonomie excep\u021bional\u0103 \u0219i confort la purtare.<\/p>\n<p>Cadranul negru intens, cu aspect de raze de soare, se \u00eembin\u0103 perfect cu cureaua din piele neagr\u0103 cu relief de crocodil, conferindu-i o textur\u0103 distinctiv\u0103 \u0219i un statut aristocratic.<\/p>\n<p>Acest ceas va fi un plus perfect pentru orice garderob\u0103, subliniind \u00eencrederea proprietarului.<\/p>","protected":false},"excerpt":{"rendered":"<p>Carraway este \u00eentruchiparea minimalismului rafinat \u0219i a stilului clasic, inspirat de estetica trecutului. Carcasa elegant\u0103 este ideal\u0103 pentru cei care apreciaz\u0103 formele compacte \u0219i rafinate, oferind o ergonomie excep\u021bional\u0103 \u0219i confort la purtare. Cadranul negru intens, cu aspect de raze de soare, se \u00eembin\u0103 perfect cu cureaua din piele neagr\u0103 cu relief de crocodil, conferindu-i [&hellip;]<\/p>\n","protected":false},"featured_media":62841,"comment_status":"closed","ping_status":"open","template":"","meta":{"_acf_changed":false},"product_brand":[],"product_cat":[20,396],"product_tag":[],"class_list":{"0":"post-62840","1":"product","2":"type-product","3":"status-publish","4":"has-post-thumbnail","6":"product_cat-ceasuri-barbati","7":"product_cat-fossil","8":"pa_brand-fossil","9":"pa_braslet-piele","10":"pa_corpus-30x35mm","11":"pa_forma-dreptunghiular","12":"pa_garatia-24-luni","13":"pa_korpus-auriu","14":"pa_kvarc-quartz","15":"pa_material-otel-inoxidabil","16":"pa_mehanizm-quartz","17":"pa_remeshok-negru","18":"pa_steklo-cristal-mineral","19":"pa_strana-sua","20":"pa_voda-5-atm","22":"first","23":"instock","24":"purchasable","25":"product-type-simple"},"acf":[],"_links":{"self":[{"href":"https:\/\/ceasuri.md\/ru\/wp-json\/wp\/v2\/product\/62840","targetHints":{"allow":["GET"]}}],"collection":[{"href":"https:\/\/ceasuri.md\/ru\/wp-json\/wp\/v2\/product"}],"about":[{"href":"https:\/\/ceasuri.md\/ru\/wp-json\/wp\/v2\/types\/product"}],"replies":[{"embeddable":true,"href":"https:\/\/ceasuri.md\/ru\/wp-json\/wp\/v2\/comments?post=62840"}],"wp:featuredmedia":[{"embeddable":true,"href":"https:\/\/ceasuri.md\/ru\/wp-json\/wp\/v2\/media\/62841"}],"wp:attachment":[{"href":"https:\/\/ceasuri.md\/ru\/wp-json\/wp\/v2\/media?parent=62840"}],"wp:term":[{"taxonomy":"product_brand","embeddable":true,"href":"https:\/\/ceasuri.md\/ru\/wp-json\/wp\/v2\/product_brand?post=62840"},{"taxonomy":"product_cat","embeddable":true,"href":"https:\/\/ceasuri.md\/ru\/wp-json\/wp\/v2\/product_cat?post=62840"},{"taxonomy":"product_tag","embeddable":true,"href":"https:\/\/ceasuri.md\/ru\/wp-json\/wp\/v2\/product_tag?post=62840"}],"curies":[{"name":"wp","href":"https:\/\/api.w.org\/{rel}","templated":true}]}}