{"id":62835,"date":"2026-04-03T01:37:24","date_gmt":"2026-04-02T22:37:24","guid":{"rendered":"http:\/\/new.ceasuri.md\/shop\/uncategorized\/fossil-everett-fs6107\/"},"modified":"2026-04-16T21:37:59","modified_gmt":"2026-04-16T18:37:59","slug":"fossil-everett-fs6107","status":"publish","type":"product","link":"https:\/\/ceasuri.md\/ru\/shop\/branduri\/fossil\/fossil-everett-fs6107\/","title":{"rendered":"Ceas FOSSIL FS6107"},"content":{"rendered":"<p>Ceasul Everett Chronograph este \u00eentruchiparea perfect\u0103 a stilului natural, unde \u00eencrederea \u00eendr\u0103znea\u021b\u0103 \u00eent\u00e2lne\u0219te elegan\u021ba rafinat\u0103.<\/p>\n<p>Acest model captiveaz\u0103 prin designul s\u0103u modern \u0219i \u00eendr\u0103zne\u021b: o carcas\u0103 impresionant\u0103 din o\u021bel inoxidabil, \u00eentr-o culoare antracit rafinat\u0103, completeaz\u0103 armonios un cadran grafit decorat cu o textur\u0103 de raze de soare.<\/p>\n<p>Caracteristica unic\u0103 cheie a acestui model este br\u0103\u021bara din o\u021bel inoxidabil, care accentueaz\u0103 caracterul masculin al accesoriului \u0219i garanteaz\u0103 o durabilitate excep\u021bional\u0103 pentru purtarea zilnic\u0103.<\/p>\n<p>Func\u021bionalitatea acestui ceas este perfec\u021bionat\u0103 de un mecanism cu cuar\u021b japonez de \u00eenalt\u0103 precizie, cu func\u021bie cronograf, asigur\u00e2ndu-v\u0103 punctualitatea \u00een orice situa\u021bie.<\/p>\n<p>Acest ceas original va completa garderoba unui b\u0103rbat care pre\u021buie\u0219te echilibrul \u00eentre tendin\u021bele actuale \u0219i perfec\u021biunea tehnic\u0103.<\/p>","protected":false},"excerpt":{"rendered":"<p>Ceasul Everett Chronograph este \u00eentruchiparea perfect\u0103 a stilului natural, unde \u00eencrederea \u00eendr\u0103znea\u021b\u0103 \u00eent\u00e2lne\u0219te elegan\u021ba rafinat\u0103. Acest model captiveaz\u0103 prin designul s\u0103u modern \u0219i \u00eendr\u0103zne\u021b: o carcas\u0103 impresionant\u0103 din o\u021bel inoxidabil, \u00eentr-o culoare antracit rafinat\u0103, completeaz\u0103 armonios un cadran grafit decorat cu o textur\u0103 de raze de soare. Caracteristica unic\u0103 cheie a acestui model este br\u0103\u021bara [&hellip;]<\/p>\n","protected":false},"featured_media":62836,"comment_status":"closed","ping_status":"open","template":"","meta":{"_acf_changed":false},"product_brand":[],"product_cat":[20,396],"product_tag":[],"class_list":{"0":"post-62835","1":"product","2":"type-product","3":"status-publish","4":"has-post-thumbnail","6":"product_cat-ceasuri-barbati","7":"product_cat-fossil","8":"pa_brand-fossil","9":"pa_braslet-otel-inoxidabil","10":"pa_corpus-44-mm","11":"pa_forma-rotund","12":"pa_funcii-cronograf","13":"pa_garatia-24-luni","14":"pa_korpus-gri","15":"pa_kvarc-quartz","16":"pa_material-otel-inoxidabil","17":"pa_mehanizm-quartz","18":"pa_remeshok-gri","19":"pa_steklo-cristal-mineral","20":"pa_strana-sua","21":"pa_voda-5-atm","23":"first","24":"instock","25":"purchasable","26":"product-type-simple"},"acf":[],"_links":{"self":[{"href":"https:\/\/ceasuri.md\/ru\/wp-json\/wp\/v2\/product\/62835","targetHints":{"allow":["GET"]}}],"collection":[{"href":"https:\/\/ceasuri.md\/ru\/wp-json\/wp\/v2\/product"}],"about":[{"href":"https:\/\/ceasuri.md\/ru\/wp-json\/wp\/v2\/types\/product"}],"replies":[{"embeddable":true,"href":"https:\/\/ceasuri.md\/ru\/wp-json\/wp\/v2\/comments?post=62835"}],"wp:featuredmedia":[{"embeddable":true,"href":"https:\/\/ceasuri.md\/ru\/wp-json\/wp\/v2\/media\/62836"}],"wp:attachment":[{"href":"https:\/\/ceasuri.md\/ru\/wp-json\/wp\/v2\/media?parent=62835"}],"wp:term":[{"taxonomy":"product_brand","embeddable":true,"href":"https:\/\/ceasuri.md\/ru\/wp-json\/wp\/v2\/product_brand?post=62835"},{"taxonomy":"product_cat","embeddable":true,"href":"https:\/\/ceasuri.md\/ru\/wp-json\/wp\/v2\/product_cat?post=62835"},{"taxonomy":"product_tag","embeddable":true,"href":"https:\/\/ceasuri.md\/ru\/wp-json\/wp\/v2\/product_tag?post=62835"}],"curies":[{"name":"wp","href":"https:\/\/api.w.org\/{rel}","templated":true}]}}