{"id":62830,"date":"2026-04-03T01:37:24","date_gmt":"2026-04-02T22:37:24","guid":{"rendered":"http:\/\/new.ceasuri.md\/shop\/uncategorized\/fossil-everett-fs6108\/"},"modified":"2026-04-16T21:37:59","modified_gmt":"2026-04-16T18:37:59","slug":"fossil-everett-fs6108","status":"publish","type":"product","link":"https:\/\/ceasuri.md\/ru\/shop\/branduri\/fossil\/fossil-everett-fs6108\/","title":{"rendered":"Ceas FOSSIL FS6108"},"content":{"rendered":"<p>Ceasul b\u0103rb\u0103tesc Everett \u00eentruchipeaz\u0103 stilul natural \u0219i dinamismul modern, creat pentru b\u0103rba\u021bii activi care pre\u021buiesc individualitatea.<\/p>\n<p>Caracterul sportiv al acestui model este accentuat de carcasa impresionant\u0103 din o\u021bel inoxidabil cu finisaj negru, \u00een timp ce principala sa caracteristic\u0103 unic\u0103 este cristalul chihlimbar, care \u00eei confer\u0103 o not\u0103 cald\u0103 \u0219i modern\u0103 \u0219i \u00eel diferen\u021biaz\u0103 de designurile clasice.<\/p>\n<p>Cadranul negru, asociat cu o curea rafinat\u0103 din piele maro, creeaz\u0103 un contrast armonios, transform\u00e2nd acest model \u00eentr-un accesoriu cu adev\u0103rat elegant.<\/p>\n<p>Mi\u0219carea cu cuar\u021b cu func\u021bie cronograf asigur\u0103 punctualitate \u00een orice situa\u021bie.<\/p>\n<p>Acest ceas v\u0103 va completa look-ul, subliniind statutul proprietarului s\u0103u.<\/p>","protected":false},"excerpt":{"rendered":"<p>Ceasul b\u0103rb\u0103tesc Everett \u00eentruchipeaz\u0103 stilul natural \u0219i dinamismul modern, creat pentru b\u0103rba\u021bii activi care pre\u021buiesc individualitatea. Caracterul sportiv al acestui model este accentuat de carcasa impresionant\u0103 din o\u021bel inoxidabil cu finisaj negru, \u00een timp ce principala sa caracteristic\u0103 unic\u0103 este cristalul chihlimbar, care \u00eei confer\u0103 o not\u0103 cald\u0103 \u0219i modern\u0103 \u0219i \u00eel diferen\u021biaz\u0103 de designurile [&hellip;]<\/p>\n","protected":false},"featured_media":62831,"comment_status":"closed","ping_status":"open","template":"","meta":{"_acf_changed":false},"product_brand":[],"product_cat":[20,396],"product_tag":[],"class_list":{"0":"post-62830","1":"product","2":"type-product","3":"status-publish","4":"has-post-thumbnail","6":"product_cat-ceasuri-barbati","7":"product_cat-fossil","8":"pa_brand-fossil","9":"pa_braslet-piele","10":"pa_corpus-44-mm","11":"pa_forma-rotund","12":"pa_funcii-cronograf","13":"pa_garatia-24-luni","14":"pa_korpus-negru","15":"pa_kvarc-quartz","16":"pa_material-otel-inoxidabil","17":"pa_mehanizm-quartz","18":"pa_remeshok-maro","19":"pa_steklo-cristal-mineral","20":"pa_strana-sua","21":"pa_voda-5-atm","23":"first","24":"instock","25":"purchasable","26":"product-type-simple"},"acf":[],"_links":{"self":[{"href":"https:\/\/ceasuri.md\/ru\/wp-json\/wp\/v2\/product\/62830","targetHints":{"allow":["GET"]}}],"collection":[{"href":"https:\/\/ceasuri.md\/ru\/wp-json\/wp\/v2\/product"}],"about":[{"href":"https:\/\/ceasuri.md\/ru\/wp-json\/wp\/v2\/types\/product"}],"replies":[{"embeddable":true,"href":"https:\/\/ceasuri.md\/ru\/wp-json\/wp\/v2\/comments?post=62830"}],"wp:featuredmedia":[{"embeddable":true,"href":"https:\/\/ceasuri.md\/ru\/wp-json\/wp\/v2\/media\/62831"}],"wp:attachment":[{"href":"https:\/\/ceasuri.md\/ru\/wp-json\/wp\/v2\/media?parent=62830"}],"wp:term":[{"taxonomy":"product_brand","embeddable":true,"href":"https:\/\/ceasuri.md\/ru\/wp-json\/wp\/v2\/product_brand?post=62830"},{"taxonomy":"product_cat","embeddable":true,"href":"https:\/\/ceasuri.md\/ru\/wp-json\/wp\/v2\/product_cat?post=62830"},{"taxonomy":"product_tag","embeddable":true,"href":"https:\/\/ceasuri.md\/ru\/wp-json\/wp\/v2\/product_tag?post=62830"}],"curies":[{"name":"wp","href":"https:\/\/api.w.org\/{rel}","templated":true}]}}