{"id":62825,"date":"2026-04-03T01:37:24","date_gmt":"2026-04-02T22:37:24","guid":{"rendered":"http:\/\/new.ceasuri.md\/shop\/uncategorized\/fossil-carraway-fs6110\/"},"modified":"2026-04-20T01:58:27","modified_gmt":"2026-04-19T22:58:27","slug":"fossil-carraway-fs6110","status":"publish","type":"product","link":"https:\/\/ceasuri.md\/ru\/shop\/branduri\/fossil\/fossil-carraway-fs6110\/","title":{"rendered":"\u0427\u0430\u0441\u044b FOSSIL CARRAWAY FS6110"},"content":{"rendered":"<p>Ceasul Carraway este o capodoper\u0103, meticulos realizat\u0103 p\u00e2n\u0103 la cel mai mic detaliu, care a devenit deja un adev\u0103rat clasic. Acest model este conceput pentru cei care pre\u021buiesc armonia dintre estetic\u0103 \u0219i confortul excep\u021bional.<\/p>\n<p>Caracteristica cheie a acestui ceas este carcasa sa curbat\u0103 unic\u0103, care urmeaz\u0103 perfect contururile \u00eencheieturii m\u00e2inii, oferind confort \u0219i ergonomie de neegalat.<\/p>\n<p>Cadranul albastru cu efect de soare adaug\u0103 profunzime vizual\u0103 \u0219i aristocra\u021bie piesei, transform\u00e2nd-o \u00eentr-un accesoriu cu adev\u0103rat elegant.<\/p>\n<p>Acest ceas este un simbol al gustului impecabil \u0219i al aten\u021biei la detalii.<\/p>","protected":false},"excerpt":{"rendered":"<p>Ceasul Carraway este o capodoper\u0103, meticulos realizat\u0103 p\u00e2n\u0103 la cel mai mic detaliu, care a devenit deja un adev\u0103rat clasic. Acest model este conceput pentru cei care pre\u021buiesc armonia dintre estetic\u0103 \u0219i confortul excep\u021bional. Caracteristica cheie a acestui ceas este carcasa sa curbat\u0103 unic\u0103, care urmeaz\u0103 perfect contururile \u00eencheieturii m\u00e2inii, oferind confort \u0219i ergonomie de [&hellip;]<\/p>\n","protected":false},"featured_media":62826,"comment_status":"closed","ping_status":"open","template":"","meta":{"_acf_changed":false},"product_brand":[],"product_cat":[20,396],"product_tag":[],"class_list":{"0":"post-62825","1":"product","2":"type-product","3":"status-publish","4":"has-post-thumbnail","6":"product_cat-ceasuri-barbati","7":"product_cat-fossil","8":"pa_brand-fossil","9":"pa_braslet-piele","10":"pa_corpus-30x35mm","11":"pa_forma-dreptunghiular","12":"pa_garatia-24-luni","13":"pa_korpus-argintiu","14":"pa_kvarc-quartz","15":"pa_material-otel-inoxidabil","16":"pa_mehanizm-quartz","17":"pa_remeshok-maro","18":"pa_steklo-cristal-mineral","19":"pa_strana-sua","20":"pa_voda-5-atm","22":"first","23":"instock","24":"purchasable","25":"product-type-simple"},"acf":[],"_links":{"self":[{"href":"https:\/\/ceasuri.md\/ru\/wp-json\/wp\/v2\/product\/62825","targetHints":{"allow":["GET"]}}],"collection":[{"href":"https:\/\/ceasuri.md\/ru\/wp-json\/wp\/v2\/product"}],"about":[{"href":"https:\/\/ceasuri.md\/ru\/wp-json\/wp\/v2\/types\/product"}],"replies":[{"embeddable":true,"href":"https:\/\/ceasuri.md\/ru\/wp-json\/wp\/v2\/comments?post=62825"}],"wp:featuredmedia":[{"embeddable":true,"href":"https:\/\/ceasuri.md\/ru\/wp-json\/wp\/v2\/media\/62826"}],"wp:attachment":[{"href":"https:\/\/ceasuri.md\/ru\/wp-json\/wp\/v2\/media?parent=62825"}],"wp:term":[{"taxonomy":"product_brand","embeddable":true,"href":"https:\/\/ceasuri.md\/ru\/wp-json\/wp\/v2\/product_brand?post=62825"},{"taxonomy":"product_cat","embeddable":true,"href":"https:\/\/ceasuri.md\/ru\/wp-json\/wp\/v2\/product_cat?post=62825"},{"taxonomy":"product_tag","embeddable":true,"href":"https:\/\/ceasuri.md\/ru\/wp-json\/wp\/v2\/product_tag?post=62825"}],"curies":[{"name":"wp","href":"https:\/\/api.w.org\/{rel}","templated":true}]}}