{"id":62820,"date":"2026-04-03T01:37:24","date_gmt":"2026-04-02T22:37:24","guid":{"rendered":"http:\/\/new.ceasuri.md\/shop\/uncategorized\/fossil-neutra-fs6111\/"},"modified":"2026-04-07T05:14:35","modified_gmt":"2026-04-07T02:14:35","slug":"fossil-neutra-fs6111","status":"publish","type":"product","link":"https:\/\/ceasuri.md\/ru\/shop\/branduri\/fossil\/fossil-neutra-fs6111\/","title":{"rendered":"Ceas FOSSIL NEUTRA FS6111"},"content":{"rendered":"<p>Acest ceas cronograf este \u00eentruchiparea unui design rafinat, inspirat de liniile arhitecturale de la mijlocul secolului al XX-lea.<\/p>\n<p>Carcasa distinctiv\u0103 antracit \u00eencadreaz\u0103 un cadran elegant albastru \u00eenchis, cu aspect de raze de soare, cre\u00e2nd un aspect profund \u0219i bogat pentru b\u0103rba\u021bii \u00eencrez\u0103tori.<\/p>\n<p>Caracteristica unic\u0103 cheie a acestui model este cristalul mineral convex, care confer\u0103 ceasului o dimensiune vizual\u0103 special\u0103 \u0219i un farmec vintage unic, transform\u00e2ndu-l \u00eentr-o icoan\u0103 de stil.<\/p>\n<p>Acest ceas va deveni mai mult dec\u00e2t un simplu ceas; va fi un accesoriu cu adev\u0103rat elegant, care v\u0103 va eviden\u021bia statutul \u0219i aten\u021bia la detalii.<\/p>","protected":false},"excerpt":{"rendered":"<p>Acest ceas cronograf este \u00eentruchiparea unui design rafinat, inspirat de liniile arhitecturale de la mijlocul secolului al XX-lea. Carcasa distinctiv\u0103 antracit \u00eencadreaz\u0103 un cadran elegant albastru \u00eenchis, cu aspect de raze de soare, cre\u00e2nd un aspect profund \u0219i bogat pentru b\u0103rba\u021bii \u00eencrez\u0103tori. Caracteristica unic\u0103 cheie a acestui model este cristalul mineral convex, care confer\u0103 ceasului [&hellip;]<\/p>\n","protected":false},"featured_media":62821,"comment_status":"closed","ping_status":"open","template":"","meta":{"_acf_changed":false},"product_brand":[],"product_cat":[20,396],"product_tag":[],"class_list":{"0":"post-62820","1":"product","2":"type-product","3":"status-publish","4":"has-post-thumbnail","6":"product_cat-ceasuri-barbati","7":"product_cat-fossil","8":"pa_brand-fossil","9":"pa_braslet-otel-inoxidabil","10":"pa_corpus-44-mm","11":"pa_forma-rotund","12":"pa_funcii-cronograf","13":"pa_funcii-data","14":"pa_garatia-24-luni","15":"pa_korpus-gri","16":"pa_material-otel-inoxidabil","17":"pa_mehanizm-quartz","18":"pa_remeshok-gri","19":"pa_steklo-cristal-mineral","20":"pa_strana-sua","21":"pa_voda-5-atm","23":"first","24":"instock","25":"purchasable","26":"product-type-simple"},"acf":[],"_links":{"self":[{"href":"https:\/\/ceasuri.md\/ru\/wp-json\/wp\/v2\/product\/62820","targetHints":{"allow":["GET"]}}],"collection":[{"href":"https:\/\/ceasuri.md\/ru\/wp-json\/wp\/v2\/product"}],"about":[{"href":"https:\/\/ceasuri.md\/ru\/wp-json\/wp\/v2\/types\/product"}],"replies":[{"embeddable":true,"href":"https:\/\/ceasuri.md\/ru\/wp-json\/wp\/v2\/comments?post=62820"}],"wp:featuredmedia":[{"embeddable":true,"href":"https:\/\/ceasuri.md\/ru\/wp-json\/wp\/v2\/media\/62821"}],"wp:attachment":[{"href":"https:\/\/ceasuri.md\/ru\/wp-json\/wp\/v2\/media?parent=62820"}],"wp:term":[{"taxonomy":"product_brand","embeddable":true,"href":"https:\/\/ceasuri.md\/ru\/wp-json\/wp\/v2\/product_brand?post=62820"},{"taxonomy":"product_cat","embeddable":true,"href":"https:\/\/ceasuri.md\/ru\/wp-json\/wp\/v2\/product_cat?post=62820"},{"taxonomy":"product_tag","embeddable":true,"href":"https:\/\/ceasuri.md\/ru\/wp-json\/wp\/v2\/product_tag?post=62820"}],"curies":[{"name":"wp","href":"https:\/\/api.w.org\/{rel}","templated":true}]}}