{"id":62815,"date":"2026-04-03T01:37:24","date_gmt":"2026-04-02T22:37:24","guid":{"rendered":"http:\/\/new.ceasuri.md\/shop\/uncategorized\/fossil-neutra-fs6112\/"},"modified":"2026-04-07T05:14:34","modified_gmt":"2026-04-07T02:14:34","slug":"fossil-neutra-fs6112","status":"publish","type":"product","link":"https:\/\/ceasuri.md\/ru\/shop\/branduri\/fossil\/fossil-neutra-fs6112\/","title":{"rendered":"Ceas FOSSIL NEUTRA FS6112"},"content":{"rendered":"<p>Cronograful Neutra este \u00eentruchiparea unei estetici rafinate, inspirat\u0103 de capodoperele arhitecturale de la mijlocul secolului al XX-lea.<\/p>\n<p>Acest model combin\u0103 construc\u021bia impecabil\u0103 cu caracterul practic, oferind b\u0103rbatului modern un design echilibrat cu o subtil\u0103 not\u0103 vintage.<\/p>\n<p>Principala caracteristic\u0103 unic\u0103 a acestui cronograf este cadranul s\u0103u simplu, argintiu, cu efect de raze de soare, care adaug\u0103 profunzime accesoriului.<\/p>\n<p>Carcasa \u0219i br\u0103\u021bara din o\u021bel inoxidabil bicolor confer\u0103 ceasului versatilitate, permi\u021b\u00e2ndu-i s\u0103 se potriveasc\u0103 armonios cu orice garderob\u0103. Cristalul mineral convex adaug\u0103 volum vizual \u0219i farmec retro, subliniind statutul proprietarului.<\/p>\n<p>Acest ceas va deveni mai mult dec\u00e2t un simplu ceas; este un accesoriu cu adev\u0103rat elegant pentru un b\u0103rbat \u00eencrez\u0103tor.<\/p>","protected":false},"excerpt":{"rendered":"<p>Cronograful Neutra este \u00eentruchiparea unei estetici rafinate, inspirat\u0103 de capodoperele arhitecturale de la mijlocul secolului al XX-lea. Acest model combin\u0103 construc\u021bia impecabil\u0103 cu caracterul practic, oferind b\u0103rbatului modern un design echilibrat cu o subtil\u0103 not\u0103 vintage. Principala caracteristic\u0103 unic\u0103 a acestui cronograf este cadranul s\u0103u simplu, argintiu, cu efect de raze de soare, care adaug\u0103 [&hellip;]<\/p>\n","protected":false},"featured_media":62816,"comment_status":"closed","ping_status":"open","template":"","meta":{"_acf_changed":false},"product_brand":[],"product_cat":[20,396],"product_tag":[],"class_list":{"0":"post-62815","1":"product","2":"type-product","3":"status-publish","4":"has-post-thumbnail","6":"product_cat-ceasuri-barbati","7":"product_cat-fossil","8":"pa_brand-fossil","9":"pa_braslet-otel-inoxidabil","10":"pa_corpus-44-mm","11":"pa_forma-rotund","12":"pa_funcii-cronograf","13":"pa_funcii-data","14":"pa_garatia-24-luni","15":"pa_korpus-bicolor","16":"pa_material-otel-inoxidabil","17":"pa_mehanizm-quartz","18":"pa_remeshok-bicolor","19":"pa_steklo-cristal-mineral","20":"pa_strana-sua","21":"pa_voda-5-atm","23":"first","24":"instock","25":"purchasable","26":"product-type-simple"},"acf":[],"_links":{"self":[{"href":"https:\/\/ceasuri.md\/ru\/wp-json\/wp\/v2\/product\/62815","targetHints":{"allow":["GET"]}}],"collection":[{"href":"https:\/\/ceasuri.md\/ru\/wp-json\/wp\/v2\/product"}],"about":[{"href":"https:\/\/ceasuri.md\/ru\/wp-json\/wp\/v2\/types\/product"}],"replies":[{"embeddable":true,"href":"https:\/\/ceasuri.md\/ru\/wp-json\/wp\/v2\/comments?post=62815"}],"wp:featuredmedia":[{"embeddable":true,"href":"https:\/\/ceasuri.md\/ru\/wp-json\/wp\/v2\/media\/62816"}],"wp:attachment":[{"href":"https:\/\/ceasuri.md\/ru\/wp-json\/wp\/v2\/media?parent=62815"}],"wp:term":[{"taxonomy":"product_brand","embeddable":true,"href":"https:\/\/ceasuri.md\/ru\/wp-json\/wp\/v2\/product_brand?post=62815"},{"taxonomy":"product_cat","embeddable":true,"href":"https:\/\/ceasuri.md\/ru\/wp-json\/wp\/v2\/product_cat?post=62815"},{"taxonomy":"product_tag","embeddable":true,"href":"https:\/\/ceasuri.md\/ru\/wp-json\/wp\/v2\/product_tag?post=62815"}],"curies":[{"name":"wp","href":"https:\/\/api.w.org\/{rel}","templated":true}]}}