{"id":62810,"date":"2026-04-03T01:37:24","date_gmt":"2026-04-02T22:37:24","guid":{"rendered":"http:\/\/new.ceasuri.md\/shop\/uncategorized\/fossil-neutra-fs6113\/"},"modified":"2026-04-07T05:14:33","modified_gmt":"2026-04-07T02:14:33","slug":"fossil-neutra-fs6113","status":"publish","type":"product","link":"https:\/\/ceasuri.md\/ru\/shop\/branduri\/fossil\/fossil-neutra-fs6113\/","title":{"rendered":"Ceas FOSSIL NEUTRA FS6113"},"content":{"rendered":"<p>Acest ceas cronograf \u00eentruchipeaz\u0103 un design rafinat, inspirat de estetica arhitectural\u0103 de la mijlocul secolului al XX-lea.<\/p>\n<p>Carcasa rafinat\u0103 din o\u021bel inoxidabil, cu nuan\u021b\u0103 aurie, \u00eencadreaz\u0103 un cadran simplu, cu aspect de raze de soare, auriu, cre\u00e2nd un aspect care \u00eembin\u0103 perfect motivele retro cu luxul modern.<\/p>\n<p>Cristalul mineral convex adaug\u0103 volum \u0219i farmec vintage, eviden\u021biind stilul distinctiv al accesoriului. O curea din piele completeaz\u0103 aspectul.<\/p>\n<p>Acest ceas va fi adaosul perfect pentru garderoba unui b\u0103rbat \u00eencrez\u0103tor care apreciaz\u0103 estetica \u0219i m\u0103iestria impecabil\u0103.<\/p>","protected":false},"excerpt":{"rendered":"<p>Acest ceas cronograf \u00eentruchipeaz\u0103 un design rafinat, inspirat de estetica arhitectural\u0103 de la mijlocul secolului al XX-lea. Carcasa rafinat\u0103 din o\u021bel inoxidabil, cu nuan\u021b\u0103 aurie, \u00eencadreaz\u0103 un cadran simplu, cu aspect de raze de soare, auriu, cre\u00e2nd un aspect care \u00eembin\u0103 perfect motivele retro cu luxul modern. Cristalul mineral convex adaug\u0103 volum \u0219i farmec vintage, [&hellip;]<\/p>\n","protected":false},"featured_media":62811,"comment_status":"closed","ping_status":"open","template":"","meta":{"_acf_changed":false},"product_brand":[],"product_cat":[20,396],"product_tag":[],"class_list":{"0":"post-62810","1":"product","2":"type-product","3":"status-publish","4":"has-post-thumbnail","6":"product_cat-ceasuri-barbati","7":"product_cat-fossil","8":"pa_brand-fossil","9":"pa_braslet-piele","10":"pa_corpus-44-mm","11":"pa_forma-rotund","12":"pa_funcii-cronograf","13":"pa_funcii-data","14":"pa_garatia-24-luni","15":"pa_korpus-auriu","16":"pa_material-otel-inoxidabil","17":"pa_mehanizm-quartz","18":"pa_remeshok-maro","19":"pa_steklo-cristal-mineral","20":"pa_strana-sua","21":"pa_voda-5-atm","23":"first","24":"instock","25":"purchasable","26":"product-type-simple"},"acf":[],"_links":{"self":[{"href":"https:\/\/ceasuri.md\/ru\/wp-json\/wp\/v2\/product\/62810","targetHints":{"allow":["GET"]}}],"collection":[{"href":"https:\/\/ceasuri.md\/ru\/wp-json\/wp\/v2\/product"}],"about":[{"href":"https:\/\/ceasuri.md\/ru\/wp-json\/wp\/v2\/types\/product"}],"replies":[{"embeddable":true,"href":"https:\/\/ceasuri.md\/ru\/wp-json\/wp\/v2\/comments?post=62810"}],"wp:featuredmedia":[{"embeddable":true,"href":"https:\/\/ceasuri.md\/ru\/wp-json\/wp\/v2\/media\/62811"}],"wp:attachment":[{"href":"https:\/\/ceasuri.md\/ru\/wp-json\/wp\/v2\/media?parent=62810"}],"wp:term":[{"taxonomy":"product_brand","embeddable":true,"href":"https:\/\/ceasuri.md\/ru\/wp-json\/wp\/v2\/product_brand?post=62810"},{"taxonomy":"product_cat","embeddable":true,"href":"https:\/\/ceasuri.md\/ru\/wp-json\/wp\/v2\/product_cat?post=62810"},{"taxonomy":"product_tag","embeddable":true,"href":"https:\/\/ceasuri.md\/ru\/wp-json\/wp\/v2\/product_tag?post=62810"}],"curies":[{"name":"wp","href":"https:\/\/api.w.org\/{rel}","templated":true}]}}