{"id":62804,"date":"2026-04-03T01:37:24","date_gmt":"2026-04-02T22:37:24","guid":{"rendered":"http:\/\/new.ceasuri.md\/shop\/uncategorized\/fossil-campbell-fs6141\/"},"modified":"2026-04-07T05:14:33","modified_gmt":"2026-04-07T02:14:33","slug":"fossil-campbell-fs6141","status":"publish","type":"product","link":"https:\/\/ceasuri.md\/ru\/shop\/branduri\/fossil\/fossil-campbell-fs6141\/","title":{"rendered":"Ceas FOSSIL CAMPBELL FS6141"},"content":{"rendered":"<p>Campbell este un clasic modern care \u00eentruchipeaz\u0103 un echilibru perfect \u00eentre form\u0103 \u0219i func\u021bionalitate.<\/p>\n<p>Tr\u0103s\u0103tura distinctiv\u0103 a acestui model este carcasa bicolor\u0103 din o\u021bel inoxidabil, \u00een nuan\u021be de auriu \u0219i argintiu, care ofer\u0103 accesoriului un aspect sofisticat \u0219i extrem de versatil.<\/p>\n<p>Cadranul albastru cu efect \u201esunray\u201d este dotat cu afi\u0219aj pentru zi \u0219i dat\u0103, transform\u00e2nd acest ceas original \u00eentr-un partener de \u00eencredere pentru o planificare eficient\u0103 a fiec\u0103rei zile.<\/p>\n<p>Realizat cu o aten\u021bie deosebit\u0103 la detalii, modelul creeaz\u0103 echilibrul ideal \u00eentre materialele nobile \u0219i utilitatea modern\u0103.<\/p>","protected":false},"excerpt":{"rendered":"<p>Campbell este un clasic modern care \u00eentruchipeaz\u0103 un echilibru perfect \u00eentre form\u0103 \u0219i func\u021bionalitate. Tr\u0103s\u0103tura distinctiv\u0103 a acestui model este carcasa bicolor\u0103 din o\u021bel inoxidabil, \u00een nuan\u021be de auriu \u0219i argintiu, care ofer\u0103 accesoriului un aspect sofisticat \u0219i extrem de versatil. Cadranul albastru cu efect \u201esunray\u201d este dotat cu afi\u0219aj pentru zi \u0219i dat\u0103, transform\u00e2nd [&hellip;]<\/p>\n","protected":false},"featured_media":62805,"comment_status":"closed","ping_status":"open","template":"","meta":{"_acf_changed":false},"product_brand":[],"product_cat":[20,396],"product_tag":[],"class_list":{"0":"post-62804","1":"product","2":"type-product","3":"status-publish","4":"has-post-thumbnail","6":"product_cat-ceasuri-barbati","7":"product_cat-fossil","8":"pa_brand-fossil","9":"pa_braslet-otel-inoxidabil","10":"pa_corpus-42-mm","11":"pa_forma-rotund","12":"pa_funcii-data","13":"pa_funcii-ziua-saptamanii","14":"pa_garatia-24-luni","15":"pa_korpus-bicolor","16":"pa_material-otel-inoxidabil","17":"pa_mehanizm-quartz","18":"pa_remeshok-bicolor","19":"pa_steklo-cristal-mineral","20":"pa_strana-sua","21":"pa_voda-5-atm","23":"first","24":"instock","25":"purchasable","26":"product-type-simple"},"acf":[],"_links":{"self":[{"href":"https:\/\/ceasuri.md\/ru\/wp-json\/wp\/v2\/product\/62804","targetHints":{"allow":["GET"]}}],"collection":[{"href":"https:\/\/ceasuri.md\/ru\/wp-json\/wp\/v2\/product"}],"about":[{"href":"https:\/\/ceasuri.md\/ru\/wp-json\/wp\/v2\/types\/product"}],"replies":[{"embeddable":true,"href":"https:\/\/ceasuri.md\/ru\/wp-json\/wp\/v2\/comments?post=62804"}],"wp:featuredmedia":[{"embeddable":true,"href":"https:\/\/ceasuri.md\/ru\/wp-json\/wp\/v2\/media\/62805"}],"wp:attachment":[{"href":"https:\/\/ceasuri.md\/ru\/wp-json\/wp\/v2\/media?parent=62804"}],"wp:term":[{"taxonomy":"product_brand","embeddable":true,"href":"https:\/\/ceasuri.md\/ru\/wp-json\/wp\/v2\/product_brand?post=62804"},{"taxonomy":"product_cat","embeddable":true,"href":"https:\/\/ceasuri.md\/ru\/wp-json\/wp\/v2\/product_cat?post=62804"},{"taxonomy":"product_tag","embeddable":true,"href":"https:\/\/ceasuri.md\/ru\/wp-json\/wp\/v2\/product_tag?post=62804"}],"curies":[{"name":"wp","href":"https:\/\/api.w.org\/{rel}","templated":true}]}}