{"id":62798,"date":"2026-04-03T01:37:24","date_gmt":"2026-04-02T22:37:24","guid":{"rendered":"http:\/\/new.ceasuri.md\/shop\/uncategorized\/fossil-crosby-fs6151\/"},"modified":"2026-04-07T05:14:32","modified_gmt":"2026-04-07T02:14:32","slug":"fossil-crosby-fs6151","status":"publish","type":"product","link":"https:\/\/ceasuri.md\/ru\/shop\/branduri\/fossil\/fossil-crosby-fs6151\/","title":{"rendered":"Ceas FOSSIL CROSBY FS6151"},"content":{"rendered":"<p>Crosby este un clasic modern care \u00eentruchipeaz\u0103 farmecul atemporal \u0219i echilibrul perfect \u00eentre form\u0103 \u0219i func\u021bionalitate.<\/p>\n<p>Tr\u0103s\u0103tura distinctiv\u0103 a acestui model este carcasa octogonal\u0103 impresionant\u0103, de culoare aurie, realizat\u0103 din o\u021bel inoxidabil, care ofer\u0103 accesoriului un caracter aparte \u0219i inconfundabil.<\/p>\n<p>Cadranul negru profund este completat de un afi\u0219aj practic pentru dat\u0103, transform\u00e2nd acest ceas original \u00eentr-o solu\u021bie stilat\u0103 \u0219i indispensabil\u0103 pentru purtarea zilnic\u0103.<\/p>\n<p>Cureaua din piele neagr\u0103, prev\u0103zut\u0103 cu o cataram\u0103 clasic\u0103, asigur\u0103 un confort excep\u021bional \u0219i se ajusteaz\u0103 cu u\u0219urin\u021b\u0103 pe orice \u00eencheietur\u0103, complet\u00e2nd o imagine impecabil\u0103.<\/p>\n<p>Este un accesoriu elegant des\u0103v\u00e2r\u0219it, creat special pentru b\u0103rba\u021bii \u00eencrez\u0103tori care apreciaz\u0103 stilul recognoscibil \u0219i fiabilitatea \u00een fiecare detaliu.<\/p>","protected":false},"excerpt":{"rendered":"<p>Crosby este un clasic modern care \u00eentruchipeaz\u0103 farmecul atemporal \u0219i echilibrul perfect \u00eentre form\u0103 \u0219i func\u021bionalitate. Tr\u0103s\u0103tura distinctiv\u0103 a acestui model este carcasa octogonal\u0103 impresionant\u0103, de culoare aurie, realizat\u0103 din o\u021bel inoxidabil, care ofer\u0103 accesoriului un caracter aparte \u0219i inconfundabil. Cadranul negru profund este completat de un afi\u0219aj practic pentru dat\u0103, transform\u00e2nd acest ceas original [&hellip;]<\/p>\n","protected":false},"featured_media":62799,"comment_status":"closed","ping_status":"open","template":"","meta":{"_acf_changed":false},"product_brand":[],"product_cat":[20,396],"product_tag":[],"class_list":{"0":"post-62798","1":"product","2":"type-product","3":"status-publish","4":"has-post-thumbnail","6":"product_cat-ceasuri-barbati","7":"product_cat-fossil","8":"pa_brand-fossil","9":"pa_braslet-piele","10":"pa_corpus-42-mm","11":"pa_forma-octogonala","12":"pa_funcii-data","13":"pa_garatia-24-luni","14":"pa_korpus-auriu","15":"pa_material-otel-inoxidabil","16":"pa_mehanizm-quartz","17":"pa_remeshok-negru","18":"pa_steklo-cristal-mineral","19":"pa_strana-sua","20":"pa_voda-5-atm","22":"first","23":"instock","24":"purchasable","25":"product-type-simple"},"acf":[],"_links":{"self":[{"href":"https:\/\/ceasuri.md\/ru\/wp-json\/wp\/v2\/product\/62798","targetHints":{"allow":["GET"]}}],"collection":[{"href":"https:\/\/ceasuri.md\/ru\/wp-json\/wp\/v2\/product"}],"about":[{"href":"https:\/\/ceasuri.md\/ru\/wp-json\/wp\/v2\/types\/product"}],"replies":[{"embeddable":true,"href":"https:\/\/ceasuri.md\/ru\/wp-json\/wp\/v2\/comments?post=62798"}],"wp:featuredmedia":[{"embeddable":true,"href":"https:\/\/ceasuri.md\/ru\/wp-json\/wp\/v2\/media\/62799"}],"wp:attachment":[{"href":"https:\/\/ceasuri.md\/ru\/wp-json\/wp\/v2\/media?parent=62798"}],"wp:term":[{"taxonomy":"product_brand","embeddable":true,"href":"https:\/\/ceasuri.md\/ru\/wp-json\/wp\/v2\/product_brand?post=62798"},{"taxonomy":"product_cat","embeddable":true,"href":"https:\/\/ceasuri.md\/ru\/wp-json\/wp\/v2\/product_cat?post=62798"},{"taxonomy":"product_tag","embeddable":true,"href":"https:\/\/ceasuri.md\/ru\/wp-json\/wp\/v2\/product_tag?post=62798"}],"curies":[{"name":"wp","href":"https:\/\/api.w.org\/{rel}","templated":true}]}}