{"id":62792,"date":"2026-04-03T01:36:18","date_gmt":"2026-04-02T22:36:18","guid":{"rendered":"http:\/\/new.ceasuri.md\/shop\/uncategorized\/fossil-everett-me3207\/"},"modified":"2026-04-20T01:58:30","modified_gmt":"2026-04-19T22:58:30","slug":"fossil-everett-me3207","status":"publish","type":"product","link":"https:\/\/ceasuri.md\/ru\/shop\/branduri\/fossil\/fossil-everett-me3207\/","title":{"rendered":"\u0427\u0430\u0441\u044b FOSSIL EVERETT ME3207"},"content":{"rendered":"<p>Aceste ceasuri b\u0103rba\u021bi din colec\u021bia Fossil Everett reprezint\u0103 o fuziune impecabil\u0103 \u00eentre tradi\u021bie \u0219i dinamismul modern, fiind create special pentru b\u0103rba\u021bii care apreciaz\u0103 stilul clasic rafinat.<\/p>\n<p>Tr\u0103s\u0103tura distinctiv\u0103 \u0219i punctul de atrac\u021bie al acestui model este scheletizarea artistic\u0103 a cadranului, care transform\u0103 accesoriul \u00eentr-o adev\u0103rat\u0103 capodoper\u0103 a ingineriei. Aceast\u0103 caracteristic\u0103 unic\u0103 v\u0103 permite s\u0103 admira\u021bi \u00een permanen\u021b\u0103 func\u021bionarea ritmic\u0103 a mecanismului automat, \u00een timp ce spatele transparent al carcasei dezv\u0103luie \u0219i mai multe detalii fascinante ale mecanicii complexe.<\/p>\n<p>Contrastul armonios dintre negrul profund al cadranului \u0219i cureaua moale din piele maro transform\u0103 piesa \u00eentr-un accesoriu elegant des\u0103v\u00e2r\u0219it.<\/p>\n<p>Acest ceas original este creat pentru cei care \u00ee\u0219i doresc o declara\u021bie de mod\u0103 sigur\u0103 \u0219i sofisticat\u0103, potrivit\u0103 pentru orice ocazie.<\/p>\n<p>Dac\u0103 sunte\u021bi \u00een c\u0103utarea unui cadou perfect, care combin\u0103 precizia absolut\u0103, confortul excep\u021bional \u0219i un design iconic, Fossil Everett este alegerea ideal\u0103 pentru a sublinia prestigiul \u0219i bunul gust.<\/p>","protected":false},"excerpt":{"rendered":"<p>Aceste ceasuri b\u0103rba\u021bi din colec\u021bia Fossil Everett reprezint\u0103 o fuziune impecabil\u0103 \u00eentre tradi\u021bie \u0219i dinamismul modern, fiind create special pentru b\u0103rba\u021bii care apreciaz\u0103 stilul clasic rafinat. Tr\u0103s\u0103tura distinctiv\u0103 \u0219i punctul de atrac\u021bie al acestui model este scheletizarea artistic\u0103 a cadranului, care transform\u0103 accesoriul \u00eentr-o adev\u0103rat\u0103 capodoper\u0103 a ingineriei. Aceast\u0103 caracteristic\u0103 unic\u0103 v\u0103 permite s\u0103 admira\u021bi [&hellip;]<\/p>\n","protected":false},"featured_media":62793,"comment_status":"closed","ping_status":"open","template":"","meta":{"_acf_changed":false},"product_brand":[],"product_cat":[20,396],"product_tag":[],"class_list":{"0":"post-62792","1":"product","2":"type-product","3":"status-publish","4":"has-post-thumbnail","6":"product_cat-ceasuri-barbati","7":"product_cat-fossil","8":"pa_brand-fossil","9":"pa_braslet-piele","10":"pa_corpus-42-mm","11":"pa_forma-rotund","12":"pa_funcii-schelet","13":"pa_garatia-24-luni","14":"pa_korpus-negru","15":"pa_material-otel-inoxidabil","16":"pa_mehanizm-mecanic","17":"pa_mehanizm-mecanism-automatic","18":"pa_remeshok-maro","19":"pa_steklo-cristal-mineral","20":"pa_strana-sua","21":"pa_voda-5-atm","23":"first","24":"instock","25":"purchasable","26":"product-type-simple"},"acf":[],"_links":{"self":[{"href":"https:\/\/ceasuri.md\/ru\/wp-json\/wp\/v2\/product\/62792","targetHints":{"allow":["GET"]}}],"collection":[{"href":"https:\/\/ceasuri.md\/ru\/wp-json\/wp\/v2\/product"}],"about":[{"href":"https:\/\/ceasuri.md\/ru\/wp-json\/wp\/v2\/types\/product"}],"replies":[{"embeddable":true,"href":"https:\/\/ceasuri.md\/ru\/wp-json\/wp\/v2\/comments?post=62792"}],"wp:featuredmedia":[{"embeddable":true,"href":"https:\/\/ceasuri.md\/ru\/wp-json\/wp\/v2\/media\/62793"}],"wp:attachment":[{"href":"https:\/\/ceasuri.md\/ru\/wp-json\/wp\/v2\/media?parent=62792"}],"wp:term":[{"taxonomy":"product_brand","embeddable":true,"href":"https:\/\/ceasuri.md\/ru\/wp-json\/wp\/v2\/product_brand?post=62792"},{"taxonomy":"product_cat","embeddable":true,"href":"https:\/\/ceasuri.md\/ru\/wp-json\/wp\/v2\/product_cat?post=62792"},{"taxonomy":"product_tag","embeddable":true,"href":"https:\/\/ceasuri.md\/ru\/wp-json\/wp\/v2\/product_tag?post=62792"}],"curies":[{"name":"wp","href":"https:\/\/api.w.org\/{rel}","templated":true}]}}