{"id":62774,"date":"2026-04-03T01:36:18","date_gmt":"2026-04-02T22:36:18","guid":{"rendered":"http:\/\/new.ceasuri.md\/shop\/uncategorized\/fossil-townsman-me3266\/"},"modified":"2026-04-15T21:27:42","modified_gmt":"2026-04-15T18:27:42","slug":"fossil-townsman-me3266","status":"publish","type":"product","link":"https:\/\/ceasuri.md\/ru\/shop\/branduri\/fossil\/fossil-townsman-me3266\/","title":{"rendered":"Ceas FOSSIL TOWNSMAN ME3266"},"content":{"rendered":"<p>Aceste ceasuri b\u0103rba\u021bi din colec\u021bia Townsman reprezint\u0103 o armonie perfect\u0103 \u00eentre estetica clasic\u0103 \u0219i excelen\u021ba tehnic\u0103, fiind create pentru cei care apreciaz\u0103 arta mecanicii vizibile.<\/p>\n<p>Tr\u0103s\u0103tura distinctiv\u0103 a modelului este designul de tip Open Heart, care dezv\u0103luie func\u021bionarea fascinant\u0103 a mecanismului japonez de precizie. Inima ceasului, balansierul, poate fi admirat\u0103 \u00een timp ce oscileaz\u0103 ritmic, asigur\u00e2nd \u00eenc\u0103rcarea automat\u0103 \u0219i o acurate\u021be impecabil\u0103 a timpului.<\/p>\n<p>O aten\u021bie deosebit\u0103 este acordat\u0103 detaliilor \u0219i calit\u0103\u021bii materialelor, elemente ce scot \u00een eviden\u021b\u0103 statutul posesorului. Acest ceas original nu este doar un instrument de m\u0103surat timpul, ci un accesoriu elegant care subliniaz\u0103 individualitatea b\u0103rbatului modern \u0219i \u00eencrez\u0103tor.<\/p>\n<p>Dac\u0103 sunte\u021bi \u00een c\u0103utarea unui cadou perfect, Townsman este alegerea ideal\u0103, devenind un simbol al rafinamentului \u0219i al aten\u021biei deosebite la detalii.<\/p>","protected":false},"excerpt":{"rendered":"<p>Aceste ceasuri b\u0103rba\u021bi din colec\u021bia Townsman reprezint\u0103 o armonie perfect\u0103 \u00eentre estetica clasic\u0103 \u0219i excelen\u021ba tehnic\u0103, fiind create pentru cei care apreciaz\u0103 arta mecanicii vizibile. Tr\u0103s\u0103tura distinctiv\u0103 a modelului este designul de tip Open Heart, care dezv\u0103luie func\u021bionarea fascinant\u0103 a mecanismului japonez de precizie. Inima ceasului, balansierul, poate fi admirat\u0103 \u00een timp ce oscileaz\u0103 ritmic, [&hellip;]<\/p>\n","protected":false},"featured_media":62775,"comment_status":"closed","ping_status":"open","template":"","meta":{"_acf_changed":false},"product_brand":[],"product_cat":[20,396],"product_tag":[],"class_list":{"0":"post-62774","1":"product","2":"type-product","3":"status-publish","4":"has-post-thumbnail","6":"product_cat-ceasuri-barbati","7":"product_cat-fossil","8":"pa_brand-fossil","9":"pa_braslet-piele","10":"pa_corpus-44-mm","11":"pa_forma-rotund","12":"pa_funcii-offset-second-hand","13":"pa_funcii-semischelet","14":"pa_garatia-24-luni","15":"pa_korpus-argintiu","16":"pa_material-otel-inoxidabil","17":"pa_mehanizm-mecanic","18":"pa_mehanizm-mecanism-automatic","19":"pa_remeshok-maro","20":"pa_steklo-cristal-mineral","21":"pa_strana-sua","22":"pa_voda-5-atm","24":"first","25":"instock","26":"purchasable","27":"product-type-simple"},"acf":[],"_links":{"self":[{"href":"https:\/\/ceasuri.md\/ru\/wp-json\/wp\/v2\/product\/62774","targetHints":{"allow":["GET"]}}],"collection":[{"href":"https:\/\/ceasuri.md\/ru\/wp-json\/wp\/v2\/product"}],"about":[{"href":"https:\/\/ceasuri.md\/ru\/wp-json\/wp\/v2\/types\/product"}],"replies":[{"embeddable":true,"href":"https:\/\/ceasuri.md\/ru\/wp-json\/wp\/v2\/comments?post=62774"}],"wp:featuredmedia":[{"embeddable":true,"href":"https:\/\/ceasuri.md\/ru\/wp-json\/wp\/v2\/media\/62775"}],"wp:attachment":[{"href":"https:\/\/ceasuri.md\/ru\/wp-json\/wp\/v2\/media?parent=62774"}],"wp:term":[{"taxonomy":"product_brand","embeddable":true,"href":"https:\/\/ceasuri.md\/ru\/wp-json\/wp\/v2\/product_brand?post=62774"},{"taxonomy":"product_cat","embeddable":true,"href":"https:\/\/ceasuri.md\/ru\/wp-json\/wp\/v2\/product_cat?post=62774"},{"taxonomy":"product_tag","embeddable":true,"href":"https:\/\/ceasuri.md\/ru\/wp-json\/wp\/v2\/product_tag?post=62774"}],"curies":[{"name":"wp","href":"https:\/\/api.w.org\/{rel}","templated":true}]}}