{"id":62768,"date":"2026-04-03T01:36:18","date_gmt":"2026-04-02T22:36:18","guid":{"rendered":"http:\/\/new.ceasuri.md\/shop\/uncategorized\/fossil-townsman-me3267\/"},"modified":"2026-04-20T01:59:07","modified_gmt":"2026-04-19T22:59:07","slug":"fossil-townsman-me3267","status":"publish","type":"product","link":"https:\/\/ceasuri.md\/ru\/shop\/branduri\/fossil\/fossil-townsman-me3267\/","title":{"rendered":"\u0427\u0430\u0441\u044b FOSSIL TOWNSMAN ME3267"},"content":{"rendered":"<p>Aceste ceasuri b\u0103rba\u021bi din colec\u021bia Townsman reprezint\u0103 o icoan\u0103 modern\u0103 a stilului, ce pune \u00een valoare estetica \u0219i complexitatea artei orologiere.<\/p>\n<p>Modelul este creat special pentru b\u0103rba\u021bii \u00eencrez\u0103tori, care apreciaz\u0103 profunzimea \u0219i aten\u021bia la detalii \u00een fiecare moment.<\/p>\n<p>Tr\u0103s\u0103tura distinctiv\u0103 a acestui model este cadranul transparent, care ofer\u0103 o perspectiv\u0103 fascinant\u0103 asupra func\u021bion\u0103rii impecabile a mecanismului automat cu auto-\u00eentoarcere, direct la \u00eencheietura m\u00e2inii tale.<\/p>\n<p>Acest partener tehnic des\u0103v\u00e2r\u0219it este completat de o curea moale din piele maro, realizat\u0103 conform standardelor ecologice stricte ale Leather Working Group (LWG).<\/p>\n<p>Combina\u021bia dintre materialele premium \u0219i mecanica vizibil\u0103 transform\u0103 modelul \u00eentr-un accesoriu elegant, ideal at\u00e2t pentru \u021binutele business, c\u00e2t \u0219i pentru cele casual.<\/p>","protected":false},"excerpt":{"rendered":"<p>Aceste ceasuri b\u0103rba\u021bi din colec\u021bia Townsman reprezint\u0103 o icoan\u0103 modern\u0103 a stilului, ce pune \u00een valoare estetica \u0219i complexitatea artei orologiere. Modelul este creat special pentru b\u0103rba\u021bii \u00eencrez\u0103tori, care apreciaz\u0103 profunzimea \u0219i aten\u021bia la detalii \u00een fiecare moment. Tr\u0103s\u0103tura distinctiv\u0103 a acestui model este cadranul transparent, care ofer\u0103 o perspectiv\u0103 fascinant\u0103 asupra func\u021bion\u0103rii impecabile a [&hellip;]<\/p>\n","protected":false},"featured_media":62769,"comment_status":"closed","ping_status":"open","template":"","meta":{"_acf_changed":false},"product_brand":[],"product_cat":[20,396],"product_tag":[],"class_list":{"0":"post-62768","1":"product","2":"type-product","3":"status-publish","4":"has-post-thumbnail","6":"product_cat-ceasuri-barbati","7":"product_cat-fossil","8":"pa_brand-fossil","9":"pa_braslet-piele","10":"pa_corpus-44-mm","11":"pa_forma-rotund","12":"pa_funcii-schelet","13":"pa_garatia-24-luni","14":"pa_korpus-argintiu","15":"pa_material-otel-inoxidabil","16":"pa_mehanizm-mecanic","17":"pa_mehanizm-mecanism-automatic","18":"pa_remeshok-maro","19":"pa_steklo-cristal-mineral","20":"pa_strana-sua","21":"pa_voda-5-atm","23":"first","24":"instock","25":"purchasable","26":"product-type-simple"},"acf":[],"_links":{"self":[{"href":"https:\/\/ceasuri.md\/ru\/wp-json\/wp\/v2\/product\/62768","targetHints":{"allow":["GET"]}}],"collection":[{"href":"https:\/\/ceasuri.md\/ru\/wp-json\/wp\/v2\/product"}],"about":[{"href":"https:\/\/ceasuri.md\/ru\/wp-json\/wp\/v2\/types\/product"}],"replies":[{"embeddable":true,"href":"https:\/\/ceasuri.md\/ru\/wp-json\/wp\/v2\/comments?post=62768"}],"wp:featuredmedia":[{"embeddable":true,"href":"https:\/\/ceasuri.md\/ru\/wp-json\/wp\/v2\/media\/62769"}],"wp:attachment":[{"href":"https:\/\/ceasuri.md\/ru\/wp-json\/wp\/v2\/media?parent=62768"}],"wp:term":[{"taxonomy":"product_brand","embeddable":true,"href":"https:\/\/ceasuri.md\/ru\/wp-json\/wp\/v2\/product_brand?post=62768"},{"taxonomy":"product_cat","embeddable":true,"href":"https:\/\/ceasuri.md\/ru\/wp-json\/wp\/v2\/product_cat?post=62768"},{"taxonomy":"product_tag","embeddable":true,"href":"https:\/\/ceasuri.md\/ru\/wp-json\/wp\/v2\/product_tag?post=62768"}],"curies":[{"name":"wp","href":"https:\/\/api.w.org\/{rel}","templated":true}]}}