{"id":62762,"date":"2026-04-03T01:36:18","date_gmt":"2026-04-02T22:36:18","guid":{"rendered":"http:\/\/new.ceasuri.md\/shop\/uncategorized\/fossil-townsman-me3268\/"},"modified":"2026-04-20T01:59:08","modified_gmt":"2026-04-19T22:59:08","slug":"fossil-townsman-me3268","status":"publish","type":"product","link":"https:\/\/ceasuri.md\/ru\/shop\/branduri\/fossil\/fossil-townsman-me3268\/","title":{"rendered":"\u0427\u0430\u0441\u044b FOSSIL TOWNSMAN ME3268"},"content":{"rendered":"<p>Aceste ceasuri b\u0103rba\u021bi din colec\u021bia Townsman reprezint\u0103 o icoan\u0103 modern\u0103 a stilului, ce pune \u00een valoare estetica \u0219i complexitatea artei orologiere.<\/p>\n<p>Modelul este creat special pentru b\u0103rba\u021bii \u00eencrez\u0103tori, care apreciaz\u0103 profunzimea \u0219i detaliile \u00een fiecare moment.<\/p>\n<p>Nuan\u021ba nobil\u0103 de antracit a br\u0103\u021b\u0103rii din o\u021bel, combinat\u0103 cu designul sofisticat al carcasei, ofer\u0103 acestui model un aspect modern \u0219i rafinat, fiind un complet perfect pentru \u021binutele business sau casual.<\/p>\n<p>Tr\u0103s\u0103tura distinctiv\u0103 a acestui model este cadranul gri transparent, care ofer\u0103 o perspectiv\u0103 fascinant\u0103 asupra func\u021bion\u0103rii mecanismului automat cu auto-\u00eentoarcere.<\/p>\n<p>Acest ceas original m\u0103soar\u0103 timpul f\u0103r\u0103 baterie, baz\u00e2ndu-se pe o inginerie sofisticat\u0103, ceea ce \u00eel transform\u0103 \u00eentr-un simbol al durabilit\u0103\u021bii \u0219i al prestigiului.<\/p>\n<p>Dac\u0103 sunte\u021bi \u00een c\u0103utarea unui cadou perfect, acest accesoriu elegant este alegerea ideal\u0103 pentru a sublinia succesul \u0219i aten\u021bia deosebit\u0103 la detalii.<\/p>","protected":false},"excerpt":{"rendered":"<p>Aceste ceasuri b\u0103rba\u021bi din colec\u021bia Townsman reprezint\u0103 o icoan\u0103 modern\u0103 a stilului, ce pune \u00een valoare estetica \u0219i complexitatea artei orologiere. Modelul este creat special pentru b\u0103rba\u021bii \u00eencrez\u0103tori, care apreciaz\u0103 profunzimea \u0219i detaliile \u00een fiecare moment. Nuan\u021ba nobil\u0103 de antracit a br\u0103\u021b\u0103rii din o\u021bel, combinat\u0103 cu designul sofisticat al carcasei, ofer\u0103 acestui model un aspect [&hellip;]<\/p>\n","protected":false},"featured_media":62763,"comment_status":"closed","ping_status":"open","template":"","meta":{"_acf_changed":false},"product_brand":[],"product_cat":[20,396],"product_tag":[],"class_list":{"0":"post-62762","1":"product","2":"type-product","3":"status-publish","4":"has-post-thumbnail","6":"product_cat-ceasuri-barbati","7":"product_cat-fossil","8":"pa_brand-fossil","9":"pa_braslet-otel-inoxidabil","10":"pa_corpus-44-mm","11":"pa_forma-rotund","12":"pa_funcii-schelet","13":"pa_garatia-24-luni","14":"pa_korpus-gri","15":"pa_material-otel-inoxidabil","16":"pa_mehanizm-mecanic","17":"pa_mehanizm-mecanism-automatic","18":"pa_remeshok-gri","19":"pa_steklo-cristal-mineral","20":"pa_strana-sua","21":"pa_voda-5-atm","23":"first","24":"instock","25":"purchasable","26":"product-type-simple"},"acf":[],"_links":{"self":[{"href":"https:\/\/ceasuri.md\/ru\/wp-json\/wp\/v2\/product\/62762","targetHints":{"allow":["GET"]}}],"collection":[{"href":"https:\/\/ceasuri.md\/ru\/wp-json\/wp\/v2\/product"}],"about":[{"href":"https:\/\/ceasuri.md\/ru\/wp-json\/wp\/v2\/types\/product"}],"replies":[{"embeddable":true,"href":"https:\/\/ceasuri.md\/ru\/wp-json\/wp\/v2\/comments?post=62762"}],"wp:featuredmedia":[{"embeddable":true,"href":"https:\/\/ceasuri.md\/ru\/wp-json\/wp\/v2\/media\/62763"}],"wp:attachment":[{"href":"https:\/\/ceasuri.md\/ru\/wp-json\/wp\/v2\/media?parent=62762"}],"wp:term":[{"taxonomy":"product_brand","embeddable":true,"href":"https:\/\/ceasuri.md\/ru\/wp-json\/wp\/v2\/product_brand?post=62762"},{"taxonomy":"product_cat","embeddable":true,"href":"https:\/\/ceasuri.md\/ru\/wp-json\/wp\/v2\/product_cat?post=62762"},{"taxonomy":"product_tag","embeddable":true,"href":"https:\/\/ceasuri.md\/ru\/wp-json\/wp\/v2\/product_tag?post=62762"}],"curies":[{"name":"wp","href":"https:\/\/api.w.org\/{rel}","templated":true}]}}