{"id":62756,"date":"2026-04-03T01:36:18","date_gmt":"2026-04-02T22:36:18","guid":{"rendered":"http:\/\/new.ceasuri.md\/shop\/uncategorized\/fossil-townsman-me3269\/"},"modified":"2026-04-20T01:59:08","modified_gmt":"2026-04-19T22:59:08","slug":"fossil-townsman-me3269","status":"publish","type":"product","link":"https:\/\/ceasuri.md\/ru\/shop\/branduri\/fossil\/fossil-townsman-me3269\/","title":{"rendered":"\u0427\u0430\u0441\u044b FOSSIL TOWNSMAN ME3269"},"content":{"rendered":"<p>Aceste ceasuri b\u0103rba\u021bi din colec\u021bia Townsman reprezint\u0103 o icoan\u0103 modern\u0103 a stilului, ce pune \u00een valoare estetica mecanicii complexe.<\/p>\n<p>Tr\u0103s\u0103tura distinctiv\u0103 a modelului este cadranul transparent, care ofer\u0103 o perspectiv\u0103 fascinant\u0103 asupra func\u021bion\u0103rii impecabile a mecanismului automat, transform\u00e2nd piesa \u00eentr-o adev\u0103rat\u0103 capodoper\u0103 a ingineriei.<\/p>\n<p>Este un model creat special pentru b\u0103rbatul \u00eencrez\u0103tor, care apreciaz\u0103 profunzimea \u0219i detaliile \u00een fiecare moment.<\/p>\n<p>Combina\u021bia dintre cristalul nuan\u021bat \u00een gri \u0219i br\u0103\u021bara din o\u021bel inoxidabil negru ofer\u0103 acestui model un aspect modern \u0219i rafinat.<\/p>\n<p>Acest ceas original reu\u0219e\u0219te s\u0103 atrag\u0103 toate privirile prin estetica sa neobi\u0219nuit\u0103 \u0219i dinamism.<\/p>","protected":false},"excerpt":{"rendered":"<p>Aceste ceasuri b\u0103rba\u021bi din colec\u021bia Townsman reprezint\u0103 o icoan\u0103 modern\u0103 a stilului, ce pune \u00een valoare estetica mecanicii complexe. Tr\u0103s\u0103tura distinctiv\u0103 a modelului este cadranul transparent, care ofer\u0103 o perspectiv\u0103 fascinant\u0103 asupra func\u021bion\u0103rii impecabile a mecanismului automat, transform\u00e2nd piesa \u00eentr-o adev\u0103rat\u0103 capodoper\u0103 a ingineriei. Este un model creat special pentru b\u0103rbatul \u00eencrez\u0103tor, care apreciaz\u0103 profunzimea [&hellip;]<\/p>\n","protected":false},"featured_media":62757,"comment_status":"closed","ping_status":"open","template":"","meta":{"_acf_changed":false},"product_brand":[],"product_cat":[20,396],"product_tag":[],"class_list":{"0":"post-62756","1":"product","2":"type-product","3":"status-publish","4":"has-post-thumbnail","6":"product_cat-ceasuri-barbati","7":"product_cat-fossil","8":"pa_brand-fossil","9":"pa_braslet-otel-inoxidabil","10":"pa_corpus-44-mm","11":"pa_forma-rotund","12":"pa_funcii-schelet","13":"pa_garatia-24-luni","14":"pa_korpus-negru","15":"pa_material-otel-inoxidabil","16":"pa_mehanizm-mecanic","17":"pa_mehanizm-mecanism-automatic","18":"pa_remeshok-negru","19":"pa_steklo-cristal-mineral","20":"pa_strana-sua","21":"pa_voda-5-atm","23":"first","24":"instock","25":"purchasable","26":"product-type-simple"},"acf":[],"_links":{"self":[{"href":"https:\/\/ceasuri.md\/ru\/wp-json\/wp\/v2\/product\/62756","targetHints":{"allow":["GET"]}}],"collection":[{"href":"https:\/\/ceasuri.md\/ru\/wp-json\/wp\/v2\/product"}],"about":[{"href":"https:\/\/ceasuri.md\/ru\/wp-json\/wp\/v2\/types\/product"}],"replies":[{"embeddable":true,"href":"https:\/\/ceasuri.md\/ru\/wp-json\/wp\/v2\/comments?post=62756"}],"wp:featuredmedia":[{"embeddable":true,"href":"https:\/\/ceasuri.md\/ru\/wp-json\/wp\/v2\/media\/62757"}],"wp:attachment":[{"href":"https:\/\/ceasuri.md\/ru\/wp-json\/wp\/v2\/media?parent=62756"}],"wp:term":[{"taxonomy":"product_brand","embeddable":true,"href":"https:\/\/ceasuri.md\/ru\/wp-json\/wp\/v2\/product_brand?post=62756"},{"taxonomy":"product_cat","embeddable":true,"href":"https:\/\/ceasuri.md\/ru\/wp-json\/wp\/v2\/product_cat?post=62756"},{"taxonomy":"product_tag","embeddable":true,"href":"https:\/\/ceasuri.md\/ru\/wp-json\/wp\/v2\/product_tag?post=62756"}],"curies":[{"name":"wp","href":"https:\/\/api.w.org\/{rel}","templated":true}]}}