{"id":62744,"date":"2026-04-03T01:36:18","date_gmt":"2026-04-02T22:36:18","guid":{"rendered":"http:\/\/new.ceasuri.md\/shop\/uncategorized\/fossil-carraway-me3273\/"},"modified":"2026-04-20T01:59:10","modified_gmt":"2026-04-19T22:59:10","slug":"fossil-carraway-me3273","status":"publish","type":"product","link":"https:\/\/ceasuri.md\/ru\/shop\/branduri\/fossil\/fossil-carraway-me3273\/","title":{"rendered":"\u0427\u0430\u0441\u044b FOSSIL CARRAWAY ME3273"},"content":{"rendered":"<p>Colec\u021bia Carraway reprezint\u0103 un clasic modern, unde fiecare detaliu este finisat cu o aten\u021bie des\u0103v\u00e2r\u0219it\u0103.<\/p>\n<p>Aceste ceasuri b\u0103rba\u021bi cu mecanism automat sunt create special pentru cunosc\u0103torii artei orologiere \u0219i ai designului rafinat.<\/p>\n<p>Tr\u0103s\u0103tura distinctiv\u0103 a acestui model este cadranul scheletizat \u0219i spatele transparent al carcasei, care ofer\u0103 o perspectiv\u0103 fascinant\u0103 asupra func\u021bion\u0103rii mecanicii complexe.<\/p>\n<p>Forma curbat\u0103 a carcasei asigur\u0103 un confort excep\u021bional, permi\u021b\u00e2nd ceasului s\u0103 se adapteze natural pe \u00eencheietura m\u00e2inii.<\/p>\n<p>Cadranul albastru clasic este completat armonios de cureaua maro din piele, cu o textur\u0103 sofisticat\u0103 de crocodil.<\/p>\n<p>Dac\u0103 sunte\u021bi \u00een c\u0103utarea unui cadou perfect, acest ceas original va deveni simbolul gustului impecabil \u0219i al unui stil atemporal, menit s\u0103 r\u0103m\u00e2n\u0103 o pies\u0103 de referin\u021b\u0103 \u00een garderoba oric\u0103rui b\u0103rbat.<\/p>","protected":false},"excerpt":{"rendered":"<p>Colec\u021bia Carraway reprezint\u0103 un clasic modern, unde fiecare detaliu este finisat cu o aten\u021bie des\u0103v\u00e2r\u0219it\u0103. Aceste ceasuri b\u0103rba\u021bi cu mecanism automat sunt create special pentru cunosc\u0103torii artei orologiere \u0219i ai designului rafinat. Tr\u0103s\u0103tura distinctiv\u0103 a acestui model este cadranul scheletizat \u0219i spatele transparent al carcasei, care ofer\u0103 o perspectiv\u0103 fascinant\u0103 asupra func\u021bion\u0103rii mecanicii complexe. Forma [&hellip;]<\/p>\n","protected":false},"featured_media":62745,"comment_status":"closed","ping_status":"open","template":"","meta":{"_acf_changed":false},"product_brand":[],"product_cat":[20,396],"product_tag":[],"class_list":{"0":"post-62744","1":"product","2":"type-product","3":"status-publish","4":"has-post-thumbnail","6":"product_cat-ceasuri-barbati","7":"product_cat-fossil","8":"pa_brand-fossil","9":"pa_braslet-piele","10":"pa_corpus-30x35mm","11":"pa_forma-dreptunghiular","12":"pa_funcii-semischelet","13":"pa_garatia-24-luni","14":"pa_korpus-argintiu","15":"pa_material-otel-inoxidabil","16":"pa_mehanizm-mecanic","17":"pa_mehanizm-mecanism-automatic","18":"pa_remeshok-maro","19":"pa_steklo-cristal-mineral","20":"pa_strana-sua","21":"pa_voda-5-atm","23":"first","24":"instock","25":"purchasable","26":"product-type-simple"},"acf":[],"_links":{"self":[{"href":"https:\/\/ceasuri.md\/ru\/wp-json\/wp\/v2\/product\/62744","targetHints":{"allow":["GET"]}}],"collection":[{"href":"https:\/\/ceasuri.md\/ru\/wp-json\/wp\/v2\/product"}],"about":[{"href":"https:\/\/ceasuri.md\/ru\/wp-json\/wp\/v2\/types\/product"}],"replies":[{"embeddable":true,"href":"https:\/\/ceasuri.md\/ru\/wp-json\/wp\/v2\/comments?post=62744"}],"wp:featuredmedia":[{"embeddable":true,"href":"https:\/\/ceasuri.md\/ru\/wp-json\/wp\/v2\/media\/62745"}],"wp:attachment":[{"href":"https:\/\/ceasuri.md\/ru\/wp-json\/wp\/v2\/media?parent=62744"}],"wp:term":[{"taxonomy":"product_brand","embeddable":true,"href":"https:\/\/ceasuri.md\/ru\/wp-json\/wp\/v2\/product_brand?post=62744"},{"taxonomy":"product_cat","embeddable":true,"href":"https:\/\/ceasuri.md\/ru\/wp-json\/wp\/v2\/product_cat?post=62744"},{"taxonomy":"product_tag","embeddable":true,"href":"https:\/\/ceasuri.md\/ru\/wp-json\/wp\/v2\/product_tag?post=62744"}],"curies":[{"name":"wp","href":"https:\/\/api.w.org\/{rel}","templated":true}]}}