{"id":62733,"date":"2026-04-03T01:36:18","date_gmt":"2026-04-02T22:36:18","guid":{"rendered":"http:\/\/new.ceasuri.md\/shop\/uncategorized\/fossil-everett-me3275\/"},"modified":"2026-04-20T01:59:11","modified_gmt":"2026-04-19T22:59:11","slug":"fossil-everett-me3275","status":"publish","type":"product","link":"https:\/\/ceasuri.md\/ru\/shop\/branduri\/fossil\/fossil-everett-me3275\/","title":{"rendered":"\u0427\u0430\u0441\u044b FOSSIL EVERETT ME3275"},"content":{"rendered":"<p>Aceste ceasuri b\u0103rba\u021bi din colec\u021bia Everett, dotate cu mecanism automat, reprezint\u0103 expresia suprem\u0103 a stilului casual, unde relaxarea se \u00eembin\u0103 perfect cu rafinamentul masculin.<\/p>\n<p>Designul bicolor din o\u021bel inoxidabil, \u00een nuan\u021be de aur \u0219i argint, ofer\u0103 modelului un spirit sportiv \u0219i o estetic\u0103 sofisticat\u0103.<\/p>\n<p>Carcasa rotund\u0103 pune \u00een valoare cadranul albastru profund cu efect \u201esunray\u201d, oferind o not\u0103 modern\u0103 \u0219i plin\u0103 de \u00eencredere posesorului s\u0103u.<\/p>\n<p>Tr\u0103s\u0103tura distinctiv\u0103 a acestui model este designul de tip Open Heart, care dezv\u0103luie fascinanta func\u021bionare a mecanismului automat direct prin cadran.<\/p>\n<p>Acest ceas original m\u0103soar\u0103 timpul f\u0103r\u0103 baterie, baz\u00e2ndu-se pe o inginerie sofisticat\u0103, ceea ce \u00eel transform\u0103 \u00eentr-un simbol al durabilit\u0103\u021bii \u0219i al prestigiului.<\/p>\n<p>Reprezint\u0103 un accesoriu elegant care ofer\u0103 o perspectiv\u0103 unic\u0103 asupra mecanicii interioare, fiind partenerul ideal pentru cei care apreciaz\u0103 autenticitatea.<\/p>\n<p>Dac\u0103 sunte\u021bi \u00een c\u0103utarea unui cadou perfect care s\u0103 combine designul iconic cu m\u0103iestria tehnic\u0103, Everett este alegerea ideal\u0103 pentru a v\u0103 reprezenta cu m\u00e2ndrie.<\/p>","protected":false},"excerpt":{"rendered":"<p>Aceste ceasuri b\u0103rba\u021bi din colec\u021bia Everett, dotate cu mecanism automat, reprezint\u0103 expresia suprem\u0103 a stilului casual, unde relaxarea se \u00eembin\u0103 perfect cu rafinamentul masculin. Designul bicolor din o\u021bel inoxidabil, \u00een nuan\u021be de aur \u0219i argint, ofer\u0103 modelului un spirit sportiv \u0219i o estetic\u0103 sofisticat\u0103. Carcasa rotund\u0103 pune \u00een valoare cadranul albastru profund cu efect \u201esunray\u201d, [&hellip;]<\/p>\n","protected":false},"featured_media":62734,"comment_status":"closed","ping_status":"open","template":"","meta":{"_acf_changed":false},"product_brand":[],"product_cat":[20,396],"product_tag":[],"class_list":{"0":"post-62733","1":"product","2":"type-product","3":"status-publish","4":"has-post-thumbnail","6":"product_cat-ceasuri-barbati","7":"product_cat-fossil","8":"pa_brand-fossil","9":"pa_braslet-otel-inoxidabil","10":"pa_corpus-42-mm","11":"pa_forma-rotund","12":"pa_funcii-offset-second-hand","13":"pa_funcii-semischelet","14":"pa_garatia-24-luni","15":"pa_korpus-bicolor","16":"pa_material-otel-inoxidabil","17":"pa_mehanizm-mecanic","18":"pa_mehanizm-mecanism-automatic","19":"pa_remeshok-bicolor","20":"pa_steklo-cristal-mineral","21":"pa_strana-sua","22":"pa_voda-5-atm","24":"first","25":"instock","26":"purchasable","27":"product-type-simple"},"acf":[],"_links":{"self":[{"href":"https:\/\/ceasuri.md\/ru\/wp-json\/wp\/v2\/product\/62733","targetHints":{"allow":["GET"]}}],"collection":[{"href":"https:\/\/ceasuri.md\/ru\/wp-json\/wp\/v2\/product"}],"about":[{"href":"https:\/\/ceasuri.md\/ru\/wp-json\/wp\/v2\/types\/product"}],"replies":[{"embeddable":true,"href":"https:\/\/ceasuri.md\/ru\/wp-json\/wp\/v2\/comments?post=62733"}],"wp:featuredmedia":[{"embeddable":true,"href":"https:\/\/ceasuri.md\/ru\/wp-json\/wp\/v2\/media\/62734"}],"wp:attachment":[{"href":"https:\/\/ceasuri.md\/ru\/wp-json\/wp\/v2\/media?parent=62733"}],"wp:term":[{"taxonomy":"product_brand","embeddable":true,"href":"https:\/\/ceasuri.md\/ru\/wp-json\/wp\/v2\/product_brand?post=62733"},{"taxonomy":"product_cat","embeddable":true,"href":"https:\/\/ceasuri.md\/ru\/wp-json\/wp\/v2\/product_cat?post=62733"},{"taxonomy":"product_tag","embeddable":true,"href":"https:\/\/ceasuri.md\/ru\/wp-json\/wp\/v2\/product_tag?post=62733"}],"curies":[{"name":"wp","href":"https:\/\/api.w.org\/{rel}","templated":true}]}}