{"id":62727,"date":"2026-04-03T01:36:18","date_gmt":"2026-04-02T22:36:18","guid":{"rendered":"http:\/\/new.ceasuri.md\/shop\/uncategorized\/fossil-everett-me3277\/"},"modified":"2026-04-20T01:59:12","modified_gmt":"2026-04-19T22:59:12","slug":"fossil-everett-me3277","status":"publish","type":"product","link":"https:\/\/ceasuri.md\/ru\/shop\/branduri\/fossil\/fossil-everett-me3277\/","title":{"rendered":"\u0427\u0430\u0441\u044b FOSSIL EVERETT ME3277"},"content":{"rendered":"<p>Aceste ceasuri b\u0103rba\u021bi din colec\u021bia Everett, dotate cu mecanism automat, reprezint\u0103 expresia suprem\u0103 a stilului casual, unde dinamismul sportiv se \u00eent\u00e2lne\u0219te cu rafinamentul modern.<\/p>\n<p>Designul bicolor din o\u021bel inoxidabil, cu accente nobile de aur roz, ofer\u0103 modelului o not\u0103 de elegan\u021b\u0103 relaxat\u0103 \u0219i un farmec contemporan.<\/p>\n<p>Carcasa rotund\u0103 pune \u00een valoare cadranul negru cu efect \u201esunray\u201d, cre\u00e2nd un contrast puternic care subliniaz\u0103 caracterul hot\u0103r\u00e2t al posesorului.<\/p>\n<p>Elementul distinctiv al acestui model este designul de tip \u201eOpen Heart\u201d, care permite observarea mecanismului automat fascinant direct prin cadran. Acest ceas original func\u021bioneaz\u0103 f\u0103r\u0103 baterie, baz\u00e2ndu-se exclusiv pe o inginerie sofisticat\u0103, ceea ce \u00eel transform\u0103 \u00eentr-un simbol al durabilit\u0103\u021bii \u0219i al statutului.<\/p>\n<p>Reprezint\u0103 un accesoriu elegant care dezv\u0103luie profunzimea \u0219i complexitatea fiec\u0103rui detaliu.<\/p>\n<p>Dac\u0103 sunte\u021bi \u00een c\u0103utarea unui cadou perfect pentru un pasionat de arta orologier\u0103 \u0219i design actual, Everett este alegerea iconic\u0103 creat\u0103 special pentru dumneavoastr\u0103.<\/p>","protected":false},"excerpt":{"rendered":"<p>Aceste ceasuri b\u0103rba\u021bi din colec\u021bia Everett, dotate cu mecanism automat, reprezint\u0103 expresia suprem\u0103 a stilului casual, unde dinamismul sportiv se \u00eent\u00e2lne\u0219te cu rafinamentul modern. Designul bicolor din o\u021bel inoxidabil, cu accente nobile de aur roz, ofer\u0103 modelului o not\u0103 de elegan\u021b\u0103 relaxat\u0103 \u0219i un farmec contemporan. Carcasa rotund\u0103 pune \u00een valoare cadranul negru cu efect [&hellip;]<\/p>\n","protected":false},"featured_media":62728,"comment_status":"closed","ping_status":"open","template":"","meta":{"_acf_changed":false},"product_brand":[],"product_cat":[20,396],"product_tag":[],"class_list":{"0":"post-62727","1":"product","2":"type-product","3":"status-publish","4":"has-post-thumbnail","6":"product_cat-ceasuri-barbati","7":"product_cat-fossil","8":"pa_brand-fossil","9":"pa_braslet-otel-inoxidabil","10":"pa_corpus-42-mm","11":"pa_forma-rotund","12":"pa_funcii-offset-second-hand","13":"pa_funcii-semischelet","14":"pa_garatia-24-luni","15":"pa_korpus-bicolor","16":"pa_material-otel-inoxidabil","17":"pa_mehanizm-mecanic","18":"pa_mehanizm-mecanism-automatic","19":"pa_remeshok-bicolor","20":"pa_steklo-cristal-mineral","21":"pa_strana-sua","22":"pa_voda-5-atm","24":"first","25":"instock","26":"purchasable","27":"product-type-simple"},"acf":[],"_links":{"self":[{"href":"https:\/\/ceasuri.md\/ru\/wp-json\/wp\/v2\/product\/62727","targetHints":{"allow":["GET"]}}],"collection":[{"href":"https:\/\/ceasuri.md\/ru\/wp-json\/wp\/v2\/product"}],"about":[{"href":"https:\/\/ceasuri.md\/ru\/wp-json\/wp\/v2\/types\/product"}],"replies":[{"embeddable":true,"href":"https:\/\/ceasuri.md\/ru\/wp-json\/wp\/v2\/comments?post=62727"}],"wp:featuredmedia":[{"embeddable":true,"href":"https:\/\/ceasuri.md\/ru\/wp-json\/wp\/v2\/media\/62728"}],"wp:attachment":[{"href":"https:\/\/ceasuri.md\/ru\/wp-json\/wp\/v2\/media?parent=62727"}],"wp:term":[{"taxonomy":"product_brand","embeddable":true,"href":"https:\/\/ceasuri.md\/ru\/wp-json\/wp\/v2\/product_brand?post=62727"},{"taxonomy":"product_cat","embeddable":true,"href":"https:\/\/ceasuri.md\/ru\/wp-json\/wp\/v2\/product_cat?post=62727"},{"taxonomy":"product_tag","embeddable":true,"href":"https:\/\/ceasuri.md\/ru\/wp-json\/wp\/v2\/product_tag?post=62727"}],"curies":[{"name":"wp","href":"https:\/\/api.w.org\/{rel}","templated":true}]}}