{"id":62722,"date":"2026-04-03T01:36:18","date_gmt":"2026-04-02T22:36:18","guid":{"rendered":"http:\/\/new.ceasuri.md\/shop\/uncategorized\/diesel-d-sruptor-dz2224\/"},"modified":"2026-04-15T21:27:34","modified_gmt":"2026-04-15T18:27:34","slug":"diesel-d-sruptor-dz2224","status":"publish","type":"product","link":"https:\/\/ceasuri.md\/ru\/shop\/branduri\/diesel\/diesel-d-sruptor-dz2224\/","title":{"rendered":"Ceas DIESEL D-SRUPTOR DZ2224"},"content":{"rendered":"<p>D-Sruptor este un accesoriu elegant \u00een spiritul streetwear-ului contemporan Diesel. Combin\u00e2nd un design minimalist cu estetica specific\u0103 brandului, acesta reprezint\u0103 o completare remarcabil\u0103 pentru orice look de zi cu zi.<\/p>\n<p>Carcasa rotund\u0103 de 42 mm arat\u0103 la fel de bine at\u00e2t pe \u00eencheieturile sub\u021biri, c\u00e2t \u0219i pe cele groase. Fabricat\u0103 din o\u021bel inoxidabil durabil, se m\u00e2ndre\u0219te cu o form\u0103 geometric\u0103 modern\u0103 care confer\u0103 ceasului un aspect dinamic \u0219i tehnologic.<\/p>\n<p>Cadranul, cu logo-ul \u0219i indexurile orare ale brandului, asigur\u0103 o citire u\u0219oar\u0103 \u0219i accentueaz\u0103 simplitatea elegant\u0103 a designului. Cristalul mineral protejeaz\u0103 cadranul de zg\u00e2rieturi minore.<\/p>\n<p>Un mecanism cu cuar\u021b fiabil asigur\u0103 o m\u0103surare precis\u0103 a timpului \u0219i o func\u021bionare stabil\u0103.<\/p>\n<p>Modelul este completat de o br\u0103\u021bar\u0103 confortabil\u0103 care se potrive\u0219te confortabil pe \u00eencheietura m\u00e2inii \u0219i este potrivit\u0103 pentru purtarea zilnic\u0103.<\/p>\n<p>Rezistent la ap\u0103 p\u00e2n\u0103 la 5 bari, acest ceas poate fi purtat f\u0103r\u0103 team\u0103 \u00een timp ce v\u0103 sp\u0103la\u021bi pe m\u00e2ini.<\/p>\n<p>O alegere excelent\u0103 pentru cei care apreciaz\u0103 accesoriile moderne cu caracter, doresc s\u0103-\u0219i sublinieze stilul individual \u0219i s\u0103 adauge expresivitate aspectului lor.<\/p>","protected":false},"excerpt":{"rendered":"<p>D-Sruptor este un accesoriu elegant \u00een spiritul streetwear-ului contemporan Diesel. Combin\u00e2nd un design minimalist cu estetica specific\u0103 brandului, acesta reprezint\u0103 o completare remarcabil\u0103 pentru orice look de zi cu zi. Carcasa rotund\u0103 de 42 mm arat\u0103 la fel de bine at\u00e2t pe \u00eencheieturile sub\u021biri, c\u00e2t \u0219i pe cele groase. Fabricat\u0103 din o\u021bel inoxidabil durabil, se [&hellip;]<\/p>\n","protected":false},"featured_media":62723,"comment_status":"closed","ping_status":"open","template":"","meta":{"_acf_changed":false},"product_brand":[],"product_cat":[20,580],"product_tag":[],"class_list":{"0":"post-62722","1":"product","2":"type-product","3":"status-publish","4":"has-post-thumbnail","6":"product_cat-ceasuri-barbati","7":"product_cat-diesel","8":"pa_brand-diesel","9":"pa_braslet-otel-inoxidabil","10":"pa_corpus-42-mm","11":"pa_forma-rotund","12":"pa_garatia-24-luni","13":"pa_korpus-argintiu","14":"pa_kvarc-quartz","15":"pa_material-otel-inoxidabil","16":"pa_mehanizm-quartz","17":"pa_remeshok-argintiu","18":"pa_steklo-cristal-mineral","19":"pa_strana-italia","20":"pa_voda-5-atm","22":"first","23":"instock","24":"purchasable","25":"product-type-simple"},"acf":[],"_links":{"self":[{"href":"https:\/\/ceasuri.md\/ru\/wp-json\/wp\/v2\/product\/62722","targetHints":{"allow":["GET"]}}],"collection":[{"href":"https:\/\/ceasuri.md\/ru\/wp-json\/wp\/v2\/product"}],"about":[{"href":"https:\/\/ceasuri.md\/ru\/wp-json\/wp\/v2\/types\/product"}],"replies":[{"embeddable":true,"href":"https:\/\/ceasuri.md\/ru\/wp-json\/wp\/v2\/comments?post=62722"}],"wp:featuredmedia":[{"embeddable":true,"href":"https:\/\/ceasuri.md\/ru\/wp-json\/wp\/v2\/media\/62723"}],"wp:attachment":[{"href":"https:\/\/ceasuri.md\/ru\/wp-json\/wp\/v2\/media?parent=62722"}],"wp:term":[{"taxonomy":"product_brand","embeddable":true,"href":"https:\/\/ceasuri.md\/ru\/wp-json\/wp\/v2\/product_brand?post=62722"},{"taxonomy":"product_cat","embeddable":true,"href":"https:\/\/ceasuri.md\/ru\/wp-json\/wp\/v2\/product_cat?post=62722"},{"taxonomy":"product_tag","embeddable":true,"href":"https:\/\/ceasuri.md\/ru\/wp-json\/wp\/v2\/product_tag?post=62722"}],"curies":[{"name":"wp","href":"https:\/\/api.w.org\/{rel}","templated":true}]}}