{"id":62713,"date":"2026-04-03T01:36:18","date_gmt":"2026-04-02T22:36:18","guid":{"rendered":"http:\/\/new.ceasuri.md\/shop\/uncategorized\/diesel-spiked-dz4629\/"},"modified":"2026-04-20T01:58:01","modified_gmt":"2026-04-19T22:58:01","slug":"diesel-spiked-dz4629","status":"publish","type":"product","link":"https:\/\/ceasuri.md\/ru\/shop\/branduri\/diesel\/diesel-spiked-dz4629\/","title":{"rendered":"\u0427\u0430\u0441\u044b DIESEL SPIKED DZ4629"},"content":{"rendered":"<p>O declara\u021bie de stil \u00eendr\u0103znea\u021b\u0103 pentru cei care apreciaz\u0103 accesoriile expresive. Acest model combin\u0103 estetica industrial\u0103 \u0219i func\u021bionalitatea modern\u0103, cre\u00e2nd un aspect izbitor pentru fiecare zi.<\/p>\n<p>Carcasa din o\u021bel inoxidabil accentueaz\u0103 caracterul robust al modelului, \u00een timp ce elementele de accent \u0219i o lunet\u0103 masiv\u0103 adaug\u0103 dinamism designului. Carcasa \u0219i br\u0103\u021bara cu lan\u021b bicolor creeaz\u0103 un ansamblu puternic \u0219i unic, perfect pentru a ie\u0219i \u00een eviden\u021b\u0103.<\/p>\n<p>Cadranul argintiu cu indexuri orare \u0219i acele contrastante asigur\u0103 o lizibilitate excelent\u0103. Cristalul mineral protejeaz\u0103 mecanismul de influen\u021bele externe.<\/p>\n<p>Mi\u0219carea fiabil\u0103 cu cuar\u021b garanteaz\u0103 precizie. Func\u021bia cronograf v\u0103 permite s\u0103 m\u0103sura\u021bi intervale de timp, iar fereastra pentru dat\u0103 adaug\u0103 caracter practic pentru utilizarea zilnic\u0103.<\/p>\n<p>Rezistent la ap\u0103 p\u00e2n\u0103 la 5 bari, ceasul este bine protejat de umiditate.<\/p>\n<p>SPIKED combin\u0103 puterea, tehnologia \u0219i stilul Diesel caracteristic. Este alegerea perfect\u0103 pentru b\u0103rba\u021bii care apreciaz\u0103 designul carismatic \u0219i doresc s\u0103 \u00ee\u0219i sublinieze individualitatea.<\/p>","protected":false},"excerpt":{"rendered":"<p>O declara\u021bie de stil \u00eendr\u0103znea\u021b\u0103 pentru cei care apreciaz\u0103 accesoriile expresive. Acest model combin\u0103 estetica industrial\u0103 \u0219i func\u021bionalitatea modern\u0103, cre\u00e2nd un aspect izbitor pentru fiecare zi. Carcasa din o\u021bel inoxidabil accentueaz\u0103 caracterul robust al modelului, \u00een timp ce elementele de accent \u0219i o lunet\u0103 masiv\u0103 adaug\u0103 dinamism designului. Carcasa \u0219i br\u0103\u021bara cu lan\u021b bicolor creeaz\u0103 [&hellip;]<\/p>\n","protected":false},"featured_media":62714,"comment_status":"closed","ping_status":"open","template":"","meta":{"_acf_changed":false},"product_brand":[],"product_cat":[20,580],"product_tag":[],"class_list":{"0":"post-62713","1":"product","2":"type-product","3":"status-publish","4":"has-post-thumbnail","6":"product_cat-ceasuri-barbati","7":"product_cat-diesel","8":"pa_brand-diesel","9":"pa_braslet-otel-inoxidabil","10":"pa_corpus-49-mm","11":"pa_forma-rotund","12":"pa_funcii-cronograf","13":"pa_funcii-data","14":"pa_garatia-24-luni","15":"pa_korpus-bicolor","16":"pa_kvarc-quartz","17":"pa_material-otel-inoxidabil","18":"pa_mehanizm-quartz","19":"pa_remeshok-bicolor","20":"pa_steklo-cristal-mineral","21":"pa_strana-italia","22":"pa_voda-5-atm","24":"first","25":"instock","26":"purchasable","27":"product-type-simple"},"acf":[],"_links":{"self":[{"href":"https:\/\/ceasuri.md\/ru\/wp-json\/wp\/v2\/product\/62713","targetHints":{"allow":["GET"]}}],"collection":[{"href":"https:\/\/ceasuri.md\/ru\/wp-json\/wp\/v2\/product"}],"about":[{"href":"https:\/\/ceasuri.md\/ru\/wp-json\/wp\/v2\/types\/product"}],"replies":[{"embeddable":true,"href":"https:\/\/ceasuri.md\/ru\/wp-json\/wp\/v2\/comments?post=62713"}],"wp:featuredmedia":[{"embeddable":true,"href":"https:\/\/ceasuri.md\/ru\/wp-json\/wp\/v2\/media\/62714"}],"wp:attachment":[{"href":"https:\/\/ceasuri.md\/ru\/wp-json\/wp\/v2\/media?parent=62713"}],"wp:term":[{"taxonomy":"product_brand","embeddable":true,"href":"https:\/\/ceasuri.md\/ru\/wp-json\/wp\/v2\/product_brand?post=62713"},{"taxonomy":"product_cat","embeddable":true,"href":"https:\/\/ceasuri.md\/ru\/wp-json\/wp\/v2\/product_cat?post=62713"},{"taxonomy":"product_tag","embeddable":true,"href":"https:\/\/ceasuri.md\/ru\/wp-json\/wp\/v2\/product_tag?post=62713"}],"curies":[{"name":"wp","href":"https:\/\/api.w.org\/{rel}","templated":true}]}}