{"id":62703,"date":"2026-04-03T01:36:18","date_gmt":"2026-04-02T22:36:18","guid":{"rendered":"http:\/\/new.ceasuri.md\/shop\/uncategorized\/diesel-spiked-dz4667\/"},"modified":"2026-04-20T01:58:02","modified_gmt":"2026-04-19T22:58:02","slug":"diesel-spiked-dz4667","status":"publish","type":"product","link":"https:\/\/ceasuri.md\/ru\/shop\/branduri\/diesel\/diesel-spiked-dz4667\/","title":{"rendered":"Ceas DIESEL SPIKED DZ4667"},"content":{"rendered":"<p>Ceasurile Diesel sunt \u00eendr\u0103zne\u021be, neconven\u021bionale \u0219i atr\u0103g\u0103toare. Designul lor impresionant \u0219i cadranele supradimensionate te vor face mereu \u00een centrul aten\u021biei. Aceste ceasuri sunt pentru cei c\u0103rora le place s\u0103 ias\u0103 \u00een eviden\u021b\u0103.<\/p>\n<p>Diesel Spiked este cronograful perfect pentru b\u0103rba\u021bii care nu fac compromisuri \u00een ceea ce prive\u0219te stilul \u0219i calitatea. Carcasa din o\u021bel inoxidabil \u0219i cureaua din piele creeaz\u0103 un aspect sportiv. Modelul prezint\u0103 un design monocrom la mod\u0103, complet negru.<\/p>\n<p>Cadranul este protejat de cristal mineral durabil. Cu subcadranele sale, acest cronograf combin\u0103 func\u021bionalitatea cu un aspect dinamic. O caracteristic\u0103 util\u0103 este afi\u0219ajul datei, care \u00ee\u021bi permite s\u0103 vezi data curent\u0103 dintr-o privire.<\/p>\n<p>Acest ceas impresioneaz\u0103 nu doar prin mi\u0219carea sa cu cuar\u021b, care asigur\u0103 o precizie maxim\u0103, ci \u0219i prin func\u021bionalitatea sa: este rezistent la ap\u0103 p\u00e2n\u0103 la 5 bari, protej\u00e2ndu-l de umiditate.<\/p>\n<p>Aleg\u00e2nd acest ceas, alegi un design atemporal \u0219i fiabilitate care \u00ee\u021bi vor servi ani de zile.<\/p>","protected":false},"excerpt":{"rendered":"<p>Ceasurile Diesel sunt \u00eendr\u0103zne\u021be, neconven\u021bionale \u0219i atr\u0103g\u0103toare. Designul lor impresionant \u0219i cadranele supradimensionate te vor face mereu \u00een centrul aten\u021biei. Aceste ceasuri sunt pentru cei c\u0103rora le place s\u0103 ias\u0103 \u00een eviden\u021b\u0103. Diesel Spiked este cronograful perfect pentru b\u0103rba\u021bii care nu fac compromisuri \u00een ceea ce prive\u0219te stilul \u0219i calitatea. Carcasa din o\u021bel inoxidabil \u0219i [&hellip;]<\/p>\n","protected":false},"featured_media":62704,"comment_status":"closed","ping_status":"open","template":"","meta":{"_acf_changed":false},"product_brand":[],"product_cat":[20,580],"product_tag":[],"class_list":{"0":"post-62703","1":"product","2":"type-product","3":"status-publish","4":"has-post-thumbnail","6":"product_cat-ceasuri-barbati","7":"product_cat-diesel","8":"pa_brand-diesel","9":"pa_braslet-piele","10":"pa_corpus-49-mm","11":"pa_forma-rotund","12":"pa_funcii-cronograf","13":"pa_funcii-data","14":"pa_garatia-24-luni","15":"pa_korpus-negru","16":"pa_kvarc-quartz","17":"pa_material-otel-inoxidabil","18":"pa_mehanizm-quartz","19":"pa_remeshok-negru","20":"pa_steklo-cristal-mineral","21":"pa_strana-italia","22":"pa_voda-5-atm","24":"first","25":"instock","26":"purchasable","27":"product-type-simple"},"acf":[],"_links":{"self":[{"href":"https:\/\/ceasuri.md\/ru\/wp-json\/wp\/v2\/product\/62703","targetHints":{"allow":["GET"]}}],"collection":[{"href":"https:\/\/ceasuri.md\/ru\/wp-json\/wp\/v2\/product"}],"about":[{"href":"https:\/\/ceasuri.md\/ru\/wp-json\/wp\/v2\/types\/product"}],"replies":[{"embeddable":true,"href":"https:\/\/ceasuri.md\/ru\/wp-json\/wp\/v2\/comments?post=62703"}],"wp:featuredmedia":[{"embeddable":true,"href":"https:\/\/ceasuri.md\/ru\/wp-json\/wp\/v2\/media\/62704"}],"wp:attachment":[{"href":"https:\/\/ceasuri.md\/ru\/wp-json\/wp\/v2\/media?parent=62703"}],"wp:term":[{"taxonomy":"product_brand","embeddable":true,"href":"https:\/\/ceasuri.md\/ru\/wp-json\/wp\/v2\/product_brand?post=62703"},{"taxonomy":"product_cat","embeddable":true,"href":"https:\/\/ceasuri.md\/ru\/wp-json\/wp\/v2\/product_cat?post=62703"},{"taxonomy":"product_tag","embeddable":true,"href":"https:\/\/ceasuri.md\/ru\/wp-json\/wp\/v2\/product_tag?post=62703"}],"curies":[{"name":"wp","href":"https:\/\/api.w.org\/{rel}","templated":true}]}}