{"id":62698,"date":"2026-04-03T01:36:18","date_gmt":"2026-04-02T22:36:18","guid":{"rendered":"http:\/\/new.ceasuri.md\/shop\/uncategorized\/diesel-spiked-dz4671\/"},"modified":"2026-04-20T01:58:03","modified_gmt":"2026-04-19T22:58:03","slug":"diesel-spiked-dz4671","status":"publish","type":"product","link":"https:\/\/ceasuri.md\/ru\/shop\/branduri\/diesel\/diesel-spiked-dz4671\/","title":{"rendered":"Ceas DIESEL SPIKED DZ4671"},"content":{"rendered":"<p>Ceasurile Diesel \u00eentruchipeaz\u0103 \u00eencrederea \u00een sine \u0219i inova\u021bia. Designul lor original \u0219i materialele durabile le fac ideale pentru cei care rezist\u0103 standardelor conven\u021bionale \u0219i prefer\u0103 un aspect unic \u0219i elegant.<\/p>\n<p>Cronograful Diesel Spiked, conceput pentru b\u0103rbatul exigent, se m\u00e2ndre\u0219te cu un stil sportiv datorit\u0103 carcasei din o\u021bel inoxidabil \u0219i curelei din piele. Acest model are o carcas\u0103 aurie, o curea neagr\u0103 \u0219i un cadran argintiu.<\/p>\n<p>Cristalul mineral protejeaz\u0103 cadranul. Subcadranele confer\u0103 cronografului un aspect sportiv \u0219i asigur\u0103 o func\u021bionare precis\u0103. O caracteristic\u0103 util\u0103 este afi\u0219ajul datei, care v\u0103 permite s\u0103 vede\u021bi data curent\u0103 dintr-o privire.<\/p>\n<p>Cureaua din piele este elegant\u0103 \u0219i durabil\u0103, fixat\u0103 \u00een siguran\u021b\u0103 pe \u00eencheietura m\u00e2inii cu o cataram\u0103.<\/p>\n<p>Rezistent la ap\u0103 p\u00e2n\u0103 la 5 bari, ceasul este bine protejat de umiditate.<\/p>\n<p>Mai mult dec\u00e2t un simplu accesoriu, acest ceas este o alegere atent\u0103 pentru cei care apreciaz\u0103 stilul.<\/p>","protected":false},"excerpt":{"rendered":"<p>Ceasurile Diesel \u00eentruchipeaz\u0103 \u00eencrederea \u00een sine \u0219i inova\u021bia. Designul lor original \u0219i materialele durabile le fac ideale pentru cei care rezist\u0103 standardelor conven\u021bionale \u0219i prefer\u0103 un aspect unic \u0219i elegant. Cronograful Diesel Spiked, conceput pentru b\u0103rbatul exigent, se m\u00e2ndre\u0219te cu un stil sportiv datorit\u0103 carcasei din o\u021bel inoxidabil \u0219i curelei din piele. Acest model are [&hellip;]<\/p>\n","protected":false},"featured_media":62699,"comment_status":"closed","ping_status":"open","template":"","meta":{"_acf_changed":false},"product_brand":[],"product_cat":[20,580],"product_tag":[],"class_list":{"0":"post-62698","1":"product","2":"type-product","3":"status-publish","4":"has-post-thumbnail","6":"product_cat-ceasuri-barbati","7":"product_cat-diesel","8":"pa_brand-diesel","9":"pa_braslet-piele","10":"pa_corpus-49-mm","11":"pa_forma-rotund","12":"pa_funcii-cronograf","13":"pa_funcii-data","14":"pa_garatia-24-luni","15":"pa_korpus-auriu","16":"pa_kvarc-quartz","17":"pa_material-otel-inoxidabil","18":"pa_mehanizm-quartz","19":"pa_remeshok-negru","20":"pa_steklo-cristal-mineral","21":"pa_strana-italia","22":"pa_voda-5-atm","24":"first","25":"instock","26":"purchasable","27":"product-type-simple"},"acf":[],"_links":{"self":[{"href":"https:\/\/ceasuri.md\/ru\/wp-json\/wp\/v2\/product\/62698","targetHints":{"allow":["GET"]}}],"collection":[{"href":"https:\/\/ceasuri.md\/ru\/wp-json\/wp\/v2\/product"}],"about":[{"href":"https:\/\/ceasuri.md\/ru\/wp-json\/wp\/v2\/types\/product"}],"replies":[{"embeddable":true,"href":"https:\/\/ceasuri.md\/ru\/wp-json\/wp\/v2\/comments?post=62698"}],"wp:featuredmedia":[{"embeddable":true,"href":"https:\/\/ceasuri.md\/ru\/wp-json\/wp\/v2\/media\/62699"}],"wp:attachment":[{"href":"https:\/\/ceasuri.md\/ru\/wp-json\/wp\/v2\/media?parent=62698"}],"wp:term":[{"taxonomy":"product_brand","embeddable":true,"href":"https:\/\/ceasuri.md\/ru\/wp-json\/wp\/v2\/product_brand?post=62698"},{"taxonomy":"product_cat","embeddable":true,"href":"https:\/\/ceasuri.md\/ru\/wp-json\/wp\/v2\/product_cat?post=62698"},{"taxonomy":"product_tag","embeddable":true,"href":"https:\/\/ceasuri.md\/ru\/wp-json\/wp\/v2\/product_tag?post=62698"}],"curies":[{"name":"wp","href":"https:\/\/api.w.org\/{rel}","templated":true}]}}