{"id":62688,"date":"2026-04-03T01:35:16","date_gmt":"2026-04-02T22:35:16","guid":{"rendered":"http:\/\/new.ceasuri.md\/shop\/uncategorized\/diesel-mega-chief-slim-dz4686\/"},"modified":"2026-04-15T21:27:27","modified_gmt":"2026-04-15T18:27:27","slug":"diesel-mega-chief-slim-dz4686","status":"publish","type":"product","link":"https:\/\/ceasuri.md\/ru\/shop\/branduri\/diesel\/diesel-mega-chief-slim-dz4686\/","title":{"rendered":"Ceas DIESEL MEGA CHIEF SLIM DZ4686"},"content":{"rendered":"<p>O interpretare modern\u0103 a liniei iconice Mega Chief de la Diesel, acest model combin\u0103 stilul robust \u0219i recognoscibil al m\u0103rcii cu o carcas\u0103 mai rafinat\u0103 \u0219i sub\u021bire, care se a\u0219eaz\u0103 confortabil pe \u00eencheietura m\u00e2inii.<\/p>\n<p>Carcasa din o\u021bel inoxidabil accentueaz\u0103 caracterul masculin al ceasului, \u00een timp ce cadranul simplu, cu indicatori orari contrastan\u021bi \u0219i logo-ul semn\u0103turii, creeaz\u0103 un aspect distinctiv, dar discret. Cristalul mineral protejeaz\u0103 suprafa\u021ba de zg\u00e2rieturi minore.<\/p>\n<p>Mi\u0219carea cu cuar\u021b asigur\u0103 o sincronizare precis\u0103 \u0219i fiabilitate \u00een utilizarea zilnic\u0103. Func\u021bia cronograf v\u0103 permite s\u0103 m\u0103sura\u021bi intervalele de timp, \u00een timp ce afi\u0219ajul datei adaug\u0103 caracter practic.<\/p>\n<p>Br\u0103\u021bara din o\u021bel cu o \u00eencuietoare convenabil\u0103 se potrive\u0219te \u00een siguran\u021b\u0103 \u0219i completeaz\u0103 armonios designul.<\/p>\n<p>O alegere ideal\u0103 pentru b\u0103rba\u021bii care pre\u021buiesc echilibrul dintre putere \u0219i elegan\u021b\u0103, acest ceas va aduce un accent remarcabil oric\u0103rui look de zi cu zi \u0219i va sublinia \u00eencrederea proprietarului s\u0103u.<\/p>","protected":false},"excerpt":{"rendered":"<p>O interpretare modern\u0103 a liniei iconice Mega Chief de la Diesel, acest model combin\u0103 stilul robust \u0219i recognoscibil al m\u0103rcii cu o carcas\u0103 mai rafinat\u0103 \u0219i sub\u021bire, care se a\u0219eaz\u0103 confortabil pe \u00eencheietura m\u00e2inii. Carcasa din o\u021bel inoxidabil accentueaz\u0103 caracterul masculin al ceasului, \u00een timp ce cadranul simplu, cu indicatori orari contrastan\u021bi \u0219i logo-ul semn\u0103turii, [&hellip;]<\/p>\n","protected":false},"featured_media":62689,"comment_status":"closed","ping_status":"open","template":"","meta":{"_acf_changed":false},"product_brand":[],"product_cat":[20,580],"product_tag":[],"class_list":{"0":"post-62688","1":"product","2":"type-product","3":"status-publish","4":"has-post-thumbnail","6":"product_cat-ceasuri-barbati","7":"product_cat-diesel","8":"pa_brand-diesel","9":"pa_braslet-otel-inoxidabil","10":"pa_corpus-48-mm","11":"pa_forma-rotund","12":"pa_funcii-cronograf","13":"pa_funcii-data","14":"pa_garatia-24-luni","15":"pa_korpus-argintiu","16":"pa_kvarc-quartz","17":"pa_material-otel-inoxidabil","18":"pa_mehanizm-quartz","19":"pa_remeshok-argintiu","20":"pa_steklo-cristal-mineral","21":"pa_strana-italia","22":"pa_voda-5-atm","24":"first","25":"instock","26":"purchasable","27":"product-type-simple"},"acf":[],"_links":{"self":[{"href":"https:\/\/ceasuri.md\/ru\/wp-json\/wp\/v2\/product\/62688","targetHints":{"allow":["GET"]}}],"collection":[{"href":"https:\/\/ceasuri.md\/ru\/wp-json\/wp\/v2\/product"}],"about":[{"href":"https:\/\/ceasuri.md\/ru\/wp-json\/wp\/v2\/types\/product"}],"replies":[{"embeddable":true,"href":"https:\/\/ceasuri.md\/ru\/wp-json\/wp\/v2\/comments?post=62688"}],"wp:featuredmedia":[{"embeddable":true,"href":"https:\/\/ceasuri.md\/ru\/wp-json\/wp\/v2\/media\/62689"}],"wp:attachment":[{"href":"https:\/\/ceasuri.md\/ru\/wp-json\/wp\/v2\/media?parent=62688"}],"wp:term":[{"taxonomy":"product_brand","embeddable":true,"href":"https:\/\/ceasuri.md\/ru\/wp-json\/wp\/v2\/product_brand?post=62688"},{"taxonomy":"product_cat","embeddable":true,"href":"https:\/\/ceasuri.md\/ru\/wp-json\/wp\/v2\/product_cat?post=62688"},{"taxonomy":"product_tag","embeddable":true,"href":"https:\/\/ceasuri.md\/ru\/wp-json\/wp\/v2\/product_tag?post=62688"}],"curies":[{"name":"wp","href":"https:\/\/api.w.org\/{rel}","templated":true}]}}