{"id":62683,"date":"2026-04-03T01:35:16","date_gmt":"2026-04-02T22:35:16","guid":{"rendered":"http:\/\/new.ceasuri.md\/shop\/uncategorized\/diesel-spiked-dz4691\/"},"modified":"2026-04-07T05:14:15","modified_gmt":"2026-04-07T02:14:15","slug":"diesel-spiked-dz4691","status":"publish","type":"product","link":"https:\/\/ceasuri.md\/ru\/shop\/branduri\/diesel\/diesel-spiked-dz4691\/","title":{"rendered":"Ceas DIESEL SPIKED DZ4691"},"content":{"rendered":"<p>Un ceas b\u0103rb\u0103tesc impresionant, cu un caracter \u00eendr\u0103zne\u021b \u0219i un stil industrial recognoscibil. Acest model este conceput pentru cei care apreciaz\u0103 designul \u00eendr\u0103zne\u021b \u0219i se str\u0103duiesc s\u0103-\u0219i sublinieze individualitatea.<\/p>\n<p>Carcasa masiv\u0103 din o\u021bel inoxidabil confer\u0103 ceasului un aspect impresionant, \u00een timp ce bezelul distinctiv \u0219i cadranul detaliat creeaz\u0103 un aspect dinamic.<\/p>\n<p>Indicatoarele orare mari \u0219i acele contrastante asigur\u0103 o lizibilitate excelent\u0103 a orei. Cristalul mineral durabil protejeaz\u0103 suprafa\u021ba de zg\u00e2rieturi minore.<\/p>\n<p>Un mecanism cu cuar\u021b fiabil garanteaz\u0103 precizie. Func\u021bia cronograf v\u0103 permite s\u0103 m\u0103sura\u021bi intervale de timp, iar fereastra pentru dat\u0103 adaug\u0103 caracter practic purt\u0103rii zilnice.<\/p>\n<p>Br\u0103\u021bara din o\u021bel cu o \u00eencuietoare convenabil\u0103 se potrive\u0219te sigur pe \u00eencheietura m\u00e2inii \u0219i completeaz\u0103 armonios designul general.<\/p>\n<p>Acesta nu este doar un accesoriu, ci un element distinctiv al unui look masculin modern, combin\u00e2nd func\u021bionalitatea, durabilitatea \u0219i energia specific\u0103 m\u0103rcii.<\/p>","protected":false},"excerpt":{"rendered":"<p>Un ceas b\u0103rb\u0103tesc impresionant, cu un caracter \u00eendr\u0103zne\u021b \u0219i un stil industrial recognoscibil. Acest model este conceput pentru cei care apreciaz\u0103 designul \u00eendr\u0103zne\u021b \u0219i se str\u0103duiesc s\u0103-\u0219i sublinieze individualitatea. Carcasa masiv\u0103 din o\u021bel inoxidabil confer\u0103 ceasului un aspect impresionant, \u00een timp ce bezelul distinctiv \u0219i cadranul detaliat creeaz\u0103 un aspect dinamic. Indicatoarele orare mari \u0219i [&hellip;]<\/p>\n","protected":false},"featured_media":62684,"comment_status":"closed","ping_status":"open","template":"","meta":{"_acf_changed":false},"product_brand":[],"product_cat":[20,580],"product_tag":[],"class_list":{"0":"post-62683","1":"product","2":"type-product","3":"status-publish","4":"has-post-thumbnail","6":"product_cat-ceasuri-barbati","7":"product_cat-diesel","8":"pa_brand-diesel","9":"pa_braslet-otel-inoxidabil","10":"pa_corpus-49-mm","11":"pa_forma-rotund","12":"pa_funcii-cronograf","13":"pa_funcii-data","14":"pa_garatia-24-luni","15":"pa_korpus-negru","16":"pa_material-otel-inoxidabil","17":"pa_mehanizm-quartz","18":"pa_remeshok-negru","19":"pa_steklo-cristal-mineral","20":"pa_strana-italia","21":"pa_voda-5-atm","23":"first","24":"instock","25":"purchasable","26":"product-type-simple"},"acf":[],"_links":{"self":[{"href":"https:\/\/ceasuri.md\/ru\/wp-json\/wp\/v2\/product\/62683","targetHints":{"allow":["GET"]}}],"collection":[{"href":"https:\/\/ceasuri.md\/ru\/wp-json\/wp\/v2\/product"}],"about":[{"href":"https:\/\/ceasuri.md\/ru\/wp-json\/wp\/v2\/types\/product"}],"replies":[{"embeddable":true,"href":"https:\/\/ceasuri.md\/ru\/wp-json\/wp\/v2\/comments?post=62683"}],"wp:featuredmedia":[{"embeddable":true,"href":"https:\/\/ceasuri.md\/ru\/wp-json\/wp\/v2\/media\/62684"}],"wp:attachment":[{"href":"https:\/\/ceasuri.md\/ru\/wp-json\/wp\/v2\/media?parent=62683"}],"wp:term":[{"taxonomy":"product_brand","embeddable":true,"href":"https:\/\/ceasuri.md\/ru\/wp-json\/wp\/v2\/product_brand?post=62683"},{"taxonomy":"product_cat","embeddable":true,"href":"https:\/\/ceasuri.md\/ru\/wp-json\/wp\/v2\/product_cat?post=62683"},{"taxonomy":"product_tag","embeddable":true,"href":"https:\/\/ceasuri.md\/ru\/wp-json\/wp\/v2\/product_tag?post=62683"}],"curies":[{"name":"wp","href":"https:\/\/api.w.org\/{rel}","templated":true}]}}