{"id":62673,"date":"2026-04-03T01:35:16","date_gmt":"2026-04-02T22:35:16","guid":{"rendered":"http:\/\/new.ceasuri.md\/shop\/uncategorized\/diesel-spiked-dz4698\/"},"modified":"2026-04-20T01:58:05","modified_gmt":"2026-04-19T22:58:05","slug":"diesel-spiked-dz4698","status":"publish","type":"product","link":"https:\/\/ceasuri.md\/ru\/shop\/branduri\/diesel\/diesel-spiked-dz4698\/","title":{"rendered":"\u0427\u0430\u0441\u044b DIESEL SPIKED DZ4698"},"content":{"rendered":"<p>Ceasul b\u0103rb\u0103tesc DIESEL Spiked are un design maro atr\u0103g\u0103tor \u0219i este cu adev\u0103rat o impresie deosebit\u0103 la \u00eencheietura m\u00e2inii.<\/p>\n<p>Carcasa din o\u021bel inoxidabil de 49 mm, cu finisaj maro, confer\u0103 ceasului un aspect masculin, dar sofisticat.<\/p>\n<p>Un mecanism cronograf cu cuar\u021b precis, cu afi\u0219aj pentru dat\u0103, asigur\u0103 o m\u0103surare precis\u0103 a timpului.<\/p>\n<p>Cureaua din piele maro completeaz\u0103 perfect carcasa \u0219i, datorit\u0103 cataramei cu \u0219tift, asigur\u0103 o potrivire confortabil\u0103 \u0219i sigur\u0103.<\/p>\n<p>Cadranul este protejat de cristal mineral, iar rezisten\u021ba la ap\u0103 de 5 ATM face ca ceasul s\u0103 fie ideal pentru purtarea zilnic\u0103.<\/p>","protected":false},"excerpt":{"rendered":"<p>Ceasul b\u0103rb\u0103tesc DIESEL Spiked are un design maro atr\u0103g\u0103tor \u0219i este cu adev\u0103rat o impresie deosebit\u0103 la \u00eencheietura m\u00e2inii. Carcasa din o\u021bel inoxidabil de 49 mm, cu finisaj maro, confer\u0103 ceasului un aspect masculin, dar sofisticat. Un mecanism cronograf cu cuar\u021b precis, cu afi\u0219aj pentru dat\u0103, asigur\u0103 o m\u0103surare precis\u0103 a timpului. Cureaua din piele [&hellip;]<\/p>\n","protected":false},"featured_media":62674,"comment_status":"closed","ping_status":"open","template":"","meta":{"_acf_changed":false},"product_brand":[],"product_cat":[20,580],"product_tag":[],"class_list":{"0":"post-62673","1":"product","2":"type-product","3":"status-publish","4":"has-post-thumbnail","6":"product_cat-ceasuri-barbati","7":"product_cat-diesel","8":"pa_brand-diesel","9":"pa_braslet-piele","10":"pa_corpus-49-mm","11":"pa_forma-rotund","12":"pa_funcii-cronograf","13":"pa_funcii-data","14":"pa_garatia-24-luni","15":"pa_korpus-maro","16":"pa_kvarc-quartz","17":"pa_material-otel-inoxidabil","18":"pa_mehanizm-quartz","19":"pa_remeshok-maro","20":"pa_steklo-cristal-mineral","21":"pa_strana-italia","22":"pa_voda-5-atm","24":"first","25":"instock","26":"purchasable","27":"product-type-simple"},"acf":[],"_links":{"self":[{"href":"https:\/\/ceasuri.md\/ru\/wp-json\/wp\/v2\/product\/62673","targetHints":{"allow":["GET"]}}],"collection":[{"href":"https:\/\/ceasuri.md\/ru\/wp-json\/wp\/v2\/product"}],"about":[{"href":"https:\/\/ceasuri.md\/ru\/wp-json\/wp\/v2\/types\/product"}],"replies":[{"embeddable":true,"href":"https:\/\/ceasuri.md\/ru\/wp-json\/wp\/v2\/comments?post=62673"}],"wp:featuredmedia":[{"embeddable":true,"href":"https:\/\/ceasuri.md\/ru\/wp-json\/wp\/v2\/media\/62674"}],"wp:attachment":[{"href":"https:\/\/ceasuri.md\/ru\/wp-json\/wp\/v2\/media?parent=62673"}],"wp:term":[{"taxonomy":"product_brand","embeddable":true,"href":"https:\/\/ceasuri.md\/ru\/wp-json\/wp\/v2\/product_brand?post=62673"},{"taxonomy":"product_cat","embeddable":true,"href":"https:\/\/ceasuri.md\/ru\/wp-json\/wp\/v2\/product_cat?post=62673"},{"taxonomy":"product_tag","embeddable":true,"href":"https:\/\/ceasuri.md\/ru\/wp-json\/wp\/v2\/product_tag?post=62673"}],"curies":[{"name":"wp","href":"https:\/\/api.w.org\/{rel}","templated":true}]}}