{"id":62667,"date":"2026-04-03T01:35:16","date_gmt":"2026-04-02T22:35:16","guid":{"rendered":"http:\/\/new.ceasuri.md\/shop\/uncategorized\/diesel-master-chief-dz4700set\/"},"modified":"2026-04-20T01:58:06","modified_gmt":"2026-04-19T22:58:06","slug":"diesel-master-chief-dz4700set","status":"publish","type":"product","link":"https:\/\/ceasuri.md\/ru\/shop\/branduri\/diesel\/diesel-master-chief-dz4700set\/","title":{"rendered":"\u0427\u0430\u0441\u044b DIESEL MASTER CHIEF DZ4700SET"},"content":{"rendered":"<p>Setul de ceasuri b\u0103rb\u0103te\u0219ti DIESEL MASTER CHIEF este un accent deosebit pentru cei care apreciaz\u0103 stilul robust \u0219i detaliile \u00eencrez\u0103toare. Modelul este realizat \u00een estetica specific\u0103 Diesel: o carcas\u0103 mare, un cadran distinctiv \u0219i un design carismatic care atrage imediat aten\u021bia.<\/p>\n<p>Cadranul negru contrastant, cu indici mari, accentueaz\u0103 caracterul dinamic al modelului \u0219i face citirea orei extrem de u\u0219oar\u0103. Cristalul mineral durabil \u00eel protejeaz\u0103 de daune minore.<\/p>\n<p>Rezisten\u021ba la ap\u0103 \u00eenseamn\u0103 c\u0103 nu v\u0103 pute\u021bi face griji cu privire la stropi \u0219i umezeal\u0103 \u00een via\u021ba de zi cu zi.<\/p>\n<p>Cureaua durabil\u0103 din silicon se potrive\u0219te confortabil pe \u00eencheietura m\u00e2inii, asigur\u00e2nd o purtare confortabil\u0103 pentru perioade lungi de timp.<\/p>\n<p>Setul include o br\u0103\u021bar\u0103 elegant\u0103 care completeaz\u0103 armonios ceasul \u0219i v\u0103 permite s\u0103 crea\u021bi un look complet &#8211; de la un stil casual de zi cu zi la un stil urban mai formal.<\/p>\n<p>Acesta este un accesoriu plin de caracter care v\u0103 va eviden\u021bia individualitatea \u0219i reprezint\u0103 un cadou excelent pentru b\u0103rbatul modern.<\/p>","protected":false},"excerpt":{"rendered":"<p>Setul de ceasuri b\u0103rb\u0103te\u0219ti DIESEL MASTER CHIEF este un accent deosebit pentru cei care apreciaz\u0103 stilul robust \u0219i detaliile \u00eencrez\u0103toare. Modelul este realizat \u00een estetica specific\u0103 Diesel: o carcas\u0103 mare, un cadran distinctiv \u0219i un design carismatic care atrage imediat aten\u021bia. Cadranul negru contrastant, cu indici mari, accentueaz\u0103 caracterul dinamic al modelului \u0219i face citirea [&hellip;]<\/p>\n","protected":false},"featured_media":62668,"comment_status":"closed","ping_status":"open","template":"","meta":{"_acf_changed":false},"product_brand":[],"product_cat":[20,580],"product_tag":[],"class_list":{"0":"post-62667","1":"product","2":"type-product","3":"status-publish","4":"has-post-thumbnail","6":"product_cat-ceasuri-barbati","7":"product_cat-diesel","8":"pa_brand-diesel","9":"pa_braslet-neilon","10":"pa_braslet-silicon","11":"pa_corpus-43-mm","12":"pa_forma-rotund","13":"pa_funcii-data","14":"pa_funcii-set-cadou","15":"pa_garatia-24-luni","16":"pa_korpus-argintiu","17":"pa_kvarc-quartz","18":"pa_material-otel-inoxidabil","19":"pa_mehanizm-quartz","20":"pa_remeshok-negru","21":"pa_steklo-cristal-mineral","22":"pa_strana-italia","23":"pa_voda-10-atm","25":"first","26":"instock","27":"purchasable","28":"product-type-simple"},"acf":[],"_links":{"self":[{"href":"https:\/\/ceasuri.md\/ru\/wp-json\/wp\/v2\/product\/62667","targetHints":{"allow":["GET"]}}],"collection":[{"href":"https:\/\/ceasuri.md\/ru\/wp-json\/wp\/v2\/product"}],"about":[{"href":"https:\/\/ceasuri.md\/ru\/wp-json\/wp\/v2\/types\/product"}],"replies":[{"embeddable":true,"href":"https:\/\/ceasuri.md\/ru\/wp-json\/wp\/v2\/comments?post=62667"}],"wp:featuredmedia":[{"embeddable":true,"href":"https:\/\/ceasuri.md\/ru\/wp-json\/wp\/v2\/media\/62668"}],"wp:attachment":[{"href":"https:\/\/ceasuri.md\/ru\/wp-json\/wp\/v2\/media?parent=62667"}],"wp:term":[{"taxonomy":"product_brand","embeddable":true,"href":"https:\/\/ceasuri.md\/ru\/wp-json\/wp\/v2\/product_brand?post=62667"},{"taxonomy":"product_cat","embeddable":true,"href":"https:\/\/ceasuri.md\/ru\/wp-json\/wp\/v2\/product_cat?post=62667"},{"taxonomy":"product_tag","embeddable":true,"href":"https:\/\/ceasuri.md\/ru\/wp-json\/wp\/v2\/product_tag?post=62667"}],"curies":[{"name":"wp","href":"https:\/\/api.w.org\/{rel}","templated":true}]}}