{"id":62662,"date":"2026-04-03T01:35:16","date_gmt":"2026-04-02T22:35:16","guid":{"rendered":"http:\/\/new.ceasuri.md\/shop\/uncategorized\/diesel-mega-chief-dz4701\/"},"modified":"2026-04-15T21:27:23","modified_gmt":"2026-04-15T18:27:23","slug":"diesel-mega-chief-dz4701","status":"publish","type":"product","link":"https:\/\/ceasuri.md\/ru\/shop\/branduri\/diesel\/diesel-mega-chief-dz4701\/","title":{"rendered":"Ceas DIESEL MEGA CHIEF DZ4701"},"content":{"rendered":"<p>Solu\u021biile de design contemporan se inspir\u0103 din cultura stradal\u0103, cre\u00e2nd ceasuri care accentueaz\u0103 individualitatea \u00een fiecare detaliu. Fie c\u0103 este minimalist sau complex f\u0103r\u0103 compromisuri, fiecare model r\u0103m\u00e2ne surprinz\u0103tor de deschis \u0219i imprevizibil &#8211; dedicat \u00een \u00eentregime expresiei autentice \u0219i naturale a stilului personal.<\/p>\n<p>Acest model combin\u0103 estetica industrial\u0103 \u0219i tehnologia modern\u0103, subliniind caracterul \u00eencrez\u0103tor al proprietarului s\u0103u.<\/p>\n<p>Carcasa din o\u021bel inoxidabil de 51 mm confer\u0103 ceasului un aspect robust \u0219i prestigios. Cristalul mineral protejeaz\u0103 \u00een mod fiabil cadranul de deterior\u0103ri minore. Un cronograf cu subcadrane multiple permite m\u0103surarea precis\u0103 a timpului, ad\u0103ug\u00e2nd o not\u0103 sportiv\u0103 modelului.<\/p>\n<p>Rezisten\u021ba la ap\u0103 p\u00e2n\u0103 la 100 de metri asigur\u0103 lini\u0219te sufleteasc\u0103 \u00eempotriva stropilor \u0219i a ploii.<\/p>\n<p>Acesta este un accesoriu distinctiv pentru cei care apreciaz\u0103 designul puternic \u0219i func\u021bionalitatea impecabil\u0103. Acest ceas v\u0103 va eviden\u021bia individualitatea \u0219i va deveni un accent izbitor \u00een orice garderob\u0103.<\/p>","protected":false},"excerpt":{"rendered":"<p>Solu\u021biile de design contemporan se inspir\u0103 din cultura stradal\u0103, cre\u00e2nd ceasuri care accentueaz\u0103 individualitatea \u00een fiecare detaliu. Fie c\u0103 este minimalist sau complex f\u0103r\u0103 compromisuri, fiecare model r\u0103m\u00e2ne surprinz\u0103tor de deschis \u0219i imprevizibil &#8211; dedicat \u00een \u00eentregime expresiei autentice \u0219i naturale a stilului personal. Acest model combin\u0103 estetica industrial\u0103 \u0219i tehnologia modern\u0103, subliniind caracterul \u00eencrez\u0103tor [&hellip;]<\/p>\n","protected":false},"featured_media":62663,"comment_status":"closed","ping_status":"open","template":"","meta":{"_acf_changed":false},"product_brand":[],"product_cat":[20,580],"product_tag":[],"class_list":{"0":"post-62662","1":"product","2":"type-product","3":"status-publish","4":"has-post-thumbnail","6":"product_cat-ceasuri-barbati","7":"product_cat-diesel","8":"pa_brand-diesel","9":"pa_braslet-otel-inoxidabil","10":"pa_corpus-51-mm","11":"pa_forma-rotund","12":"pa_funcii-cronograf","13":"pa_funcii-data","14":"pa_garatia-24-luni","15":"pa_korpus-bicolor","16":"pa_kvarc-quartz","17":"pa_material-otel-inoxidabil","18":"pa_mehanizm-quartz","19":"pa_remeshok-bicolor","20":"pa_steklo-cristal-mineral","21":"pa_strana-italia","22":"pa_voda-10-atm","24":"first","25":"instock","26":"purchasable","27":"product-type-simple"},"acf":[],"_links":{"self":[{"href":"https:\/\/ceasuri.md\/ru\/wp-json\/wp\/v2\/product\/62662","targetHints":{"allow":["GET"]}}],"collection":[{"href":"https:\/\/ceasuri.md\/ru\/wp-json\/wp\/v2\/product"}],"about":[{"href":"https:\/\/ceasuri.md\/ru\/wp-json\/wp\/v2\/types\/product"}],"replies":[{"embeddable":true,"href":"https:\/\/ceasuri.md\/ru\/wp-json\/wp\/v2\/comments?post=62662"}],"wp:featuredmedia":[{"embeddable":true,"href":"https:\/\/ceasuri.md\/ru\/wp-json\/wp\/v2\/media\/62663"}],"wp:attachment":[{"href":"https:\/\/ceasuri.md\/ru\/wp-json\/wp\/v2\/media?parent=62662"}],"wp:term":[{"taxonomy":"product_brand","embeddable":true,"href":"https:\/\/ceasuri.md\/ru\/wp-json\/wp\/v2\/product_brand?post=62662"},{"taxonomy":"product_cat","embeddable":true,"href":"https:\/\/ceasuri.md\/ru\/wp-json\/wp\/v2\/product_cat?post=62662"},{"taxonomy":"product_tag","embeddable":true,"href":"https:\/\/ceasuri.md\/ru\/wp-json\/wp\/v2\/product_tag?post=62662"}],"curies":[{"name":"wp","href":"https:\/\/api.w.org\/{rel}","templated":true}]}}