{"id":62657,"date":"2026-04-03T01:35:16","date_gmt":"2026-04-02T22:35:16","guid":{"rendered":"http:\/\/new.ceasuri.md\/shop\/uncategorized\/diesel-wrap-d-dz5630\/"},"modified":"2026-04-20T01:58:06","modified_gmt":"2026-04-19T22:58:06","slug":"diesel-wrap-d-dz5630","status":"publish","type":"product","link":"https:\/\/ceasuri.md\/ru\/shop\/branduri\/diesel\/diesel-wrap-d-dz5630\/","title":{"rendered":"\u0427\u0430\u0441\u044b DIESEL WRAP-D DZ5630"},"content":{"rendered":"<p>Ceasul Diesel Wrap-D este o interpretare neobi\u0219nuit\u0103 a artei moderne a ceasornic\u0103riei, combin\u00e2nd un design futurist cu un stil luxos. Carcasa sa asimetric\u0103 \u0219i str\u0103lucitoare atrage imediat aten\u021bia tuturor.<\/p>\n<p>Cadranul maro cu indicatoare \u0219i indexuri minimaliste se armonizeaz\u0103 perfect cu nuan\u021ba cald\u0103 a carcasei \u0219i creeaz\u0103 un aspect elegant unic. Este protejat de sticl\u0103 mineral\u0103.<\/p>\n<p>Acest ceas pentru femei nu este doar un cronometru, ci o adev\u0103rat\u0103 bijuterie pentru \u00eencheietura m\u00e2inii. Forma neobi\u0219nuit\u0103 confer\u0103 ceasului un caracter avangardist, iar cureaua din piele maro asigur\u0103 confortul la purtare.<\/p>\n<p>Prin designul s\u0103u str\u0103lucitor, acest model \u00eentruchipeaz\u0103 ceea ce simbolizeaz\u0103 Diesel: \u00eendr\u0103zneal\u0103, creativitate \u0219i o not\u0103 de rebeliune. Cine poart\u0103 acest ceas \u00ee\u0219i demonstreaz\u0103 sim\u021bul stilului \u0219i \u00eencrederea \u00een sine.<\/p>","protected":false},"excerpt":{"rendered":"<p>Ceasul Diesel Wrap-D este o interpretare neobi\u0219nuit\u0103 a artei moderne a ceasornic\u0103riei, combin\u00e2nd un design futurist cu un stil luxos. Carcasa sa asimetric\u0103 \u0219i str\u0103lucitoare atrage imediat aten\u021bia tuturor. Cadranul maro cu indicatoare \u0219i indexuri minimaliste se armonizeaz\u0103 perfect cu nuan\u021ba cald\u0103 a carcasei \u0219i creeaz\u0103 un aspect elegant unic. Este protejat de sticl\u0103 mineral\u0103. [&hellip;]<\/p>\n","protected":false},"featured_media":62658,"comment_status":"closed","ping_status":"open","template":"","meta":{"_acf_changed":false},"product_brand":[],"product_cat":[25,580],"product_tag":[],"class_list":{"0":"post-62657","1":"product","2":"type-product","3":"status-publish","4":"has-post-thumbnail","6":"product_cat-ceasuri-dama","7":"product_cat-diesel","8":"pa_brand-diesel","9":"pa_braslet-piele","10":"pa_corpus-44-mm","11":"pa_forma-atipica","12":"pa_garatia-24-luni","13":"pa_korpus-maro","14":"pa_kvarc-quartz","15":"pa_material-otel-inoxidabil","16":"pa_mehanizm-quartz","17":"pa_remeshok-maro","18":"pa_steklo-cristal-mineral","19":"pa_strana-italia","20":"pa_voda-3-atm","22":"first","23":"instock","24":"purchasable","25":"product-type-simple"},"acf":[],"_links":{"self":[{"href":"https:\/\/ceasuri.md\/ru\/wp-json\/wp\/v2\/product\/62657","targetHints":{"allow":["GET"]}}],"collection":[{"href":"https:\/\/ceasuri.md\/ru\/wp-json\/wp\/v2\/product"}],"about":[{"href":"https:\/\/ceasuri.md\/ru\/wp-json\/wp\/v2\/types\/product"}],"replies":[{"embeddable":true,"href":"https:\/\/ceasuri.md\/ru\/wp-json\/wp\/v2\/comments?post=62657"}],"wp:featuredmedia":[{"embeddable":true,"href":"https:\/\/ceasuri.md\/ru\/wp-json\/wp\/v2\/media\/62658"}],"wp:attachment":[{"href":"https:\/\/ceasuri.md\/ru\/wp-json\/wp\/v2\/media?parent=62657"}],"wp:term":[{"taxonomy":"product_brand","embeddable":true,"href":"https:\/\/ceasuri.md\/ru\/wp-json\/wp\/v2\/product_brand?post=62657"},{"taxonomy":"product_cat","embeddable":true,"href":"https:\/\/ceasuri.md\/ru\/wp-json\/wp\/v2\/product_cat?post=62657"},{"taxonomy":"product_tag","embeddable":true,"href":"https:\/\/ceasuri.md\/ru\/wp-json\/wp\/v2\/product_tag?post=62657"}],"curies":[{"name":"wp","href":"https:\/\/api.w.org\/{rel}","templated":true}]}}