{"id":62652,"date":"2025-12-25T09:59:57","date_gmt":"2025-12-25T07:59:57","guid":{"rendered":"http:\/\/new.ceasuri.md\/shop\/uncategorized\/diesel-mr-daddy-slim-dz7487\/"},"modified":"2026-05-01T19:57:18","modified_gmt":"2026-05-01T16:57:18","slug":"diesel-mr-daddy-slim-dz7487","status":"publish","type":"product","link":"https:\/\/ceasuri.md\/ru\/shop\/branduri\/diesel\/diesel-mr-daddy-slim-dz7487\/","title":{"rendered":"\u0427\u0430\u0441\u044b DIESEL MR. DADDY SLIM DZ7487"},"content":{"rendered":"<p>Ceasurile Diesel combin\u0103 un design str\u0103lucitor \u0219i o tehnologie fiabil\u0103.<\/p>\n<p>Cadranele expresive, materialele rezistente \u0219i stilul individual fac ca fiecare model s\u0103 fie unic.<\/p>\n<p>Modelul Mr Daddy Slim v\u0103 permite s\u0103 c\u0103l\u0103tori\u021bi indiferent de diferen\u021ba de fus orar.<\/p>\n<p>Ceas cu mai multe fusuri orare \u0219i dat\u0103.<\/p>\n<p>Carcas\u0103 \u0219i br\u0103\u021bar\u0103 din o\u021bel inoxidabil cu acoperire IP. Cadranul este protejat de sticl\u0103 mineral\u0103.<\/p>\n<p>Fie c\u0103 este vorba de un stil urban, sportiv sau elegant, ceasurile Diesel subliniaz\u0103 \u00een mod str\u0103lucit individualitatea \u0219i sim\u021bul stilului.<\/p>","protected":false},"excerpt":{"rendered":"<p>Ceasurile Diesel combin\u0103 un design str\u0103lucitor \u0219i o tehnologie fiabil\u0103. Cadranele expresive, materialele rezistente \u0219i stilul individual fac ca fiecare model s\u0103 fie unic. Modelul Mr Daddy Slim v\u0103 permite s\u0103 c\u0103l\u0103tori\u021bi indiferent de diferen\u021ba de fus orar. Ceas cu mai multe fusuri orare \u0219i dat\u0103. Carcas\u0103 \u0219i br\u0103\u021bar\u0103 din o\u021bel inoxidabil cu acoperire IP. [&hellip;]<\/p>\n","protected":false},"featured_media":62653,"comment_status":"closed","ping_status":"open","template":"","meta":{"_acf_changed":false},"product_brand":[],"product_cat":[20,580],"product_tag":[],"class_list":{"0":"post-62652","1":"product","2":"type-product","3":"status-publish","4":"has-post-thumbnail","6":"product_cat-ceasuri-barbati","7":"product_cat-diesel","8":"pa_brand-diesel","9":"pa_braslet-otel-inoxidabil","10":"pa_corpus-54-mm","11":"pa_forma-rotund","12":"pa_funcii-data","13":"pa_funcii-dual-time","14":"pa_garatia-24-luni","15":"pa_korpus-gri","16":"pa_kvarc-quartz","17":"pa_material-otel-inoxidabil","18":"pa_mehanizm-quartz","19":"pa_remeshok-gri","20":"pa_steklo-cristal-mineral","21":"pa_strana-italia","22":"pa_voda-3-atm","24":"first","25":"instock","26":"purchasable","27":"product-type-simple"},"acf":[],"_links":{"self":[{"href":"https:\/\/ceasuri.md\/ru\/wp-json\/wp\/v2\/product\/62652","targetHints":{"allow":["GET"]}}],"collection":[{"href":"https:\/\/ceasuri.md\/ru\/wp-json\/wp\/v2\/product"}],"about":[{"href":"https:\/\/ceasuri.md\/ru\/wp-json\/wp\/v2\/types\/product"}],"replies":[{"embeddable":true,"href":"https:\/\/ceasuri.md\/ru\/wp-json\/wp\/v2\/comments?post=62652"}],"wp:featuredmedia":[{"embeddable":true,"href":"https:\/\/ceasuri.md\/ru\/wp-json\/wp\/v2\/media\/62653"}],"wp:attachment":[{"href":"https:\/\/ceasuri.md\/ru\/wp-json\/wp\/v2\/media?parent=62652"}],"wp:term":[{"taxonomy":"product_brand","embeddable":true,"href":"https:\/\/ceasuri.md\/ru\/wp-json\/wp\/v2\/product_brand?post=62652"},{"taxonomy":"product_cat","embeddable":true,"href":"https:\/\/ceasuri.md\/ru\/wp-json\/wp\/v2\/product_cat?post=62652"},{"taxonomy":"product_tag","embeddable":true,"href":"https:\/\/ceasuri.md\/ru\/wp-json\/wp\/v2\/product_tag?post=62652"}],"curies":[{"name":"wp","href":"https:\/\/api.w.org\/{rel}","templated":true}]}}