{"id":62639,"date":"2026-04-03T01:35:16","date_gmt":"2026-04-02T22:35:16","guid":{"rendered":"http:\/\/new.ceasuri.md\/shop\/uncategorized\/armani-exchange-outerbanks-ax1344\/"},"modified":"2026-04-20T01:57:43","modified_gmt":"2026-04-19T22:57:43","slug":"armani-exchange-outerbanks-ax1344","status":"publish","type":"product","link":"https:\/\/ceasuri.md\/ru\/shop\/branduri\/armani-exchange\/armani-exchange-outerbanks-ax1344\/","title":{"rendered":"Ceas ARMANI EXCHANGE OUTERBANKS AX1344"},"content":{"rendered":"<p>Colec\u021bia OUTERBANKS reprezint\u0103 \u00eentruchiparea perfect\u0103 a dinamismului \u0219i a stilului modern, fiind creat\u0103 special pentru cei care adopt\u0103 un stil de via\u021b\u0103 activ \u0219i apreciaz\u0103 func\u021bionalitatea \u00een fiecare detaliu.<\/p>\n<p>Aceste Ceasuri B\u0103rba\u021bi \u00eembin\u0103 cu m\u0103iestrie designul vibrant \u0219i latura practic\u0103, devenind partenerul indispensabil at\u00e2t \u00een activit\u0103\u021bile urbane cotidiene, c\u00e2t \u0219i \u00een timpul antrenamentelor sportive intense.<\/p>\n<p>Carcasa rotund\u0103 u\u0219oar\u0103, realizat\u0103 din plastic de \u00eenalt\u0103 calitate, \u00eempreun\u0103 cu cureaua din silicon moale, ofer\u0103 un confort excep\u021bional la \u00eencheietur\u0103 pe tot parcursul zilei.<\/p>\n<p>Modelul este dotat cu un cronograf precis cu cronometru \u0219i un afi\u0219aj practic pentru dat\u0103, oferind o func\u021bionalitate avansat\u0103 \u00eentr-o form\u0103 estetic\u0103.<\/p>\n<p>Nu este doar un ceas original, ci un accesoriu elegant pentru cei care caut\u0103 echilibrul \u00eentre estetica sportiv\u0103 \u0219i durabilitate.<\/p>","protected":false},"excerpt":{"rendered":"<p>Colec\u021bia OUTERBANKS reprezint\u0103 \u00eentruchiparea perfect\u0103 a dinamismului \u0219i a stilului modern, fiind creat\u0103 special pentru cei care adopt\u0103 un stil de via\u021b\u0103 activ \u0219i apreciaz\u0103 func\u021bionalitatea \u00een fiecare detaliu. Aceste Ceasuri B\u0103rba\u021bi \u00eembin\u0103 cu m\u0103iestrie designul vibrant \u0219i latura practic\u0103, devenind partenerul indispensabil at\u00e2t \u00een activit\u0103\u021bile urbane cotidiene, c\u00e2t \u0219i \u00een timpul antrenamentelor sportive intense. [&hellip;]<\/p>\n","protected":false},"featured_media":62640,"comment_status":"closed","ping_status":"open","template":"","meta":{"_acf_changed":false},"product_brand":[],"product_cat":[615,20],"product_tag":[],"class_list":{"0":"post-62639","1":"product","2":"type-product","3":"status-publish","4":"has-post-thumbnail","6":"product_cat-armani-exchange","7":"product_cat-ceasuri-barbati","8":"pa_brand-armani-exchange","9":"pa_braslet-silicon","10":"pa_corpus-44-mm","11":"pa_forma-rotund","12":"pa_funcii-cronograf","13":"pa_funcii-data","14":"pa_garatia-24-luni","15":"pa_korpus-negru","16":"pa_kvarc-quartz","17":"pa_material-plastic","18":"pa_mehanizm-quartz","19":"pa_remeshok-negru","20":"pa_steklo-cristal-mineral","21":"pa_strana-italia","22":"pa_voda-5-atm","24":"first","25":"instock","26":"purchasable","27":"product-type-simple"},"acf":[],"_links":{"self":[{"href":"https:\/\/ceasuri.md\/ru\/wp-json\/wp\/v2\/product\/62639","targetHints":{"allow":["GET"]}}],"collection":[{"href":"https:\/\/ceasuri.md\/ru\/wp-json\/wp\/v2\/product"}],"about":[{"href":"https:\/\/ceasuri.md\/ru\/wp-json\/wp\/v2\/types\/product"}],"replies":[{"embeddable":true,"href":"https:\/\/ceasuri.md\/ru\/wp-json\/wp\/v2\/comments?post=62639"}],"wp:featuredmedia":[{"embeddable":true,"href":"https:\/\/ceasuri.md\/ru\/wp-json\/wp\/v2\/media\/62640"}],"wp:attachment":[{"href":"https:\/\/ceasuri.md\/ru\/wp-json\/wp\/v2\/media?parent=62639"}],"wp:term":[{"taxonomy":"product_brand","embeddable":true,"href":"https:\/\/ceasuri.md\/ru\/wp-json\/wp\/v2\/product_brand?post=62639"},{"taxonomy":"product_cat","embeddable":true,"href":"https:\/\/ceasuri.md\/ru\/wp-json\/wp\/v2\/product_cat?post=62639"},{"taxonomy":"product_tag","embeddable":true,"href":"https:\/\/ceasuri.md\/ru\/wp-json\/wp\/v2\/product_tag?post=62639"}],"curies":[{"name":"wp","href":"https:\/\/api.w.org\/{rel}","templated":true}]}}