{"id":62634,"date":"2026-04-03T01:35:16","date_gmt":"2026-04-02T22:35:16","guid":{"rendered":"http:\/\/new.ceasuri.md\/shop\/uncategorized\/armani-exchange-banks-ax1769\/"},"modified":"2026-04-20T01:57:44","modified_gmt":"2026-04-19T22:57:44","slug":"armani-exchange-banks-ax1769","status":"publish","type":"product","link":"https:\/\/ceasuri.md\/ru\/shop\/branduri\/armani-exchange\/armani-exchange-banks-ax1769\/","title":{"rendered":"\u0427\u0430\u0441\u044b ARMANI EXCHANGE BANKS AX1769"},"content":{"rendered":"<p>Acest model reprezint\u0103 un manifest al stilului dinamic \u0219i al \u00eencrederii, creat pentru b\u0103rba\u021bii moderni care tr\u0103iesc \u00een ritmul modei.<\/p>\n<p>Acest cronograf \u00eembin\u0103 cu m\u0103iestrie energia sportiv\u0103 \u0219i luxul de statut: str\u0103lucirea nobil\u0103 a carcasei \u00een nuan\u021b\u0103 de aur roz contrasteaz\u0103 spectaculos cu negrul profund al cadranului \u0219i al curelei din cauciuc.<\/p>\n<p>Un astfel de design subliniaz\u0103 individualitatea, transform\u00e2nd acest ceas original \u00eentr-un accent remarcabil pentru orice \u021binut\u0103.<\/p>\n<p>Aceste ceasuri b\u0103rba\u021bi reprezint\u0103 un accesoriu elegant ce va deveni partenerul t\u0103u de \u00eencredere datorit\u0103 mecanismului precis \u0219i detaliilor practice, precum afi\u0219ajul datei \u0219i sub-cadranele func\u021bionale.<\/p>\n<p>Cureaua moale din cauciuc ofer\u0103 un confort sporit pe tot parcursul zilei.<\/p>","protected":false},"excerpt":{"rendered":"<p>Acest model reprezint\u0103 un manifest al stilului dinamic \u0219i al \u00eencrederii, creat pentru b\u0103rba\u021bii moderni care tr\u0103iesc \u00een ritmul modei. Acest cronograf \u00eembin\u0103 cu m\u0103iestrie energia sportiv\u0103 \u0219i luxul de statut: str\u0103lucirea nobil\u0103 a carcasei \u00een nuan\u021b\u0103 de aur roz contrasteaz\u0103 spectaculos cu negrul profund al cadranului \u0219i al curelei din cauciuc. Un astfel de [&hellip;]<\/p>\n","protected":false},"featured_media":62635,"comment_status":"closed","ping_status":"open","template":"","meta":{"_acf_changed":false},"product_brand":[],"product_cat":[615,20],"product_tag":[],"class_list":{"0":"post-62634","1":"product","2":"type-product","3":"status-publish","4":"has-post-thumbnail","6":"product_cat-armani-exchange","7":"product_cat-ceasuri-barbati","8":"pa_brand-armani-exchange","9":"pa_braslet-cauciuc","10":"pa_corpus-44-mm","11":"pa_forma-rotund","12":"pa_funcii-cronograf","13":"pa_funcii-data","14":"pa_garatia-24-luni","15":"pa_korpus-roz-gold","16":"pa_kvarc-quartz","17":"pa_material-otel-inoxidabil","18":"pa_mehanizm-quartz","19":"pa_remeshok-negru","20":"pa_steklo-cristal-mineral","21":"pa_strana-italia","22":"pa_voda-5-atm","24":"first","25":"instock","26":"purchasable","27":"product-type-simple"},"acf":[],"_links":{"self":[{"href":"https:\/\/ceasuri.md\/ru\/wp-json\/wp\/v2\/product\/62634","targetHints":{"allow":["GET"]}}],"collection":[{"href":"https:\/\/ceasuri.md\/ru\/wp-json\/wp\/v2\/product"}],"about":[{"href":"https:\/\/ceasuri.md\/ru\/wp-json\/wp\/v2\/types\/product"}],"replies":[{"embeddable":true,"href":"https:\/\/ceasuri.md\/ru\/wp-json\/wp\/v2\/comments?post=62634"}],"wp:featuredmedia":[{"embeddable":true,"href":"https:\/\/ceasuri.md\/ru\/wp-json\/wp\/v2\/media\/62635"}],"wp:attachment":[{"href":"https:\/\/ceasuri.md\/ru\/wp-json\/wp\/v2\/media?parent=62634"}],"wp:term":[{"taxonomy":"product_brand","embeddable":true,"href":"https:\/\/ceasuri.md\/ru\/wp-json\/wp\/v2\/product_brand?post=62634"},{"taxonomy":"product_cat","embeddable":true,"href":"https:\/\/ceasuri.md\/ru\/wp-json\/wp\/v2\/product_cat?post=62634"},{"taxonomy":"product_tag","embeddable":true,"href":"https:\/\/ceasuri.md\/ru\/wp-json\/wp\/v2\/product_tag?post=62634"}],"curies":[{"name":"wp","href":"https:\/\/api.w.org\/{rel}","templated":true}]}}