{"id":62629,"date":"2026-04-03T01:35:16","date_gmt":"2026-04-02T22:35:16","guid":{"rendered":"http:\/\/new.ceasuri.md\/shop\/uncategorized\/armani-exchange-spencer-ax1966\/"},"modified":"2026-04-20T01:57:45","modified_gmt":"2026-04-19T22:57:45","slug":"armani-exchange-spencer-ax1966","status":"publish","type":"product","link":"https:\/\/ceasuri.md\/ru\/shop\/branduri\/armani-exchange\/armani-exchange-spencer-ax1966\/","title":{"rendered":"Ceas ARMANI EXCHANGE SPENCER AX1966"},"content":{"rendered":"<p>Aceste ceasuri b\u0103rba\u021bi de tip cronograf reprezint\u0103 \u00eentruchiparea stilului \u0219i a func\u021bionalit\u0103\u021bii, fiind create pentru b\u0103rbatul modern care apreciaz\u0103 individualitatea \u00een fiecare detaliu. Tr\u0103s\u0103tura distinctiv\u0103 a modelului este cadranul verde captivant cu o textur\u0103 unic\u0103, ce ofer\u0103 accesoriului profunzime \u0219i un aspect nobil.<\/p>\n<p>Br\u0103\u021bara rafinat\u0103 bicolor\u0103 din o\u021bel inoxidabil completeaz\u0103 armonios carcasa rotund\u0103, transform\u00e2nd acest ceas original \u00eentr-un accesoriu elegant de excep\u021bie.<\/p>\n<p>Mecanismul precis cu cuar\u021b, protejat de un cristal mineral durabil, garanteaz\u0103 fiabilitatea \u00een orice situa\u021bie.<\/p>\n<p>Datorit\u0103 combina\u021biei versatile a celor dou\u0103 nuan\u021be de o\u021bel, modelul este ideal at\u00e2t pentru ocazii festive, c\u00e2t \u0219i pentru ritmul cotidian, subliniind statutul \u0219i gustul impecabil al posesorului s\u0103u.<\/p>","protected":false},"excerpt":{"rendered":"<p>Aceste ceasuri b\u0103rba\u021bi de tip cronograf reprezint\u0103 \u00eentruchiparea stilului \u0219i a func\u021bionalit\u0103\u021bii, fiind create pentru b\u0103rbatul modern care apreciaz\u0103 individualitatea \u00een fiecare detaliu. Tr\u0103s\u0103tura distinctiv\u0103 a modelului este cadranul verde captivant cu o textur\u0103 unic\u0103, ce ofer\u0103 accesoriului profunzime \u0219i un aspect nobil. Br\u0103\u021bara rafinat\u0103 bicolor\u0103 din o\u021bel inoxidabil completeaz\u0103 armonios carcasa rotund\u0103, transform\u00e2nd acest [&hellip;]<\/p>\n","protected":false},"featured_media":62630,"comment_status":"closed","ping_status":"open","template":"","meta":{"_acf_changed":false},"product_brand":[],"product_cat":[615,20],"product_tag":[],"class_list":{"0":"post-62629","1":"product","2":"type-product","3":"status-publish","4":"has-post-thumbnail","6":"product_cat-armani-exchange","7":"product_cat-ceasuri-barbati","8":"pa_brand-armani-exchange","9":"pa_braslet-otel-inoxidabil","10":"pa_corpus-44-mm","11":"pa_forma-rotund","12":"pa_funcii-cronograf","13":"pa_funcii-data","14":"pa_garatia-24-luni","15":"pa_korpus-bicolor","16":"pa_kvarc-quartz","17":"pa_material-otel-inoxidabil","18":"pa_mehanizm-quartz","19":"pa_remeshok-bicolor","20":"pa_steklo-cristal-mineral","21":"pa_strana-italia","22":"pa_voda-10-atm","24":"first","25":"instock","26":"purchasable","27":"product-type-simple"},"acf":[],"_links":{"self":[{"href":"https:\/\/ceasuri.md\/ru\/wp-json\/wp\/v2\/product\/62629","targetHints":{"allow":["GET"]}}],"collection":[{"href":"https:\/\/ceasuri.md\/ru\/wp-json\/wp\/v2\/product"}],"about":[{"href":"https:\/\/ceasuri.md\/ru\/wp-json\/wp\/v2\/types\/product"}],"replies":[{"embeddable":true,"href":"https:\/\/ceasuri.md\/ru\/wp-json\/wp\/v2\/comments?post=62629"}],"wp:featuredmedia":[{"embeddable":true,"href":"https:\/\/ceasuri.md\/ru\/wp-json\/wp\/v2\/media\/62630"}],"wp:attachment":[{"href":"https:\/\/ceasuri.md\/ru\/wp-json\/wp\/v2\/media?parent=62629"}],"wp:term":[{"taxonomy":"product_brand","embeddable":true,"href":"https:\/\/ceasuri.md\/ru\/wp-json\/wp\/v2\/product_brand?post=62629"},{"taxonomy":"product_cat","embeddable":true,"href":"https:\/\/ceasuri.md\/ru\/wp-json\/wp\/v2\/product_cat?post=62629"},{"taxonomy":"product_tag","embeddable":true,"href":"https:\/\/ceasuri.md\/ru\/wp-json\/wp\/v2\/product_tag?post=62629"}],"curies":[{"name":"wp","href":"https:\/\/api.w.org\/{rel}","templated":true}]}}