{"id":62624,"date":"2026-04-03T01:35:16","date_gmt":"2026-04-02T22:35:16","guid":{"rendered":"http:\/\/new.ceasuri.md\/shop\/uncategorized\/armani-exchange-spencer-ax1967\/"},"modified":"2026-04-20T01:57:45","modified_gmt":"2026-04-19T22:57:45","slug":"armani-exchange-spencer-ax1967","status":"publish","type":"product","link":"https:\/\/ceasuri.md\/ru\/shop\/branduri\/armani-exchange\/armani-exchange-spencer-ax1967\/","title":{"rendered":"Ceas ARMANI EXCHANGE SPENCER AX1967"},"content":{"rendered":"<p>Aceste ceasuri b\u0103rba\u021bi sunt create pentru cei care tr\u0103iesc \u00een ritmul dinamic al metropolei \u0219i nu sunt preg\u0103ti\u021bi s\u0103 fac\u0103 compromisuri \u00een ceea ce prive\u0219te stilul \u0219i calitatea.<\/p>\n<p>Combina\u021bia dintre nuan\u021ba nobil\u0103 de gri a carcasei \u0219i br\u0103\u021b\u0103rii din o\u021bel inoxidabil cu cadranul albastru profund creeaz\u0103 o imagine armonioas\u0103 \u0219i plin\u0103 de \u00eencredere, care r\u0103m\u00e2ne mereu \u00een tendin\u021be.<\/p>\n<p>Acest accesoriu elegant este ideal pentru b\u0103rba\u021bii moderni, subliniind statutul \u0219i caracterul lor hot\u0103r\u00e2t.<\/p>\n<p>Sub-cadranele suplimentare ale cronografului accentueaz\u0103 spiritul sportiv al modelului, \u00een timp ce fereastra pentru dat\u0103 \u0219i mecanismul precis cu cuar\u021b asigur\u0103 o func\u021bionalitate impecabil\u0103 \u00een via\u021ba de zi cu zi.<\/p>\n<p>Datorit\u0103 rezisten\u021bei ridicate la ap\u0103 de p\u00e2n\u0103 la 10 bari, acest ceas original r\u0103m\u00e2ne un partener de \u00eencredere chiar \u0219i \u00een momentele de relaxare la ap\u0103, p\u0103str\u00e2ndu-\u0219i estetica \u00een orice condi\u021bii.<\/p>\n<p>Dac\u0103 sunte\u021bi \u00een c\u0103utarea unui cadou perfect, acest model va impresiona prin calitatea sa \u0219i va deveni un element indispensabil al garderobei.<\/p>","protected":false},"excerpt":{"rendered":"<p>Aceste ceasuri b\u0103rba\u021bi sunt create pentru cei care tr\u0103iesc \u00een ritmul dinamic al metropolei \u0219i nu sunt preg\u0103ti\u021bi s\u0103 fac\u0103 compromisuri \u00een ceea ce prive\u0219te stilul \u0219i calitatea. Combina\u021bia dintre nuan\u021ba nobil\u0103 de gri a carcasei \u0219i br\u0103\u021b\u0103rii din o\u021bel inoxidabil cu cadranul albastru profund creeaz\u0103 o imagine armonioas\u0103 \u0219i plin\u0103 de \u00eencredere, care r\u0103m\u00e2ne [&hellip;]<\/p>\n","protected":false},"featured_media":62625,"comment_status":"closed","ping_status":"open","template":"","meta":{"_acf_changed":false},"product_brand":[],"product_cat":[615,20],"product_tag":[],"class_list":{"0":"post-62624","1":"product","2":"type-product","3":"status-publish","4":"has-post-thumbnail","6":"product_cat-armani-exchange","7":"product_cat-ceasuri-barbati","8":"pa_brand-armani-exchange","9":"pa_braslet-otel-inoxidabil","10":"pa_corpus-44-mm","11":"pa_forma-rotund","12":"pa_funcii-cronograf","13":"pa_funcii-data","14":"pa_garatia-24-luni","15":"pa_korpus-gri","16":"pa_kvarc-quartz","17":"pa_material-otel-inoxidabil","18":"pa_mehanizm-quartz","19":"pa_remeshok-gri","20":"pa_steklo-cristal-mineral","21":"pa_strana-italia","22":"pa_voda-10-atm","24":"first","25":"instock","26":"purchasable","27":"product-type-simple"},"acf":[],"_links":{"self":[{"href":"https:\/\/ceasuri.md\/ru\/wp-json\/wp\/v2\/product\/62624","targetHints":{"allow":["GET"]}}],"collection":[{"href":"https:\/\/ceasuri.md\/ru\/wp-json\/wp\/v2\/product"}],"about":[{"href":"https:\/\/ceasuri.md\/ru\/wp-json\/wp\/v2\/types\/product"}],"replies":[{"embeddable":true,"href":"https:\/\/ceasuri.md\/ru\/wp-json\/wp\/v2\/comments?post=62624"}],"wp:featuredmedia":[{"embeddable":true,"href":"https:\/\/ceasuri.md\/ru\/wp-json\/wp\/v2\/media\/62625"}],"wp:attachment":[{"href":"https:\/\/ceasuri.md\/ru\/wp-json\/wp\/v2\/media?parent=62624"}],"wp:term":[{"taxonomy":"product_brand","embeddable":true,"href":"https:\/\/ceasuri.md\/ru\/wp-json\/wp\/v2\/product_brand?post=62624"},{"taxonomy":"product_cat","embeddable":true,"href":"https:\/\/ceasuri.md\/ru\/wp-json\/wp\/v2\/product_cat?post=62624"},{"taxonomy":"product_tag","embeddable":true,"href":"https:\/\/ceasuri.md\/ru\/wp-json\/wp\/v2\/product_tag?post=62624"}],"curies":[{"name":"wp","href":"https:\/\/api.w.org\/{rel}","templated":true}]}}