{"id":62619,"date":"2026-04-03T01:35:16","date_gmt":"2026-04-02T22:35:16","guid":{"rendered":"http:\/\/new.ceasuri.md\/shop\/uncategorized\/armani-exchange-spencer-ax1970\/"},"modified":"2026-04-16T21:37:36","modified_gmt":"2026-04-16T18:37:36","slug":"armani-exchange-spencer-ax1970","status":"publish","type":"product","link":"https:\/\/ceasuri.md\/ru\/shop\/branduri\/armani-exchange\/armani-exchange-spencer-ax1970\/","title":{"rendered":"Ceas ARMANI EXCHANGE AX1970"},"content":{"rendered":"<p>Aceste ceasuri b\u0103rba\u021bi reprezint\u0103 un adev\u0103rat simbol al curajului \u0219i al stilului modern, fiind create special pentru cei care doresc s\u0103 \u00ee\u0219i afirme personalitatea.<\/p>\n<p>Tr\u0103s\u0103tura distinctiv\u0103 a acestui model este cadranul unic cu o textur\u0103 expresiv\u0103, care creeaz\u0103 un contrast spectaculos \u0219i nobil cu br\u0103\u021bara aurie din o\u021bel \u0219i carcasa impun\u0103toare.<\/p>\n<p>Sub-cadranele cronografului \u00eembin\u0103 cu m\u0103iestrie utilitatea cu un design \u00eendr\u0103zne\u021b \u0219i plin de \u00eencredere, transform\u00e2nd piesa \u00eentr-un accesoriu elegant de excep\u021bie.<\/p>\n<p>Construc\u021bia ergonomic\u0103, dotat\u0103 cu o \u00eenchiz\u0103toare pliabil\u0103 sigur\u0103, ofer\u0103 un confort maxim pe tot parcursul zilei, \u00een timp ce mecanismul de \u00eenalt\u0103 precizie face din acest ceas original un partener indispensabil \u00een ritmul dinamic al vie\u021bii.<\/p>\n<p>Dac\u0103 sunte\u021bi \u00een c\u0103utarea unui cadou perfect pentru un b\u0103rbat care apreciaz\u0103 gustul impecabil \u0219i aspir\u0103 spre perfec\u021biune, acest model este alegerea ideal\u0103 pentru a eviden\u021bia statutul \u0219i rafinamentul posesorului s\u0103u.<\/p>","protected":false},"excerpt":{"rendered":"<p>Aceste ceasuri b\u0103rba\u021bi reprezint\u0103 un adev\u0103rat simbol al curajului \u0219i al stilului modern, fiind create special pentru cei care doresc s\u0103 \u00ee\u0219i afirme personalitatea. Tr\u0103s\u0103tura distinctiv\u0103 a acestui model este cadranul unic cu o textur\u0103 expresiv\u0103, care creeaz\u0103 un contrast spectaculos \u0219i nobil cu br\u0103\u021bara aurie din o\u021bel \u0219i carcasa impun\u0103toare. Sub-cadranele cronografului \u00eembin\u0103 cu [&hellip;]<\/p>\n","protected":false},"featured_media":62620,"comment_status":"closed","ping_status":"open","template":"","meta":{"_acf_changed":false},"product_brand":[],"product_cat":[615,20],"product_tag":[],"class_list":{"0":"post-62619","1":"product","2":"type-product","3":"status-publish","4":"has-post-thumbnail","6":"product_cat-armani-exchange","7":"product_cat-ceasuri-barbati","8":"pa_brand-armani-exchange","9":"pa_braslet-otel-inoxidabil","10":"pa_corpus-44-mm","11":"pa_forma-rotund","12":"pa_funcii-cronograf","13":"pa_funcii-data","14":"pa_garatia-24-luni","15":"pa_korpus-auriu","16":"pa_kvarc-quartz","17":"pa_material-otel-inoxidabil","18":"pa_mehanizm-quartz","19":"pa_remeshok-auriu","20":"pa_steklo-cristal-mineral","21":"pa_strana-italia","22":"pa_voda-10-atm","24":"first","25":"instock","26":"purchasable","27":"product-type-simple"},"acf":[],"_links":{"self":[{"href":"https:\/\/ceasuri.md\/ru\/wp-json\/wp\/v2\/product\/62619","targetHints":{"allow":["GET"]}}],"collection":[{"href":"https:\/\/ceasuri.md\/ru\/wp-json\/wp\/v2\/product"}],"about":[{"href":"https:\/\/ceasuri.md\/ru\/wp-json\/wp\/v2\/types\/product"}],"replies":[{"embeddable":true,"href":"https:\/\/ceasuri.md\/ru\/wp-json\/wp\/v2\/comments?post=62619"}],"wp:featuredmedia":[{"embeddable":true,"href":"https:\/\/ceasuri.md\/ru\/wp-json\/wp\/v2\/media\/62620"}],"wp:attachment":[{"href":"https:\/\/ceasuri.md\/ru\/wp-json\/wp\/v2\/media?parent=62619"}],"wp:term":[{"taxonomy":"product_brand","embeddable":true,"href":"https:\/\/ceasuri.md\/ru\/wp-json\/wp\/v2\/product_brand?post=62619"},{"taxonomy":"product_cat","embeddable":true,"href":"https:\/\/ceasuri.md\/ru\/wp-json\/wp\/v2\/product_cat?post=62619"},{"taxonomy":"product_tag","embeddable":true,"href":"https:\/\/ceasuri.md\/ru\/wp-json\/wp\/v2\/product_tag?post=62619"}],"curies":[{"name":"wp","href":"https:\/\/api.w.org\/{rel}","templated":true}]}}