{"id":62614,"date":"2026-04-03T01:35:16","date_gmt":"2026-04-02T22:35:16","guid":{"rendered":"http:\/\/new.ceasuri.md\/shop\/uncategorized\/armani-exchange-hampton-ax2463\/"},"modified":"2026-04-07T05:14:06","modified_gmt":"2026-04-07T02:14:06","slug":"armani-exchange-hampton-ax2463","status":"publish","type":"product","link":"https:\/\/ceasuri.md\/ru\/shop\/branduri\/armani-exchange\/armani-exchange-hampton-ax2463\/","title":{"rendered":"Ceas ARMANI EXCHANGE HAMPTON AX2463"},"content":{"rendered":"<p>Aceste ceasuri b\u0103rba\u021bi cu diametrul de 46 mm sunt create special pentru b\u0103rbatul modern care pre\u021buie\u0219te for\u021ba, \u00eencrederea \u0219i perfec\u021biunea mecanic\u0103.<\/p>\n<p>Cadranul negru rafinat, cu un finisaj unic de tip CD, ofer\u0103 accesoriului o profunzime contemporan\u0103 \u0219i o str\u0103lucire sofisticat\u0103, sco\u021b\u00e2ndu-l \u00een eviden\u021b\u0103 prin detalii vizuale deosebite.<\/p>\n<p>Carcasa \u0219i br\u0103\u021bara durabil\u0103 din o\u021bel inoxidabil negru subliniaz\u0103 caracterul masculin \u0219i statutul posesorului s\u0103u.<\/p>\n<p>Inima acestui model este un mecanism automat fiabil, transform\u00e2nd acest ceas original \u00eentr-un simbol al preciziei \u0219i durabilit\u0103\u021bii.<\/p>\n<p>Nu este doar un instrument de m\u0103surat timpul, ci un accesoriu elegant care \u00eembin\u0103 armonios func\u021bionalitatea cu o estetic\u0103 masculin\u0103 sobr\u0103.<\/p>","protected":false},"excerpt":{"rendered":"<p>Aceste ceasuri b\u0103rba\u021bi cu diametrul de 46 mm sunt create special pentru b\u0103rbatul modern care pre\u021buie\u0219te for\u021ba, \u00eencrederea \u0219i perfec\u021biunea mecanic\u0103. Cadranul negru rafinat, cu un finisaj unic de tip CD, ofer\u0103 accesoriului o profunzime contemporan\u0103 \u0219i o str\u0103lucire sofisticat\u0103, sco\u021b\u00e2ndu-l \u00een eviden\u021b\u0103 prin detalii vizuale deosebite. Carcasa \u0219i br\u0103\u021bara durabil\u0103 din o\u021bel inoxidabil negru [&hellip;]<\/p>\n","protected":false},"featured_media":62615,"comment_status":"closed","ping_status":"open","template":"","meta":{"_acf_changed":false},"product_brand":[],"product_cat":[615,20],"product_tag":[],"class_list":{"0":"post-62614","1":"product","2":"type-product","3":"status-publish","4":"has-post-thumbnail","6":"product_cat-armani-exchange","7":"product_cat-ceasuri-barbati","8":"pa_brand-armani-exchange","9":"pa_braslet-otel-inoxidabil","10":"pa_corpus-46-mm","11":"pa_forma-rotund","12":"pa_funcii-semischelet","13":"pa_garatia-24-luni","14":"pa_korpus-negru","15":"pa_material-otel-inoxidabil","16":"pa_mehanizm-mecanic","17":"pa_mehanizm-mecanism-automatic","18":"pa_remeshok-negru","19":"pa_steklo-cristal-mineral","20":"pa_strana-italia","21":"pa_voda-5-atm","23":"first","24":"instock","25":"purchasable","26":"product-type-simple"},"acf":[],"_links":{"self":[{"href":"https:\/\/ceasuri.md\/ru\/wp-json\/wp\/v2\/product\/62614","targetHints":{"allow":["GET"]}}],"collection":[{"href":"https:\/\/ceasuri.md\/ru\/wp-json\/wp\/v2\/product"}],"about":[{"href":"https:\/\/ceasuri.md\/ru\/wp-json\/wp\/v2\/types\/product"}],"replies":[{"embeddable":true,"href":"https:\/\/ceasuri.md\/ru\/wp-json\/wp\/v2\/comments?post=62614"}],"wp:featuredmedia":[{"embeddable":true,"href":"https:\/\/ceasuri.md\/ru\/wp-json\/wp\/v2\/media\/62615"}],"wp:attachment":[{"href":"https:\/\/ceasuri.md\/ru\/wp-json\/wp\/v2\/media?parent=62614"}],"wp:term":[{"taxonomy":"product_brand","embeddable":true,"href":"https:\/\/ceasuri.md\/ru\/wp-json\/wp\/v2\/product_brand?post=62614"},{"taxonomy":"product_cat","embeddable":true,"href":"https:\/\/ceasuri.md\/ru\/wp-json\/wp\/v2\/product_cat?post=62614"},{"taxonomy":"product_tag","embeddable":true,"href":"https:\/\/ceasuri.md\/ru\/wp-json\/wp\/v2\/product_tag?post=62614"}],"curies":[{"name":"wp","href":"https:\/\/api.w.org\/{rel}","templated":true}]}}