{"id":62610,"date":"2026-04-03T01:35:16","date_gmt":"2026-04-02T22:35:16","guid":{"rendered":"http:\/\/new.ceasuri.md\/shop\/uncategorized\/armani-exchange-cayde-ax2701\/"},"modified":"2026-04-20T01:57:47","modified_gmt":"2026-04-19T22:57:47","slug":"armani-exchange-cayde-ax2701","status":"publish","type":"product","link":"https:\/\/ceasuri.md\/ru\/shop\/branduri\/armani-exchange\/armani-exchange-cayde-ax2701\/","title":{"rendered":"Ceas ARMANI EXCHANGE CAYDE AX2701"},"content":{"rendered":"<p>Acest model reprezint\u0103 un manifest al stilului modern \u0219i al \u00eencrederii, fiind creat pentru cei care nu doar urm\u0103resc moda, ci tr\u0103iesc \u00een ritmul ei. Aceste ceasuri b\u0103rba\u021bi combin\u0103 cu m\u0103iestrie relaxarea cotidian\u0103 cu o elegan\u021b\u0103 rafinat\u0103.<\/p>\n<p>Designul monocrom \u00eentr-o nuan\u021b\u0103 profund\u0103 de negru \u0219i carcasa din o\u021bel inoxidabil de \u00eenalt\u0103 calitate creeaz\u0103 o imagine unitar\u0103 \u0219i f\u0103r\u0103 compromisuri, care subliniaz\u0103 gustul impecabil al posesorului s\u0103u.<\/p>\n<p>Acest accesoriu elegant va deveni partenerul t\u0103u de \u00eencredere \u00een orice situa\u021bie, datorit\u0103 mecanismului precis cu cuar\u021b.<\/p>\n<p>Ergonomia br\u0103\u021b\u0103rii \u0219i \u00eenchiz\u0103toarea sigur\u0103 garanteaz\u0103 confortul pe tot parcursul zilei.<\/p>\n<p>Dac\u0103 e\u0219ti \u00een c\u0103utarea unui cadou perfect pentru un b\u0103rbat care apreciaz\u0103 calitatea \u0219i tendin\u021bele actuale, acest ceas original este alegerea ideal\u0103 pentru a eviden\u021bia statutul \u0219i aten\u021bia la detalii.<\/p>","protected":false},"excerpt":{"rendered":"<p>Acest model reprezint\u0103 un manifest al stilului modern \u0219i al \u00eencrederii, fiind creat pentru cei care nu doar urm\u0103resc moda, ci tr\u0103iesc \u00een ritmul ei. Aceste ceasuri b\u0103rba\u021bi combin\u0103 cu m\u0103iestrie relaxarea cotidian\u0103 cu o elegan\u021b\u0103 rafinat\u0103. Designul monocrom \u00eentr-o nuan\u021b\u0103 profund\u0103 de negru \u0219i carcasa din o\u021bel inoxidabil de \u00eenalt\u0103 calitate creeaz\u0103 o imagine [&hellip;]<\/p>\n","protected":false},"featured_media":62611,"comment_status":"closed","ping_status":"open","template":"","meta":{"_acf_changed":false},"product_brand":[],"product_cat":[615,20],"product_tag":[],"class_list":{"0":"post-62610","1":"product","2":"type-product","3":"status-publish","4":"has-post-thumbnail","6":"product_cat-armani-exchange","7":"product_cat-ceasuri-barbati","8":"pa_brand-armani-exchange","9":"pa_braslet-otel-inoxidabil","10":"pa_corpus-42-mm","11":"pa_forma-rotund","12":"pa_funcii-total-black","13":"pa_garatia-24-luni","14":"pa_korpus-negru","15":"pa_kvarc-quartz","16":"pa_material-otel-inoxidabil","17":"pa_mehanizm-quartz","18":"pa_remeshok-negru","19":"pa_steklo-cristal-mineral","20":"pa_strana-italia","21":"pa_voda-5-atm","23":"first","24":"instock","25":"purchasable","26":"product-type-simple"},"acf":[],"_links":{"self":[{"href":"https:\/\/ceasuri.md\/ru\/wp-json\/wp\/v2\/product\/62610","targetHints":{"allow":["GET"]}}],"collection":[{"href":"https:\/\/ceasuri.md\/ru\/wp-json\/wp\/v2\/product"}],"about":[{"href":"https:\/\/ceasuri.md\/ru\/wp-json\/wp\/v2\/types\/product"}],"replies":[{"embeddable":true,"href":"https:\/\/ceasuri.md\/ru\/wp-json\/wp\/v2\/comments?post=62610"}],"wp:featuredmedia":[{"embeddable":true,"href":"https:\/\/ceasuri.md\/ru\/wp-json\/wp\/v2\/media\/62611"}],"wp:attachment":[{"href":"https:\/\/ceasuri.md\/ru\/wp-json\/wp\/v2\/media?parent=62610"}],"wp:term":[{"taxonomy":"product_brand","embeddable":true,"href":"https:\/\/ceasuri.md\/ru\/wp-json\/wp\/v2\/product_brand?post=62610"},{"taxonomy":"product_cat","embeddable":true,"href":"https:\/\/ceasuri.md\/ru\/wp-json\/wp\/v2\/product_cat?post=62610"},{"taxonomy":"product_tag","embeddable":true,"href":"https:\/\/ceasuri.md\/ru\/wp-json\/wp\/v2\/product_tag?post=62610"}],"curies":[{"name":"wp","href":"https:\/\/api.w.org\/{rel}","templated":true}]}}