{"id":62605,"date":"2025-12-25T09:41:36","date_gmt":"2025-12-25T07:41:36","guid":{"rendered":"http:\/\/new.ceasuri.md\/shop\/uncategorized\/armani-exchange-cayde-ax2764\/"},"modified":"2026-05-01T19:56:52","modified_gmt":"2026-05-01T16:56:52","slug":"armani-exchange-cayde-ax2764","status":"publish","type":"product","link":"https:\/\/ceasuri.md\/ru\/shop\/branduri\/armani-exchange\/armani-exchange-cayde-ax2764\/","title":{"rendered":"\u0427\u0430\u0441\u044b ARMANI EXCHANGE CAYDE AX2764"},"content":{"rendered":"<p>Aceste ceasuri b\u0103rba\u021bi reprezint\u0103 etalonul simplit\u0103\u021bii rafinate \u0219i al minimalismului modern, fiind create pentru cei care apreciaz\u0103 designul laconic \u00een fiecare detaliu.<\/p>\n<p>Cadranul gri mat se armonizeaz\u0103 perfect cu cureaua din piele asortat\u0103, cre\u00e2nd o palet\u0103 monocrom\u0103 impecabil\u0103, care arat\u0103 \u00een acela\u0219i timp sobru \u0219i contemporan. Carcasa neagr\u0103 din o\u021bel adaug\u0103 un contrast subtil, dar expresiv, subliniind puritatea designului \u0219i estetica modelului.<\/p>\n<p>Acest accesoriu elegant \u00eembin\u0103 cu m\u0103iestrie func\u021bionalitatea modern\u0103 \u0219i discre\u021bia nobil\u0103.<\/p>\n<p>Datorit\u0103 designului s\u0103u versatil, acest ceas original va completa armonios orice \u021binut\u0103, sco\u021b\u00e2nd \u00een eviden\u021b\u0103 statutul \u0219i \u00eencrederea posesorului s\u0103u.<\/p>\n<p>Dac\u0103 sunte\u021bi \u00een c\u0103utarea unui cadou perfect pentru un b\u0103rbat cu un sim\u021b estetic rafinat, acest model va impresiona prin calitatea execu\u021biei \u0219i aspectul s\u0103u impecabil.<\/p>","protected":false},"excerpt":{"rendered":"<p>Aceste ceasuri b\u0103rba\u021bi reprezint\u0103 etalonul simplit\u0103\u021bii rafinate \u0219i al minimalismului modern, fiind create pentru cei care apreciaz\u0103 designul laconic \u00een fiecare detaliu. Cadranul gri mat se armonizeaz\u0103 perfect cu cureaua din piele asortat\u0103, cre\u00e2nd o palet\u0103 monocrom\u0103 impecabil\u0103, care arat\u0103 \u00een acela\u0219i timp sobru \u0219i contemporan. Carcasa neagr\u0103 din o\u021bel adaug\u0103 un contrast subtil, dar [&hellip;]<\/p>\n","protected":false},"featured_media":62606,"comment_status":"closed","ping_status":"open","template":"","meta":{"_acf_changed":false},"product_brand":[],"product_cat":[615,20],"product_tag":[],"class_list":{"0":"post-62605","1":"product","2":"type-product","3":"status-publish","4":"has-post-thumbnail","6":"product_cat-armani-exchange","7":"product_cat-ceasuri-barbati","8":"pa_brand-armani-exchange","9":"pa_braslet-piele","10":"pa_corpus-42-mm","11":"pa_forma-rotund","12":"pa_garatia-24-luni","13":"pa_korpus-negru","14":"pa_kvarc-quartz","15":"pa_material-otel-inoxidabil","16":"pa_mehanizm-quartz","17":"pa_remeshok-gri","18":"pa_steklo-cristal-mineral","19":"pa_strana-italia","20":"pa_voda-5-atm","22":"first","23":"instock","24":"purchasable","25":"product-type-simple"},"acf":[],"_links":{"self":[{"href":"https:\/\/ceasuri.md\/ru\/wp-json\/wp\/v2\/product\/62605","targetHints":{"allow":["GET"]}}],"collection":[{"href":"https:\/\/ceasuri.md\/ru\/wp-json\/wp\/v2\/product"}],"about":[{"href":"https:\/\/ceasuri.md\/ru\/wp-json\/wp\/v2\/types\/product"}],"replies":[{"embeddable":true,"href":"https:\/\/ceasuri.md\/ru\/wp-json\/wp\/v2\/comments?post=62605"}],"wp:featuredmedia":[{"embeddable":true,"href":"https:\/\/ceasuri.md\/ru\/wp-json\/wp\/v2\/media\/62606"}],"wp:attachment":[{"href":"https:\/\/ceasuri.md\/ru\/wp-json\/wp\/v2\/media?parent=62605"}],"wp:term":[{"taxonomy":"product_brand","embeddable":true,"href":"https:\/\/ceasuri.md\/ru\/wp-json\/wp\/v2\/product_brand?post=62605"},{"taxonomy":"product_cat","embeddable":true,"href":"https:\/\/ceasuri.md\/ru\/wp-json\/wp\/v2\/product_cat?post=62605"},{"taxonomy":"product_tag","embeddable":true,"href":"https:\/\/ceasuri.md\/ru\/wp-json\/wp\/v2\/product_tag?post=62605"}],"curies":[{"name":"wp","href":"https:\/\/api.w.org\/{rel}","templated":true}]}}