{"id":62600,"date":"2026-04-03T01:35:16","date_gmt":"2026-04-02T22:35:16","guid":{"rendered":"http:\/\/new.ceasuri.md\/shop\/uncategorized\/armani-exchange-cayde-ax2765\/"},"modified":"2026-04-20T01:57:48","modified_gmt":"2026-04-19T22:57:48","slug":"armani-exchange-cayde-ax2765","status":"publish","type":"product","link":"https:\/\/ceasuri.md\/ru\/shop\/branduri\/armani-exchange\/armani-exchange-cayde-ax2765\/","title":{"rendered":"\u0427\u0430\u0441\u044b ARMANI EXCHANGE CAYDE AX2765"},"content":{"rendered":"<p>Acest model reprezint\u0103 o combina\u021bie rafinat\u0103 \u00eentre simplitatea modern\u0103 \u0219i originalitatea cromatic\u0103, fiind creat pentru cei care apreciaz\u0103 echilibrul dintre stilul clasic \u0219i tendin\u021bele actuale.<\/p>\n<p>Carcasa din o\u021bel aurie, completat\u0103 de un cadran verde mat, creeaz\u0103 un aspect sofisticat care subliniaz\u0103 \u00eencrederea \u0219i gustul impecabil al posesorului s\u0103u. Liniile clare ale designului cu trei ace scot \u00een eviden\u021b\u0103 o simplitate nobil\u0103, transform\u00e2nd aceste Ceasuri B\u0103rba\u021bi \u00eentr-un accesoriu elegant deosebit.<\/p>\n<p>Cureaua texturat\u0103 de culoare verde atrage aten\u021bia \u00een mod deosebit, ad\u0103ug\u00e2nd volum \u0219i un contrast spectaculos \u00eentregului ansamblu. Acest ceas original este alegerea ideal\u0103 pentru cei care caut\u0103 armonia \u00een detalii \u0219i fiabilitatea execu\u021biei.<\/p>\n<p>Dac\u0103 sunte\u021bi \u00een c\u0103utarea unui cadou perfect, acest model va impresiona prin calitatea sa \u0219i stilul unic, devenind un partener de \u00eencredere \u0219i un simbol al statutului pentru orice ocazie.<\/p>","protected":false},"excerpt":{"rendered":"<p>Acest model reprezint\u0103 o combina\u021bie rafinat\u0103 \u00eentre simplitatea modern\u0103 \u0219i originalitatea cromatic\u0103, fiind creat pentru cei care apreciaz\u0103 echilibrul dintre stilul clasic \u0219i tendin\u021bele actuale. Carcasa din o\u021bel aurie, completat\u0103 de un cadran verde mat, creeaz\u0103 un aspect sofisticat care subliniaz\u0103 \u00eencrederea \u0219i gustul impecabil al posesorului s\u0103u. Liniile clare ale designului cu trei ace [&hellip;]<\/p>\n","protected":false},"featured_media":62601,"comment_status":"closed","ping_status":"open","template":"","meta":{"_acf_changed":false},"product_brand":[],"product_cat":[615,20],"product_tag":[],"class_list":{"0":"post-62600","1":"product","2":"type-product","3":"status-publish","4":"has-post-thumbnail","6":"product_cat-armani-exchange","7":"product_cat-ceasuri-barbati","8":"pa_brand-armani-exchange","9":"pa_braslet-piele-textile","10":"pa_corpus-42-mm","11":"pa_forma-rotund","12":"pa_garatia-24-luni","13":"pa_korpus-auriu","14":"pa_kvarc-quartz","15":"pa_material-otel-inoxidabil","16":"pa_mehanizm-quartz","17":"pa_remeshok-verde","18":"pa_steklo-cristal-mineral","19":"pa_strana-italia","20":"pa_voda-5-atm","22":"first","23":"instock","24":"purchasable","25":"product-type-simple"},"acf":[],"_links":{"self":[{"href":"https:\/\/ceasuri.md\/ru\/wp-json\/wp\/v2\/product\/62600","targetHints":{"allow":["GET"]}}],"collection":[{"href":"https:\/\/ceasuri.md\/ru\/wp-json\/wp\/v2\/product"}],"about":[{"href":"https:\/\/ceasuri.md\/ru\/wp-json\/wp\/v2\/types\/product"}],"replies":[{"embeddable":true,"href":"https:\/\/ceasuri.md\/ru\/wp-json\/wp\/v2\/comments?post=62600"}],"wp:featuredmedia":[{"embeddable":true,"href":"https:\/\/ceasuri.md\/ru\/wp-json\/wp\/v2\/media\/62601"}],"wp:attachment":[{"href":"https:\/\/ceasuri.md\/ru\/wp-json\/wp\/v2\/media?parent=62600"}],"wp:term":[{"taxonomy":"product_brand","embeddable":true,"href":"https:\/\/ceasuri.md\/ru\/wp-json\/wp\/v2\/product_brand?post=62600"},{"taxonomy":"product_cat","embeddable":true,"href":"https:\/\/ceasuri.md\/ru\/wp-json\/wp\/v2\/product_cat?post=62600"},{"taxonomy":"product_tag","embeddable":true,"href":"https:\/\/ceasuri.md\/ru\/wp-json\/wp\/v2\/product_tag?post=62600"}],"curies":[{"name":"wp","href":"https:\/\/api.w.org\/{rel}","templated":true}]}}