{"id":62595,"date":"2026-04-03T01:35:16","date_gmt":"2026-04-02T22:35:16","guid":{"rendered":"http:\/\/new.ceasuri.md\/shop\/uncategorized\/armani-exchange-parker-ax2862\/"},"modified":"2026-04-20T01:57:48","modified_gmt":"2026-04-19T22:57:48","slug":"armani-exchange-parker-ax2862","status":"publish","type":"product","link":"https:\/\/ceasuri.md\/ru\/shop\/branduri\/armani-exchange\/armani-exchange-parker-ax2862\/","title":{"rendered":"\u0427\u0430\u0441\u044b ARMANI EXCHANGE PARKER AX2862"},"content":{"rendered":"<p>Aceste ceasuri b\u0103rba\u021bi vor deveni un accent expresiv \u00een imaginea b\u0103rbatului modern, care apreciaz\u0103 echilibrul dintre stilul clasic \u0219i cel sportiv.<\/p>\n<p>Elementul central al modelului este cadranul verde cu efect \u201esunray\u201d, care ofer\u0103 accesoriului o profunzime aparte \u0219i o str\u0103lucire nobil\u0103 la fiecare mi\u0219care a m\u00e2inii.<\/p>\n<p>\u00cen combina\u021bie cu br\u0103\u021bara durabil\u0103 din o\u021bel inoxidabil, acest accesoriu elegant \u00eembin\u0103 armonios fiabilitatea \u0219i estetica rafinat\u0103.<\/p>\n<p>Mecanismul cronograf adaug\u0103 func\u021bionalitate \u0219i subliniaz\u0103 caracterul dinamic al piesei, fiind ideal pentru un ritm de via\u021b\u0103 activ.<\/p>\n<p>Acest ceas original este mai mult dec\u00e2t un simplu instrument de m\u0103surare a timpului; este o reflectare a statutului \u0219i a gustului impecabil al posesorului s\u0103u.<\/p>","protected":false},"excerpt":{"rendered":"<p>Aceste ceasuri b\u0103rba\u021bi vor deveni un accent expresiv \u00een imaginea b\u0103rbatului modern, care apreciaz\u0103 echilibrul dintre stilul clasic \u0219i cel sportiv. Elementul central al modelului este cadranul verde cu efect \u201esunray\u201d, care ofer\u0103 accesoriului o profunzime aparte \u0219i o str\u0103lucire nobil\u0103 la fiecare mi\u0219care a m\u00e2inii. \u00cen combina\u021bie cu br\u0103\u021bara durabil\u0103 din o\u021bel inoxidabil, acest [&hellip;]<\/p>\n","protected":false},"featured_media":62596,"comment_status":"closed","ping_status":"open","template":"","meta":{"_acf_changed":false},"product_brand":[],"product_cat":[615,20],"product_tag":[],"class_list":{"0":"post-62595","1":"product","2":"type-product","3":"status-publish","4":"has-post-thumbnail","6":"product_cat-armani-exchange","7":"product_cat-ceasuri-barbati","8":"pa_brand-armani-exchange","9":"pa_braslet-otel-inoxidabil","10":"pa_corpus-42-mm","11":"pa_forma-rotund","12":"pa_funcii-cronograf","13":"pa_funcii-data","14":"pa_funcii-tahimetru","15":"pa_garatia-24-luni","16":"pa_korpus-argintiu","17":"pa_kvarc-quartz","18":"pa_material-otel-inoxidabil","19":"pa_mehanizm-quartz","20":"pa_remeshok-argintiu","21":"pa_steklo-cristal-mineral","22":"pa_strana-italia","23":"pa_voda-5-atm","25":"first","26":"instock","27":"purchasable","28":"product-type-simple"},"acf":[],"_links":{"self":[{"href":"https:\/\/ceasuri.md\/ru\/wp-json\/wp\/v2\/product\/62595","targetHints":{"allow":["GET"]}}],"collection":[{"href":"https:\/\/ceasuri.md\/ru\/wp-json\/wp\/v2\/product"}],"about":[{"href":"https:\/\/ceasuri.md\/ru\/wp-json\/wp\/v2\/types\/product"}],"replies":[{"embeddable":true,"href":"https:\/\/ceasuri.md\/ru\/wp-json\/wp\/v2\/comments?post=62595"}],"wp:featuredmedia":[{"embeddable":true,"href":"https:\/\/ceasuri.md\/ru\/wp-json\/wp\/v2\/media\/62596"}],"wp:attachment":[{"href":"https:\/\/ceasuri.md\/ru\/wp-json\/wp\/v2\/media?parent=62595"}],"wp:term":[{"taxonomy":"product_brand","embeddable":true,"href":"https:\/\/ceasuri.md\/ru\/wp-json\/wp\/v2\/product_brand?post=62595"},{"taxonomy":"product_cat","embeddable":true,"href":"https:\/\/ceasuri.md\/ru\/wp-json\/wp\/v2\/product_cat?post=62595"},{"taxonomy":"product_tag","embeddable":true,"href":"https:\/\/ceasuri.md\/ru\/wp-json\/wp\/v2\/product_tag?post=62595"}],"curies":[{"name":"wp","href":"https:\/\/api.w.org\/{rel}","templated":true}]}}