{"id":62589,"date":"2026-04-03T01:35:16","date_gmt":"2026-04-02T22:35:16","guid":{"rendered":"http:\/\/new.ceasuri.md\/shop\/uncategorized\/armani-exchange-sync-ax4173\/"},"modified":"2026-04-17T15:42:24","modified_gmt":"2026-04-17T12:42:24","slug":"armani-exchange-sync-ax4173","status":"publish","type":"product","link":"https:\/\/ceasuri.md\/ru\/shop\/branduri\/armani-exchange\/armani-exchange-sync-ax4173\/","title":{"rendered":"Ceas ARMANI EXCHANGE SYNC AX4173"},"content":{"rendered":"<p>Aceste ceasuri b\u0103rba\u021bi Sync reprezint\u0103 un manifest al esteticii sportive moderne \u0219i al stilului dinamic, fiind create pentru cei care apreciaz\u0103 individualitatea \u0219i solu\u021biile vizuale \u00eendr\u0103zne\u021be.<\/p>\n<p>Cadranul multicolor mat creeaz\u0103 un contrast izbitor cu carcasa neagr\u0103 din nylon \u0219i cureaua asortat\u0103 din silicon, oferind un aspect contemporan \u0219i tehnologizat. Carcasa rotund\u0103 de mari dimensiuni subliniaz\u0103 caracterul hot\u0103r\u00e2t al acestui accesoriu, transform\u00e2ndu-l \u00eentr-un element distinctiv al oric\u0103rei garderobe.<\/p>\n<p>Combina\u021bia armonioas\u0103 dintre design \u0219i func\u021bionalitate face din acest model un accesoriu elegant indispensabil.<\/p>\n<p>Sub-cadranele cronografului adaug\u0103 precizie \u0219i utilitate, p\u0103str\u00e2nd \u00een acela\u0219i timp fluiditatea formelor. Acest ceas original asigur\u0103 o fixare sigur\u0103 pe \u00eencheietur\u0103 \u0219i confort maxim pe parcursul \u00eentregii zile, fiind ideal pentru un ritm de via\u021b\u0103 activ.<\/p>\n<p>Dac\u0103 sunte\u021bi \u00een c\u0103utarea unui cadou perfect pentru un b\u0103rbat conectat la ultimele tendin\u021be, acest model este alegerea ideal\u0103 care va scoate \u00een eviden\u021b\u0103 rafinamentul posesorului s\u0103u.<\/p>","protected":false},"excerpt":{"rendered":"<p>Aceste ceasuri b\u0103rba\u021bi Sync reprezint\u0103 un manifest al esteticii sportive moderne \u0219i al stilului dinamic, fiind create pentru cei care apreciaz\u0103 individualitatea \u0219i solu\u021biile vizuale \u00eendr\u0103zne\u021be. Cadranul multicolor mat creeaz\u0103 un contrast izbitor cu carcasa neagr\u0103 din nylon \u0219i cureaua asortat\u0103 din silicon, oferind un aspect contemporan \u0219i tehnologizat. Carcasa rotund\u0103 de mari dimensiuni subliniaz\u0103 [&hellip;]<\/p>\n","protected":false},"featured_media":62590,"comment_status":"closed","ping_status":"open","template":"","meta":{"_acf_changed":false},"product_brand":[],"product_cat":[615,20],"product_tag":[],"class_list":{"0":"post-62589","1":"product","2":"type-product","3":"status-publish","4":"has-post-thumbnail","6":"product_cat-armani-exchange","7":"product_cat-ceasuri-barbati","8":"pa_brand-armani-exchange","9":"pa_braslet-silicon","10":"pa_corpus-44-mm","11":"pa_forma-rotund","12":"pa_funcii-cronograf","13":"pa_funcii-data","14":"pa_garatia-24-luni","15":"pa_korpus-negru","16":"pa_kvarc-quartz","17":"pa_material-plastic","18":"pa_mehanizm-quartz","19":"pa_remeshok-negru","20":"pa_steklo-cristal-mineral","21":"pa_strana-italia","22":"pa_voda-5-atm","24":"first","25":"instock","26":"purchasable","27":"product-type-simple"},"acf":[],"_links":{"self":[{"href":"https:\/\/ceasuri.md\/ru\/wp-json\/wp\/v2\/product\/62589","targetHints":{"allow":["GET"]}}],"collection":[{"href":"https:\/\/ceasuri.md\/ru\/wp-json\/wp\/v2\/product"}],"about":[{"href":"https:\/\/ceasuri.md\/ru\/wp-json\/wp\/v2\/types\/product"}],"replies":[{"embeddable":true,"href":"https:\/\/ceasuri.md\/ru\/wp-json\/wp\/v2\/comments?post=62589"}],"wp:featuredmedia":[{"embeddable":true,"href":"https:\/\/ceasuri.md\/ru\/wp-json\/wp\/v2\/media\/62590"}],"wp:attachment":[{"href":"https:\/\/ceasuri.md\/ru\/wp-json\/wp\/v2\/media?parent=62589"}],"wp:term":[{"taxonomy":"product_brand","embeddable":true,"href":"https:\/\/ceasuri.md\/ru\/wp-json\/wp\/v2\/product_brand?post=62589"},{"taxonomy":"product_cat","embeddable":true,"href":"https:\/\/ceasuri.md\/ru\/wp-json\/wp\/v2\/product_cat?post=62589"},{"taxonomy":"product_tag","embeddable":true,"href":"https:\/\/ceasuri.md\/ru\/wp-json\/wp\/v2\/product_tag?post=62589"}],"curies":[{"name":"wp","href":"https:\/\/api.w.org\/{rel}","templated":true}]}}