{"id":62584,"date":"2026-04-03T01:34:13","date_gmt":"2026-04-02T22:34:13","guid":{"rendered":"http:\/\/new.ceasuri.md\/shop\/uncategorized\/armani-exchange-sync-ax4184\/"},"modified":"2026-04-15T21:27:09","modified_gmt":"2026-04-15T18:27:09","slug":"armani-exchange-sync-ax4184","status":"publish","type":"product","link":"https:\/\/ceasuri.md\/ru\/shop\/branduri\/armani-exchange\/armani-exchange-sync-ax4184\/","title":{"rendered":"Ceas ARMANI EXCHANGE SYNC AX4184"},"content":{"rendered":"<p>Aceste ceasuri b\u0103rba\u021bi reprezint\u0103 o interpretare modern\u0103 a cronografului clasic, unde stilul \u00eendr\u0103zne\u021b se \u00eembin\u0103 armonios cu precizia impecabil\u0103.<\/p>\n<p>Piesa central\u0103 a acestui model este cadranul vibrant de culoare verde cu efect \u201esunray\u201d, care ofer\u0103 reflexii spectaculoase sub cristalul mineral durabil.<\/p>\n<p>Br\u0103\u021bara bicolor\u0103 din o\u021bel inoxidabil, ce \u00eembin\u0103 nuan\u021be de aur galben \u0219i roz, ofer\u0103 un aspect vizual captivant \u0219i sofisticat, transform\u00e2nd ceasul \u00eentr-o pies\u0103 de rezisten\u021b\u0103.<\/p>\n<p>Un astfel de accesoriu elegant va deveni elementul cheie al garderobei de sezon, subliniind individualitatea \u0219i \u00eencrederea posesorului s\u0103u.<\/p>\n<p>Acest ceas original este creat pentru cei care apreciaz\u0103 func\u021bionalitatea \u0219i doresc s\u0103 ias\u0103 \u00een eviden\u021b\u0103, p\u0103str\u00e2nd \u00een acela\u0219i timp standardele \u00eenalte de calitate.<\/p>\n<p>Dac\u0103 sunte\u021bi \u00een c\u0103utarea unui cadou perfect pentru un b\u0103rbat pasionat de tendin\u021bele actuale, acest cronograf va impresiona prin designul s\u0103u remarcabil \u0219i fiabilitatea mecanismului s\u0103u.<\/p>","protected":false},"excerpt":{"rendered":"<p>Aceste ceasuri b\u0103rba\u021bi reprezint\u0103 o interpretare modern\u0103 a cronografului clasic, unde stilul \u00eendr\u0103zne\u021b se \u00eembin\u0103 armonios cu precizia impecabil\u0103. Piesa central\u0103 a acestui model este cadranul vibrant de culoare verde cu efect \u201esunray\u201d, care ofer\u0103 reflexii spectaculoase sub cristalul mineral durabil. Br\u0103\u021bara bicolor\u0103 din o\u021bel inoxidabil, ce \u00eembin\u0103 nuan\u021be de aur galben \u0219i roz, ofer\u0103 [&hellip;]<\/p>\n","protected":false},"featured_media":62585,"comment_status":"closed","ping_status":"open","template":"","meta":{"_acf_changed":false},"product_brand":[],"product_cat":[615,20],"product_tag":[],"class_list":{"0":"post-62584","1":"product","2":"type-product","3":"status-publish","4":"has-post-thumbnail","6":"product_cat-armani-exchange","7":"product_cat-ceasuri-barbati","8":"pa_brand-armani-exchange","9":"pa_braslet-otel-inoxidabil","10":"pa_corpus-42-mm","11":"pa_forma-rotund","12":"pa_funcii-cronograf","13":"pa_funcii-data","14":"pa_garatia-24-luni","15":"pa_korpus-bicolor","16":"pa_kvarc-quartz","17":"pa_material-otel-inoxidabil","18":"pa_mehanizm-quartz","19":"pa_remeshok-bicolor","20":"pa_steklo-cristal-mineral","21":"pa_strana-italia","22":"pa_voda-5-atm","24":"first","25":"instock","26":"purchasable","27":"product-type-simple"},"acf":[],"_links":{"self":[{"href":"https:\/\/ceasuri.md\/ru\/wp-json\/wp\/v2\/product\/62584","targetHints":{"allow":["GET"]}}],"collection":[{"href":"https:\/\/ceasuri.md\/ru\/wp-json\/wp\/v2\/product"}],"about":[{"href":"https:\/\/ceasuri.md\/ru\/wp-json\/wp\/v2\/types\/product"}],"replies":[{"embeddable":true,"href":"https:\/\/ceasuri.md\/ru\/wp-json\/wp\/v2\/comments?post=62584"}],"wp:featuredmedia":[{"embeddable":true,"href":"https:\/\/ceasuri.md\/ru\/wp-json\/wp\/v2\/media\/62585"}],"wp:attachment":[{"href":"https:\/\/ceasuri.md\/ru\/wp-json\/wp\/v2\/media?parent=62584"}],"wp:term":[{"taxonomy":"product_brand","embeddable":true,"href":"https:\/\/ceasuri.md\/ru\/wp-json\/wp\/v2\/product_brand?post=62584"},{"taxonomy":"product_cat","embeddable":true,"href":"https:\/\/ceasuri.md\/ru\/wp-json\/wp\/v2\/product_cat?post=62584"},{"taxonomy":"product_tag","embeddable":true,"href":"https:\/\/ceasuri.md\/ru\/wp-json\/wp\/v2\/product_tag?post=62584"}],"curies":[{"name":"wp","href":"https:\/\/api.w.org\/{rel}","templated":true}]}}