{"id":62579,"date":"2026-04-03T01:34:13","date_gmt":"2026-04-02T22:34:13","guid":{"rendered":"http:\/\/new.ceasuri.md\/shop\/uncategorized\/armani-exchange-sync-ax4194\/"},"modified":"2026-04-20T01:57:50","modified_gmt":"2026-04-19T22:57:50","slug":"armani-exchange-sync-ax4194","status":"publish","type":"product","link":"https:\/\/ceasuri.md\/ru\/shop\/branduri\/armani-exchange\/armani-exchange-sync-ax4194\/","title":{"rendered":"\u0427\u0430\u0441\u044b ARMANI EXCHANGE SYNC AX4194"},"content":{"rendered":"<p>Aceste ceasuri b\u0103rba\u021bi reprezint\u0103 echilibrul perfect \u00eentre luxul clasic \u0219i minimalismul modern.<\/p>\n<p>Cadranul negru mat creeaz\u0103 un contrast profund \u0219i spectaculos cu br\u0103\u021bara din o\u021bel aurie \u0219i carcasa rotund\u0103 asortat\u0103, subliniind stilul hot\u0103r\u00e2t al posesorului s\u0103u.<\/p>\n<p>Inima acestui accesoriu este un mecanism automat precis, care combin\u0103 tradi\u021biile \u00eendelungate ale artei orologere cu tehnologia de \u00eenalt\u0103 precizie.<\/p>\n<p>Detaliile minimaliste scot \u00een eviden\u021b\u0103 estetica curat\u0103 a modelului, transform\u00e2ndu-l \u00eentr-un accesoriu elegant cu adev\u0103rat special.<\/p>\n<p>Datorit\u0103 \u00eenchiz\u0103toarei pliabile sigure cu dou\u0103 butoane, acest ceas original asigur\u0103 o fixare impecabil\u0103 pe \u00eencheietur\u0103, garant\u00e2nd confort pe tot parcursul zilei.<\/p>\n<p>Dac\u0103 sunte\u021bi \u00een c\u0103utarea unui cadou perfect pentru un b\u0103rbat care apreciaz\u0103 fiabilitatea mecanic\u0103 \u0219i designul rafinat, acest model este alegerea ideal\u0103.<\/p>","protected":false},"excerpt":{"rendered":"<p>Aceste ceasuri b\u0103rba\u021bi reprezint\u0103 echilibrul perfect \u00eentre luxul clasic \u0219i minimalismul modern. Cadranul negru mat creeaz\u0103 un contrast profund \u0219i spectaculos cu br\u0103\u021bara din o\u021bel aurie \u0219i carcasa rotund\u0103 asortat\u0103, subliniind stilul hot\u0103r\u00e2t al posesorului s\u0103u. Inima acestui accesoriu este un mecanism automat precis, care combin\u0103 tradi\u021biile \u00eendelungate ale artei orologere cu tehnologia de \u00eenalt\u0103 [&hellip;]<\/p>\n","protected":false},"featured_media":62580,"comment_status":"closed","ping_status":"open","template":"","meta":{"_acf_changed":false},"product_brand":[],"product_cat":[615,20],"product_tag":[],"class_list":{"0":"post-62579","1":"product","2":"type-product","3":"status-publish","4":"has-post-thumbnail","6":"product_cat-armani-exchange","7":"product_cat-ceasuri-barbati","8":"pa_brand-armani-exchange","9":"pa_braslet-otel-inoxidabil","10":"pa_corpus-44-mm","11":"pa_forma-rotund","12":"pa_funcii-offset-second-hand","13":"pa_funcii-schelet","14":"pa_garatia-24-luni","15":"pa_korpus-auriu","16":"pa_material-otel-inoxidabil","17":"pa_mehanizm-mecanic","18":"pa_mehanizm-mecanism-automatic","19":"pa_remeshok-auriu","20":"pa_steklo-cristal-mineral","21":"pa_strana-italia","22":"pa_voda-5-atm","24":"first","25":"instock","26":"purchasable","27":"product-type-simple"},"acf":[],"_links":{"self":[{"href":"https:\/\/ceasuri.md\/ru\/wp-json\/wp\/v2\/product\/62579","targetHints":{"allow":["GET"]}}],"collection":[{"href":"https:\/\/ceasuri.md\/ru\/wp-json\/wp\/v2\/product"}],"about":[{"href":"https:\/\/ceasuri.md\/ru\/wp-json\/wp\/v2\/types\/product"}],"replies":[{"embeddable":true,"href":"https:\/\/ceasuri.md\/ru\/wp-json\/wp\/v2\/comments?post=62579"}],"wp:featuredmedia":[{"embeddable":true,"href":"https:\/\/ceasuri.md\/ru\/wp-json\/wp\/v2\/media\/62580"}],"wp:attachment":[{"href":"https:\/\/ceasuri.md\/ru\/wp-json\/wp\/v2\/media?parent=62579"}],"wp:term":[{"taxonomy":"product_brand","embeddable":true,"href":"https:\/\/ceasuri.md\/ru\/wp-json\/wp\/v2\/product_brand?post=62579"},{"taxonomy":"product_cat","embeddable":true,"href":"https:\/\/ceasuri.md\/ru\/wp-json\/wp\/v2\/product_cat?post=62579"},{"taxonomy":"product_tag","embeddable":true,"href":"https:\/\/ceasuri.md\/ru\/wp-json\/wp\/v2\/product_tag?post=62579"}],"curies":[{"name":"wp","href":"https:\/\/api.w.org\/{rel}","templated":true}]}}